{"id":741504,"date":"2025-08-28T00:50:57","date_gmt":"2025-08-27T21:50:57","guid":{"rendered":"https:\/\/roveyayinevi.com.tr\/index.php\/urun\/harleen-birinci-kitap\/"},"modified":"2026-03-22T03:04:57","modified_gmt":"2026-03-22T00:04:57","slug":"harleen-birinci-kitap","status":"publish","type":"product","link":"https:\/\/roveyayinevi.com.tr\/index.php\/urun\/harleen-birinci-kitap\/","title":{"rendered":"Harleen Birinci Kitap"},"content":{"rendered":"<p>&#8220;Cehenneme Giden Yol, \u0130yi Niyet Ta\u015flar\u0131 \u0130le D\u00f6\u015fenmi\u015ftir. &#8220;O Yolda, Solgun Renkli Bir Adam G\u00f6rd\u00fcm. &#8220;Ve O Adam, Bana G\u00fcl\u00fcmsedi&#8230;&#8221;Gotham&#8217;\u0131n Delili\u011fine \u00c7are Buldu\u011funa I\u0307nanan Gen\u00e7 Ve Zeki Psikiyatr Dr. Harleen Qu\u0131nzel, \u015eehri Kendinden Korumak I\u0307\u00e7in S\u0131k\u0131 \u00d6nlemler Al\u0131yor. Be\u011feni Toplayan \u00d6yk\u00fcc\u00fc Stjepan Sej\u0131c (Aquaman: Underworld, Sunstone) Taraf\u0131ndan Haz\u0131rlanan Ve Harley \u0130le Joker&#8217;in \u00c7arp\u0131k Ve Trajik A\u015fk\u0131n\u0131 Ele Alan Bu B\u00fcy\u00fcleyici Yeni Hikayede, Efsanevi S\u00fcper K\u00f6t\u00fc Harley Qu\u0131nn&#8217;in Do\u011fu\u015funa Tan\u0131k Olun. (Tan\u0131t\u0131m B\u00fclteninden) <\/p>\n","protected":false},"excerpt":{"rendered":"<p>&#8220;Cehenneme Giden Yol, \u0130yi Niyet Ta\u015flar\u0131 \u0130le D\u00f6\u015fenmi\u015ftir. &#8220;O Yolda, Solgun Renkli Bir Adam G\u00f6rd\u00fcm. &#8220;Ve O Adam, Bana G\u00fcl\u00fcmsedi&#8230;&#8221;Gotham&#8217;\u0131n Delili\u011fine \u00c7are Buldu\u011funa I\u0307nanan Gen\u00e7 Ve<span class=\"excerpt-hellip\"> [\u2026]<\/span><\/p>\n","protected":false},"featured_media":0,"template":"","meta":{"_monsterinsights_skip_tracking":false,"_monsterinsights_sitenote_active":false,"_monsterinsights_sitenote_note":"","_monsterinsights_sitenote_category":0},"product_brand":[],"product_cat":[12416,12291],"product_tag":[],"class_list":{"0":"post-741504","1":"product","2":"type-product","3":"status-publish","5":"product_cat-cizgi-roman","6":"product_cat-edebiyat","7":"pa_cilt-ciltsiz","8":"pa_tur-kitap","9":"pa_yayinevi-jbc-yayincilik","10":"pa_yazar-stjepan-sejic","12":"first","13":"instock","14":"sale","15":"shipping-taxable","16":"purchasable","17":"product-type-simple"},"_links":{"self":[{"href":"https:\/\/roveyayinevi.com.tr\/index.php\/wp-json\/wp\/v2\/product\/741504","targetHints":{"allow":["GET"]}}],"collection":[{"href":"https:\/\/roveyayinevi.com.tr\/index.php\/wp-json\/wp\/v2\/product"}],"about":[{"href":"https:\/\/roveyayinevi.com.tr\/index.php\/wp-json\/wp\/v2\/types\/product"}],"wp:attachment":[{"href":"https:\/\/roveyayinevi.com.tr\/index.php\/wp-json\/wp\/v2\/media?parent=741504"}],"wp:term":[{"taxonomy":"product_brand","embeddable":true,"href":"https:\/\/roveyayinevi.com.tr\/index.php\/wp-json\/wp\/v2\/product_brand?post=741504"},{"taxonomy":"product_cat","embeddable":true,"href":"https:\/\/roveyayinevi.com.tr\/index.php\/wp-json\/wp\/v2\/product_cat?post=741504"},{"taxonomy":"product_tag","embeddable":true,"href":"https:\/\/roveyayinevi.com.tr\/index.php\/wp-json\/wp\/v2\/product_tag?post=741504"}],"curies":[{"name":"wp","href":"https:\/\/api.w.org\/{rel}","templated":true}]}}