{"id":741499,"date":"2025-08-28T00:50:52","date_gmt":"2025-08-27T21:50:52","guid":{"rendered":"https:\/\/roveyayinevi.com.tr\/index.php\/urun\/bankalarin-sahiplik-yapisi-ile-finansal-performans-arasindaki-iliski-turkiye-icin-ampirik-bir-arastirma\/"},"modified":"2026-04-16T02:52:42","modified_gmt":"2026-04-15T23:52:42","slug":"bankalarin-sahiplik-yapisi-ile-finansal-performans-arasindaki-iliski-turkiye-icin-ampirik-bir-arastirma","status":"publish","type":"product","link":"https:\/\/roveyayinevi.com.tr\/index.php\/urun\/bankalarin-sahiplik-yapisi-ile-finansal-performans-arasindaki-iliski-turkiye-icin-ampirik-bir-arastirma\/","title":{"rendered":"Bankalar\u0131n Sahiplik Yap\u0131s\u0131 \u0130le Finansal Performans Aras\u0131ndaki \u0130li\u015fki: T\u00fcrkiye \u0130\u00e7in Ampirik Bir Ara\u015ft\u0131rma"},"content":{"rendered":"<p>\u0130\u00e7indekiler   B\u00d6L\u00dcM 1: SAH\u0130PL\u0130K, SAH\u0130PL\u0130K YAPISI VE ARA\u015eTIRMANIN TEMEL KAVRAMLARI   B\u00d6L\u00dcM 2: KURUMSAL Y\u00d6NET\u0130M, BANKALARDAK\u0130 UYGULAMALARI VE SAH\u0130PL\u0130K YAPISI \u0130L\u0130\u015eK\u0130S\u0130NE Y\u00d6NEL\u0130K KAVRAMSAL \u00c7ER\u00c7EVEVE   B\u00d6L\u00dcM 3: ARA\u015eTIRMANIN TEMEL TEOR\u0130LER\u0130 VE L\u0130TERAT\u00dcR TARAMASI   B\u00d6L\u00dcM 4: BANKALARIN SAH\u0130PL\u0130K YAPISI \u0130LE BANKA PERFORMANSI \u0130L\u0130\u015eK\u0130S\u0130: T\u00dcRK\u0130YE \u0130\u00c7\u0130N AMP\u0130R\u0130K B\u0130R ARA\u015eTIRMA   <\/p>\n","protected":false},"excerpt":{"rendered":"<p>\u0130\u00e7indekiler B\u00d6L\u00dcM 1: SAH\u0130PL\u0130K, SAH\u0130PL\u0130K YAPISI VE ARA\u015eTIRMANIN TEMEL KAVRAMLARI B\u00d6L\u00dcM 2: KURUMSAL Y\u00d6NET\u0130M, BANKALARDAK\u0130 UYGULAMALARI VE SAH\u0130PL\u0130K YAPISI \u0130L\u0130\u015eK\u0130S\u0130NE Y\u00d6NEL\u0130K KAVRAMSAL \u00c7ER\u00c7EVEVE B\u00d6L\u00dcM 3: ARA\u015eTIRMANIN<span class=\"excerpt-hellip\"> [\u2026]<\/span><\/p>\n","protected":false},"featured_media":0,"template":"","meta":{"_monsterinsights_skip_tracking":false,"_monsterinsights_sitenote_active":false,"_monsterinsights_sitenote_note":"","_monsterinsights_sitenote_category":0},"product_brand":[],"product_cat":[12573,12566],"product_tag":[],"class_list":{"0":"post-741499","1":"product","2":"type-product","3":"status-publish","5":"product_cat-akademik-kitaplar","6":"product_cat-egitim","7":"pa_cilt-ciltsiz","8":"pa_tur-kitap","9":"pa_yayinevi-gazi-kitabevi","10":"pa_yazar-mustafa-kevser","12":"first","13":"instock","14":"sale","15":"shipping-taxable","16":"purchasable","17":"product-type-simple"},"_links":{"self":[{"href":"https:\/\/roveyayinevi.com.tr\/index.php\/wp-json\/wp\/v2\/product\/741499","targetHints":{"allow":["GET"]}}],"collection":[{"href":"https:\/\/roveyayinevi.com.tr\/index.php\/wp-json\/wp\/v2\/product"}],"about":[{"href":"https:\/\/roveyayinevi.com.tr\/index.php\/wp-json\/wp\/v2\/types\/product"}],"wp:attachment":[{"href":"https:\/\/roveyayinevi.com.tr\/index.php\/wp-json\/wp\/v2\/media?parent=741499"}],"wp:term":[{"taxonomy":"product_brand","embeddable":true,"href":"https:\/\/roveyayinevi.com.tr\/index.php\/wp-json\/wp\/v2\/product_brand?post=741499"},{"taxonomy":"product_cat","embeddable":true,"href":"https:\/\/roveyayinevi.com.tr\/index.php\/wp-json\/wp\/v2\/product_cat?post=741499"},{"taxonomy":"product_tag","embeddable":true,"href":"https:\/\/roveyayinevi.com.tr\/index.php\/wp-json\/wp\/v2\/product_tag?post=741499"}],"curies":[{"name":"wp","href":"https:\/\/api.w.org\/{rel}","templated":true}]}}