{"id":741497,"date":"2025-08-28T00:50:50","date_gmt":"2025-08-27T21:50:50","guid":{"rendered":"https:\/\/roveyayinevi.com.tr\/index.php\/urun\/yol-dergi-10-sayi\/"},"modified":"2026-04-16T02:52:42","modified_gmt":"2026-04-15T23:52:42","slug":"yol-dergi-10-sayi","status":"publish","type":"product","link":"https:\/\/roveyayinevi.com.tr\/index.php\/urun\/yol-dergi-10-sayi\/","title":{"rendered":"Yol Dergi (10.Say\u0131)"},"content":{"rendered":"<p>-20 Y\u0131l ve Muhalefet Hakareti -Ukrayna Krizi ve Yeni D\u00fcnya &#8211; Ekonomik Kriz ve Sol Alternatifler &#8211; \u0130\u015f\u00e7i Direni\u015fleri, Birikimler ve Yeni Bir Mevzilenme &#8211; Yeni Bir D\u00f6nemin E\u015fi\u011finde Kad\u0131n Hareketi &#8211; Kamucu D\u00f6n\u00fc\u015f\u00fcm ve 21. Y\u00fczy\u0131lda Sosyalizm Tart\u0131\u015fmalar\u0131 &#8211; \u015eili\u2019nin \u00c7al\u0131nan Gelece\u011fi ve Geri D\u00f6n\u00fc\u015f Ba\u015fl\u0131klar\u0131yla Yol Dergi Okuyucular\u0131n\u0131 Bekliyor.  <\/p>\n","protected":false},"excerpt":{"rendered":"<p>-20 Y\u0131l ve Muhalefet Hakareti -Ukrayna Krizi ve Yeni D\u00fcnya &#8211; Ekonomik Kriz ve Sol Alternatifler &#8211; \u0130\u015f\u00e7i Direni\u015fleri, Birikimler ve Yeni Bir Mevzilenme &#8211; Yeni<span class=\"excerpt-hellip\"> [\u2026]<\/span><\/p>\n","protected":false},"featured_media":0,"template":"","meta":{"_monsterinsights_skip_tracking":false,"_monsterinsights_sitenote_active":false,"_monsterinsights_sitenote_note":"","_monsterinsights_sitenote_category":0},"product_brand":[],"product_cat":[17574,13527],"product_tag":[],"class_list":{"0":"post-741497","1":"product","2":"type-product","3":"status-publish","5":"product_cat-politika","6":"product_cat-sureli-yayinlar","7":"pa_cilt-ciltsiz","8":"pa_tur-dergi","9":"pa_yayinevi-sol-kultur","10":"pa_yazar-kolektif","12":"first","13":"instock","14":"sale","15":"shipping-taxable","16":"purchasable","17":"product-type-simple"},"_links":{"self":[{"href":"https:\/\/roveyayinevi.com.tr\/index.php\/wp-json\/wp\/v2\/product\/741497","targetHints":{"allow":["GET"]}}],"collection":[{"href":"https:\/\/roveyayinevi.com.tr\/index.php\/wp-json\/wp\/v2\/product"}],"about":[{"href":"https:\/\/roveyayinevi.com.tr\/index.php\/wp-json\/wp\/v2\/types\/product"}],"wp:attachment":[{"href":"https:\/\/roveyayinevi.com.tr\/index.php\/wp-json\/wp\/v2\/media?parent=741497"}],"wp:term":[{"taxonomy":"product_brand","embeddable":true,"href":"https:\/\/roveyayinevi.com.tr\/index.php\/wp-json\/wp\/v2\/product_brand?post=741497"},{"taxonomy":"product_cat","embeddable":true,"href":"https:\/\/roveyayinevi.com.tr\/index.php\/wp-json\/wp\/v2\/product_cat?post=741497"},{"taxonomy":"product_tag","embeddable":true,"href":"https:\/\/roveyayinevi.com.tr\/index.php\/wp-json\/wp\/v2\/product_tag?post=741497"}],"curies":[{"name":"wp","href":"https:\/\/api.w.org\/{rel}","templated":true}]}}