{"id":741496,"date":"2025-08-28T00:50:49","date_gmt":"2025-08-27T21:50:49","guid":{"rendered":"https:\/\/roveyayinevi.com.tr\/index.php\/urun\/batman-yeni-52-dedektif-hikayeleri-6\/"},"modified":"2026-04-16T02:52:42","modified_gmt":"2026-04-15T23:52:42","slug":"batman-yeni-52-dedektif-hikayeleri-6","status":"publish","type":"product","link":"https:\/\/roveyayinevi.com.tr\/index.php\/urun\/batman-yeni-52-dedektif-hikayeleri-6\/","title":{"rendered":"Batman : Yeni 52 Dedektif Hikayeleri 6"},"content":{"rendered":"<p>Yeni i\u015f orta\u011f\u0131 Wayne Malikanesi\u2019nin kap\u0131s\u0131nda \u00f6ld\u00fcr\u00fcld\u00fc\u011f\u00fcnde, Bruce Wayne kendisini GCPD\u2019nin soru\u015fturmas\u0131n\u0131n ortas\u0131nda buluyor. Batman\u2019in kendi dedektiflik i\u015fi daha da hain bir plan\u0131 ortaya \u00e7\u0131kar\u0131yor: yozla\u015fm\u0131\u015f politikac\u0131lar\u0131, rakip \u00e7eteleri ve Gotham\u2019\u0131n sokaklar\u0131nda dola\u015fan \u0130karus adl\u0131 \u00f6l\u00fcmc\u00fcl bir uyu\u015fturucuyu i\u00e7eren, \u015fehir \u00e7ap\u0131nda bir komplo. Ancak ki\u015fisel menfaatleri sebebiyle Dedektif Harvey Bullock tehlikeli uyu\u015fturucu kartelinin ba\u015f\u0131nda oldu\u011funu d\u00fc\u015f\u00fcnd\u00fc\u011f\u00fc adam\u0131n pe\u015fine d\u00fc\u015f\u00fcyor &#8211; di\u011fer ki\u015fili\u011fi kelep\u00e7eye vurulmadan \u00f6nce Kara \u015e\u00f6valye ger\u00e7e\u011fi ortaya \u00e7\u0131karabilecek mi? (Tan\u0131t\u0131m B\u00fclteninden)<\/p>\n","protected":false},"excerpt":{"rendered":"<p>Yeni i\u015f orta\u011f\u0131 Wayne Malikanesi\u2019nin kap\u0131s\u0131nda \u00f6ld\u00fcr\u00fcld\u00fc\u011f\u00fcnde, Bruce Wayne kendisini GCPD\u2019nin soru\u015fturmas\u0131n\u0131n ortas\u0131nda buluyor. Batman\u2019in kendi dedektiflik i\u015fi daha da hain bir plan\u0131 ortaya \u00e7\u0131kar\u0131yor: yozla\u015fm\u0131\u015f<span class=\"excerpt-hellip\"> [\u2026]<\/span><\/p>\n","protected":false},"featured_media":0,"template":"","meta":{"_monsterinsights_skip_tracking":false,"_monsterinsights_sitenote_active":false,"_monsterinsights_sitenote_note":"","_monsterinsights_sitenote_category":0},"product_brand":[],"product_cat":[12416,12291],"product_tag":[],"class_list":{"0":"post-741496","1":"product","2":"type-product","3":"status-publish","5":"product_cat-cizgi-roman","6":"product_cat-edebiyat","7":"pa_cilt-ciltsiz","8":"pa_tur-kitap","9":"pa_yayinevi-jbc-yayincilik","10":"pa_yazar-francis-manapul-brian-buccellato","12":"first","13":"instock","14":"sale","15":"shipping-taxable","16":"purchasable","17":"product-type-simple"},"_links":{"self":[{"href":"https:\/\/roveyayinevi.com.tr\/index.php\/wp-json\/wp\/v2\/product\/741496","targetHints":{"allow":["GET"]}}],"collection":[{"href":"https:\/\/roveyayinevi.com.tr\/index.php\/wp-json\/wp\/v2\/product"}],"about":[{"href":"https:\/\/roveyayinevi.com.tr\/index.php\/wp-json\/wp\/v2\/types\/product"}],"wp:attachment":[{"href":"https:\/\/roveyayinevi.com.tr\/index.php\/wp-json\/wp\/v2\/media?parent=741496"}],"wp:term":[{"taxonomy":"product_brand","embeddable":true,"href":"https:\/\/roveyayinevi.com.tr\/index.php\/wp-json\/wp\/v2\/product_brand?post=741496"},{"taxonomy":"product_cat","embeddable":true,"href":"https:\/\/roveyayinevi.com.tr\/index.php\/wp-json\/wp\/v2\/product_cat?post=741496"},{"taxonomy":"product_tag","embeddable":true,"href":"https:\/\/roveyayinevi.com.tr\/index.php\/wp-json\/wp\/v2\/product_tag?post=741496"}],"curies":[{"name":"wp","href":"https:\/\/api.w.org\/{rel}","templated":true}]}}