{"id":741494,"date":"2025-08-28T00:50:46","date_gmt":"2025-08-27T21:50:46","guid":{"rendered":"https:\/\/roveyayinevi.com.tr\/index.php\/urun\/sigmund-freud\/"},"modified":"2026-04-16T02:52:42","modified_gmt":"2026-04-15T23:52:42","slug":"sigmund-freud","status":"publish","type":"product","link":"https:\/\/roveyayinevi.com.tr\/index.php\/urun\/sigmund-freud\/","title":{"rendered":"Sigmund Freud"},"content":{"rendered":"<p>\u0130nsana bak\u0131\u015f\u0131m\u0131z Freud\u2019dan sonra asla eskisi gibi olmad\u0131. Freud\u2019un teorisi olan psikanaliz, pek \u00e7ok \u015feyle birlikte, a\u015fk\u0131, nefreti, \u00e7ocuklu\u011fu, aile ili\u015fkilerini, uygarl\u0131\u011f\u0131, dini, cinselli\u011fi, fanteziyi ve g\u00fcnl\u00fck ya\u015fam\u0131m\u0131z\u0131 saran \u00e7at\u0131\u015fmal\u0131 duygular\u0131 anlaman\u0131n yeni yollar\u0131n\u0131 g\u00f6sterdi. Bug\u00fcn hepimiz Freud\u2019un yenilik\u00e7i ve tart\u0131\u015fmal\u0131 kavramlar\u0131n\u0131n g\u00f6lgesi alt\u0131nda ya\u015f\u0131yoruz. Freud\u2019un hayat\u0131n\u0131, teorilerini, anahtar kavramlar\u0131n\u0131, etkilerini ve k\u00fclt\u00fcrel tesirlerini ele alan Sigmund Freud, d\u00fc\u015f\u00fcn\u00fcr\u00fcn \u00e7a\u011fda\u015f k\u00fclt\u00fcr ve ele\u015ftirel teori \u00fczerindeki s\u00fcregelen etkileriyle ilgilenen okurlara rehberlik ediyor.   Freud\u2019un ana fikirlerini ortaya \u00e7\u0131kt\u0131klar\u0131 ba\u011flamlarla birlikte sunan Pamela Thurschwell, ayn\u0131 zamanda ele\u015ftirel bir okur olarak, Freud\u2019un dehas\u0131n\u0131 r\u00fcyalarla, semptomlarla, dil s\u00fcr\u00e7meleriyle, mitlerle, arzuyla ve k\u00fclt\u00fcrle \u00f6n plana \u00e7\u0131kar\u0131yor. Bu yakla\u015f\u0131mla Freud\u2019un \u00e7a\u011fda\u015f edebi ve k\u00fclt\u00fcrel teori \u00fczerindeki etkisinin anla\u015f\u0131l\u0131r bir incelemesini g\u00f6zler \u00f6n\u00fcne seriyor. Thurschwell\u2019in Sigmund Freud\u2019u, Freud\u2019u anlamak i\u00e7in e\u015fsiz bir kaynak.   Yazar Hakk\u0131nda: Pamela Thurschwell Londra \u00dcniversite Akademisi\u2019nin \u0130ngiliz Filolojisi b\u00f6l\u00fcm\u00fcnde \u00f6\u011fretim \u00fcyesidir. Literature, Technology and Magical Thinking 1880-1920 kitab\u0131n\u0131n yazar\u0131d\u0131r. <\/p>\n","protected":false},"excerpt":{"rendered":"<p>\u0130nsana bak\u0131\u015f\u0131m\u0131z Freud\u2019dan sonra asla eskisi gibi olmad\u0131. Freud\u2019un teorisi olan psikanaliz, pek \u00e7ok \u015feyle birlikte, a\u015fk\u0131, nefreti, \u00e7ocuklu\u011fu, aile ili\u015fkilerini, uygarl\u0131\u011f\u0131, dini, cinselli\u011fi, fanteziyi ve<span class=\"excerpt-hellip\"> [\u2026]<\/span><\/p>\n","protected":false},"featured_media":0,"template":"","meta":{"_monsterinsights_skip_tracking":false,"_monsterinsights_sitenote_active":false,"_monsterinsights_sitenote_note":"","_monsterinsights_sitenote_category":0},"product_brand":[],"product_cat":[12358,12357],"product_tag":[],"class_list":{"0":"post-741494","1":"product","2":"type-product","3":"status-publish","5":"product_cat-genel-psikoloji","6":"product_cat-psikoloji","7":"pa_cilt-ciltsiz","8":"pa_tur-kitap","9":"pa_yayinevi-the-kitap","10":"pa_yazar-pamela-thurschwell","12":"first","13":"instock","14":"sale","15":"shipping-taxable","16":"purchasable","17":"product-type-simple"},"_links":{"self":[{"href":"https:\/\/roveyayinevi.com.tr\/index.php\/wp-json\/wp\/v2\/product\/741494","targetHints":{"allow":["GET"]}}],"collection":[{"href":"https:\/\/roveyayinevi.com.tr\/index.php\/wp-json\/wp\/v2\/product"}],"about":[{"href":"https:\/\/roveyayinevi.com.tr\/index.php\/wp-json\/wp\/v2\/types\/product"}],"wp:attachment":[{"href":"https:\/\/roveyayinevi.com.tr\/index.php\/wp-json\/wp\/v2\/media?parent=741494"}],"wp:term":[{"taxonomy":"product_brand","embeddable":true,"href":"https:\/\/roveyayinevi.com.tr\/index.php\/wp-json\/wp\/v2\/product_brand?post=741494"},{"taxonomy":"product_cat","embeddable":true,"href":"https:\/\/roveyayinevi.com.tr\/index.php\/wp-json\/wp\/v2\/product_cat?post=741494"},{"taxonomy":"product_tag","embeddable":true,"href":"https:\/\/roveyayinevi.com.tr\/index.php\/wp-json\/wp\/v2\/product_tag?post=741494"}],"curies":[{"name":"wp","href":"https:\/\/api.w.org\/{rel}","templated":true}]}}