{"id":741489,"date":"2025-08-28T00:50:42","date_gmt":"2025-08-27T21:50:42","guid":{"rendered":"https:\/\/roveyayinevi.com.tr\/index.php\/urun\/gelecegi-sekillendirmek\/"},"modified":"2025-08-31T18:22:47","modified_gmt":"2025-08-31T15:22:47","slug":"gelecegi-sekillendirmek","status":"publish","type":"product","link":"https:\/\/roveyayinevi.com.tr\/index.php\/urun\/gelecegi-sekillendirmek\/","title":{"rendered":"Gelece\u011fi \u015eekillendirmek"},"content":{"rendered":"<p>Murat \u00dclker\u2019in \u00d6ns\u00f6z\u00fcyle   \u0130yi tahmin yetene\u011fine sahip olanlar, gelecekte olu\u015facak de\u011fi\u015fime en h\u0131zl\u0131 adapte olacak ve ba\u015far\u0131y\u0131 yakalayacak olanlard\u0131r. \u201cGelece\u011fi \u015eekillendirmek\u201d kitab\u0131, ge\u00e7mi\u015fi bilerek bug\u00fcn\u00fc anlamada ve bunun sonucunda gelece\u011fi planlayarak \u015fekillendirmede rol almak isteyenler i\u00e7in haz\u0131rland\u0131.   \u201cAld\u0131\u011f\u0131m\u0131z kararlar ve ger\u00e7ekle\u015ftirdi\u011fimiz uygulamalar gelece\u011fin belirlenmesine katk\u0131da bulunur.\u201d   Ya\u015fam sorumluluk gerektirir. Bu sorumlulu\u011fu yerine getirirken \u00fcstlendi\u011fi her rolde y\u00f6netim kalitesini geli\u015ftirmeye gayret eden; payda\u015flar\u0131n\u0131n g\u00fcvenini kazanmaya \u00f6zen g\u00f6steren ve birer yurtta\u015f olarak devletten, birer m\u00fc\u015fteri olarak \u015firketlerden ve birer birey olarak sivil toplum kurulu\u015flar\u0131ndan kaliteli y\u00f6netim ve g\u00fcven duyulan kurumlar talep edebilen insanlar\u0131n olu\u015fturdu\u011fu bir toplum, \u00f6zlenen bir gelece\u011fi \u015fekillendirmeye ba\u015flam\u0131\u015f olur. Ve gelece\u011fi \u015fekillendirme inisiyatifini alanlar daha iyi bir gelecek yaratma \u015fans\u0131n\u0131 da elde eder.   Bu kitap ge\u00e7mi\u015fi bilerek, bug\u00fcn\u00fc anlamada ve bunun sonucunda gelece\u011fi planlayarak \u015fekillendirmede rol almak isteyenlerin kitab\u0131. Gelecekte olu\u015facak \u015fartlar\u0131 en iyi tahmin yetene\u011fine sahip olanlar, de\u011fi\u015fime en h\u0131zl\u0131 adapte olanlar ve ba\u015far\u0131y\u0131 yakalayanlar olacakt\u0131r.   ARGE Dan\u0131\u015fmanl\u0131k Y\u00f6netim Kurulu Ba\u015fkan\u0131 Dr. Y\u0131lmaz Arg\u00fcden bu kitapta; gelece\u011fi \u015fekillendirme \u00e7abas\u0131 i\u00e7inde olan, y\u00f6netim kalitesini ve kurumlar\u0131na duyulan g\u00fcveni s\u00fcrekli geli\u015ftirmek isteyenlerle, bu hedef do\u011frultusundaki deneyimlerden olu\u015fan bir anlay\u0131\u015f\u0131 payla\u015fmay\u0131 hedefliyor.     Yazar Hakk\u0131nda: Dr. Arg\u00fcden kurumlar\u0131 gelece\u011fe haz\u0131rlama \u00e7al\u0131\u015fmalar\u0131, geli\u015ftirdi\u011fi yarat\u0131c\u0131 ve yenilik\u00e7i y\u00f6netim stratejileri ve toplumsal katk\u0131lar\u0131yla d\u00fcnyada en iyi tan\u0131nan T\u00fcrk y\u00f6netim dan\u0131\u015fmanl\u0131\u011f\u0131 \u015firketi, ARGE Dan\u0131\u015fmanl\u0131k\u2019\u0131n y\u00f6netim kurulu ba\u015fkan\u0131d\u0131r.   Strateji, i\u015f m\u00fckemmelli\u011fi, kurumsalla\u015fma ve s\u00fcrd\u00fcr\u00fclebilirlik konular\u0131nda bir\u00e7ok T\u00fcrk ve yabanc\u0131 \u015firkete y\u00f6netim dan\u0131\u015fmanl\u0131\u011f\u0131 hizmetleri vermektedir. UN Global Compact imzalayan ilk T\u00fcrk \u015firketi olan ARGE Dan\u0131\u015fmanl\u0131k, Avrupa Parlamentosu\u2019nda kurumsal sosyal sorumluluk projeleri ile gelece\u011fi \u015fekillendiren en iyi \u00fc\u00e7 \u015firket aras\u0131nda de\u011ferlendirilmi\u015f, B20 Bilgi Orta\u011f\u0131 se\u00e7ilmi\u015f, Avrupa Kalite Vakf\u0131, EFQM Dan\u0131\u015fmanl\u0131k Kurumu ve Uluslararas\u0131 Entegre Raporlama Konseyi Geli\u015fim Orta\u011f\u0131 lisans\u0131 kazanm\u0131\u015ft\u0131r.   Rothschild &amp; Co. yat\u0131r\u0131m bankas\u0131n\u0131n T\u00fcrkiye y\u00f6netim kurulu ba\u015fkanl\u0131\u011f\u0131n\u0131n yan\u0131 s\u0131ra kariyeri boyunca \u00e7e\u015fitli \u00fclkelerde 70\u2019i a\u015fk\u0131n \u015firketin y\u00f6netim kurulunda g\u00f6rev alm\u0131\u015ft\u0131r. Deneyimlerini Bo\u011fazi\u00e7i \u00dcniversitesi\u2019nde, Ko\u00e7 \u00dcniversitesi\u2019nde ve Harp Akademilerinde strateji dersi vererek, kitaplar\u0131 ve k\u00f6\u015fe yaz\u0131lar\u0131yla payla\u015fmaktad\u0131r.   Y\u00f6netim kurullar\u0131 ve y\u00f6neti\u015fim konusundaki \u00e7al\u0131\u015fmalar\u0131yla d\u00fcnyada tan\u0131nan, kitaplar\u0131 ve makaleleri bir\u00e7ok dilde yay\u0131nlanan Dr. Arg\u00fcden, IFC Kurumsal Y\u00f6neti\u015fim Dan\u0131\u015fma Kurulu \u00fcyeli\u011fi, Business at OECD (BIAC) Y\u00f6neti\u015fim Komitesi ba\u015fkanl\u0131\u011f\u0131 gibi uluslararas\u0131 g\u00f6revler ile Arg\u00fcden Y\u00f6neti\u015fim Akademisi Vakf\u0131\u2019n\u0131n m\u00fctevelli heyet ba\u015fkanl\u0131\u011f\u0131n\u0131 y\u00fcr\u00fctmektedir. Ulusal A\u011flar D\u00fcnya Ba\u015fkan\u0131 se\u00e7ilerek d\u00fcnyan\u0131n en yayg\u0131n s\u00fcrd\u00fcr\u00fclebilirlik platformu olan UN Global Compact Y\u00f6netim Kurulu\u2019nda g\u00f6rev ald\u0131. KalDer Ba\u015fkanl\u0131\u011f\u0131 s\u0131ras\u0131nda Ulusal Kalite Hareketini ba\u015flatt\u0131. T\u00fcrkiye E\u011fitim G\u00f6n\u00fcll\u00fcleri Vakf\u0131, \u00d6zel Sekt\u00f6r G\u00f6n\u00fcll\u00fcler Derne\u011fi, B\u00dc-MED, Tesev, T\u00fcrk-Amerikan ve T\u00fcrk-Kanada \u0130\u015f Konseyleri gibi bir\u00e7ok sivil toplum kurulu\u015funun kuruculu\u011funu ve\/veya liderli\u011fini \u00fcstlendi.   Bo\u011fazi\u00e7i \u00dcniversitesi\u2019ni birincilikle bitirdi ve \u00f6\u011frenci liderli\u011fi i\u00e7in Rekt\u00f6r \u00d6d\u00fcl\u00fc ald\u0131; RAND Graduate Insitute\u2019daki Stratejik Analizler alan\u0131ndaki doktoras\u0131n\u0131 ise \u00dcst\u00fcn Ba\u015far\u0131 ile tamamlad\u0131. Tarsus Amerikan Koleji ve Bo\u011fazi\u00e7i \u00dcniversitesi basketbol tak\u0131mlar\u0131 ile \u00fc\u00e7 kez T\u00fcrkiye \u015eampiyonlu\u011fu ya\u015fad\u0131. T\u00fcrkiye Basketbol Federasyonu asba\u015fkanl\u0131\u011f\u0131 yapt\u0131.   Stratejik Liderlik, \u00dcst\u00fcn Vatanda\u015fl\u0131k, Se\u00e7kin Kariyer gibi bir\u00e7ok \u00f6d\u00fcl sahibi olan Dr. Arg\u00fcden, ya\u015fam kalitesini y\u00fckseltme \u00e7al\u0131\u015fmalar\u0131 nedeniyle D\u00fcnya Ekonomik Forumu taraf\u0131ndan Gelece\u011fin 100 Global Lideri aras\u0131na se\u00e7ildi. <\/p>\n","protected":false},"excerpt":{"rendered":"<p>Murat \u00dclker\u2019in \u00d6ns\u00f6z\u00fcyle \u0130yi tahmin yetene\u011fine sahip olanlar, gelecekte olu\u015facak de\u011fi\u015fime en h\u0131zl\u0131 adapte olacak ve ba\u015far\u0131y\u0131 yakalayacak olanlard\u0131r. \u201cGelece\u011fi \u015eekillendirmek\u201d kitab\u0131, ge\u00e7mi\u015fi bilerek bug\u00fcn\u00fc anlamada<span class=\"excerpt-hellip\"> [\u2026]<\/span><\/p>\n","protected":false},"featured_media":0,"template":"","meta":{"_monsterinsights_skip_tracking":false,"_monsterinsights_sitenote_active":false,"_monsterinsights_sitenote_note":"","_monsterinsights_sitenote_category":0},"product_brand":[],"product_cat":[20333,13043],"product_tag":[],"class_list":{"0":"post-741489","1":"product","2":"type-product","3":"status-publish","5":"product_cat-diger-ekonomi","6":"product_cat-ekonomi","7":"pa_cilt-ciltsiz","8":"pa_tur-kitap","9":"pa_yayinevi-the-kitap","10":"pa_yazar-yilmaz-arguden","12":"first","13":"instock","14":"sale","15":"shipping-taxable","16":"purchasable","17":"product-type-simple"},"_links":{"self":[{"href":"https:\/\/roveyayinevi.com.tr\/index.php\/wp-json\/wp\/v2\/product\/741489","targetHints":{"allow":["GET"]}}],"collection":[{"href":"https:\/\/roveyayinevi.com.tr\/index.php\/wp-json\/wp\/v2\/product"}],"about":[{"href":"https:\/\/roveyayinevi.com.tr\/index.php\/wp-json\/wp\/v2\/types\/product"}],"wp:attachment":[{"href":"https:\/\/roveyayinevi.com.tr\/index.php\/wp-json\/wp\/v2\/media?parent=741489"}],"wp:term":[{"taxonomy":"product_brand","embeddable":true,"href":"https:\/\/roveyayinevi.com.tr\/index.php\/wp-json\/wp\/v2\/product_brand?post=741489"},{"taxonomy":"product_cat","embeddable":true,"href":"https:\/\/roveyayinevi.com.tr\/index.php\/wp-json\/wp\/v2\/product_cat?post=741489"},{"taxonomy":"product_tag","embeddable":true,"href":"https:\/\/roveyayinevi.com.tr\/index.php\/wp-json\/wp\/v2\/product_tag?post=741489"}],"curies":[{"name":"wp","href":"https:\/\/api.w.org\/{rel}","templated":true}]}}