{"id":741488,"date":"2025-08-28T00:50:40","date_gmt":"2025-08-27T21:50:40","guid":{"rendered":"https:\/\/roveyayinevi.com.tr\/index.php\/urun\/batman-kara-gece-gercek-bir-batman-hikayesi\/"},"modified":"2026-04-16T02:52:42","modified_gmt":"2026-04-15T23:52:42","slug":"batman-kara-gece-gercek-bir-batman-hikayesi","status":"publish","type":"product","link":"https:\/\/roveyayinevi.com.tr\/index.php\/urun\/batman-kara-gece-gercek-bir-batman-hikayesi\/","title":{"rendered":"Batman : Kara Gece ( Ger\u00e7ek Bir Batman Hikayesi )"},"content":{"rendered":"<p>Kara Gece: Ger\u00e7ek Bir Batman Hik\u00e2yesi  Dini&#8217;nin umutsuz bir durumdan kurtulmak i\u00e7in cesurca \u00e7abalamas\u0131na ili\u015fkin, ac\u0131kl\u0131 ve anlaml\u0131 bir otobiyografik hik\u00e2ye. Bu, inan\u0131lmaz yetenekli Eduardo Risso&#8217;nun (100 BULLETS, Dark Knight III: The Master Race) \u00e7izimlerini i\u00e7eren, e\u015fi benzeri olmayan ve hayranlar aras\u0131nda yank\u0131 uyand\u0131ran bir Batman \u00f6yk\u00fcs\u00fc. (Tan\u0131t\u0131m B\u00fclteninden) <\/p>\n","protected":false},"excerpt":{"rendered":"<p>Kara Gece: Ger\u00e7ek Bir Batman Hik\u00e2yesi Dini&#8217;nin umutsuz bir durumdan kurtulmak i\u00e7in cesurca \u00e7abalamas\u0131na ili\u015fkin, ac\u0131kl\u0131 ve anlaml\u0131 bir otobiyografik hik\u00e2ye. Bu, inan\u0131lmaz yetenekli Eduardo Risso&#8217;nun<span class=\"excerpt-hellip\"> [\u2026]<\/span><\/p>\n","protected":false},"featured_media":0,"template":"","meta":{"_monsterinsights_skip_tracking":false,"_monsterinsights_sitenote_active":false,"_monsterinsights_sitenote_note":"","_monsterinsights_sitenote_category":0},"product_brand":[],"product_cat":[12416,12291],"product_tag":[],"class_list":{"0":"post-741488","1":"product","2":"type-product","3":"status-publish","5":"product_cat-cizgi-roman","6":"product_cat-edebiyat","7":"pa_cilt-ciltsiz","8":"pa_tur-kitap","9":"pa_yayinevi-jbc-yayincilik","10":"pa_yazar-eduardo-risso","12":"first","13":"instock","14":"sale","15":"shipping-taxable","16":"purchasable","17":"product-type-simple"},"_links":{"self":[{"href":"https:\/\/roveyayinevi.com.tr\/index.php\/wp-json\/wp\/v2\/product\/741488","targetHints":{"allow":["GET"]}}],"collection":[{"href":"https:\/\/roveyayinevi.com.tr\/index.php\/wp-json\/wp\/v2\/product"}],"about":[{"href":"https:\/\/roveyayinevi.com.tr\/index.php\/wp-json\/wp\/v2\/types\/product"}],"wp:attachment":[{"href":"https:\/\/roveyayinevi.com.tr\/index.php\/wp-json\/wp\/v2\/media?parent=741488"}],"wp:term":[{"taxonomy":"product_brand","embeddable":true,"href":"https:\/\/roveyayinevi.com.tr\/index.php\/wp-json\/wp\/v2\/product_brand?post=741488"},{"taxonomy":"product_cat","embeddable":true,"href":"https:\/\/roveyayinevi.com.tr\/index.php\/wp-json\/wp\/v2\/product_cat?post=741488"},{"taxonomy":"product_tag","embeddable":true,"href":"https:\/\/roveyayinevi.com.tr\/index.php\/wp-json\/wp\/v2\/product_tag?post=741488"}],"curies":[{"name":"wp","href":"https:\/\/api.w.org\/{rel}","templated":true}]}}