{"id":741484,"date":"2025-08-28T00:50:35","date_gmt":"2025-08-27T21:50:35","guid":{"rendered":"https:\/\/roveyayinevi.com.tr\/index.php\/urun\/gun-batimi-hazinesi\/"},"modified":"2026-03-12T03:00:46","modified_gmt":"2026-03-12T00:00:46","slug":"gun-batimi-hazinesi","status":"publish","type":"product","link":"https:\/\/roveyayinevi.com.tr\/index.php\/urun\/gun-batimi-hazinesi\/","title":{"rendered":"G\u00fcn Bat\u0131m\u0131 Hazinesi"},"content":{"rendered":"<p>A\u015eK VE MACERA TAR\u0130H\u0130N G\u0130ZEML\u0130 KOR\u0130DORLARINDA\u2026      Hayata tutunamayan iki insan: Alethia ve Selim.    Sirtakiyle birle\u015fen kalpler, a\u015fk ve tarihin tozlu sayfalar\u0131nda hayatlar\u0131n\u0131 de\u011fi\u015ftirecek bir s\u0131r&#8230;    Caner Tek, ikinci roman\u0131 \u201cG\u00fcn Bat\u0131m\u0131 Hazinesi\u201d ile Ege\u2019den ba\u015flay\u0131p Trabzon ve Giresun\u2019a uzanan bir maceraya misafir ediyor bizi.    Tarihin karanl\u0131k koridorlar\u0131nda ba\u015flayan macera g\u00fcn\u00fcm\u00fcz T\u00fcrkiye\u2019sine kadar uzan\u0131yor.    Konstantinopolis ve Trapezuntas Krall\u0131\u011f\u0131\u2019n\u0131 birbirine d\u00fc\u015f\u00fcren ve b\u00fcy\u00fck olaylar ya\u015fanmas\u0131na sebep olan 570 y\u0131ll\u0131k gizemin ard\u0131ndan Tap\u0131nak \u015f\u00f6valyeleri, Vatikan ve Naziler belirdi\u011finde yolculuk Floransa\u2019ya kadar ula\u015f\u0131yor.    B\u00fcy\u00fck bir oyunun i\u00e7inde a\u015fk\u0131 korumaya \u00e7al\u0131\u015fan iki insan\u0131n uzun s\u00fcren heyecanl\u0131 yolculu\u011fu \u00e7arp\u0131c\u0131 bir ger\u00e7ekle sonlan\u0131yor.     Giresun, eski ad\u0131yla Kerasus\u2019ta ya\u015fanan ge\u00e7mi\u015fin izlerine tan\u0131k olurken a\u015fk\u0131n gizemli nefesini soluyacak, Alethia ve Selim\u2019in \u00e7eli\u015fkilerini hissedecek ve onlarla beraber heyecan\u0131 ya\u015fayacaks\u0131n\u0131z.    <\/p>\n","protected":false},"excerpt":{"rendered":"<p>A\u015eK VE MACERA TAR\u0130H\u0130N G\u0130ZEML\u0130 KOR\u0130DORLARINDA\u2026 Hayata tutunamayan iki insan: Alethia ve Selim. Sirtakiyle birle\u015fen kalpler, a\u015fk ve tarihin tozlu sayfalar\u0131nda hayatlar\u0131n\u0131 de\u011fi\u015ftirecek bir s\u0131r&#8230; Caner<span class=\"excerpt-hellip\"> [\u2026]<\/span><\/p>\n","protected":false},"featured_media":0,"template":"","meta":{"_monsterinsights_skip_tracking":false,"_monsterinsights_sitenote_active":false,"_monsterinsights_sitenote_note":"","_monsterinsights_sitenote_category":0},"product_brand":[],"product_cat":[12291,12711],"product_tag":[],"class_list":{"0":"post-741484","1":"product","2":"type-product","3":"status-publish","5":"product_cat-edebiyat","6":"product_cat-roman-oyku","7":"pa_cilt-ciltsiz","8":"pa_tur-kitap","9":"pa_yayinevi-kirmizi-cati-yayinlari","10":"pa_yazar-caner-tek","12":"first","13":"instock","14":"sale","15":"shipping-taxable","16":"purchasable","17":"product-type-simple"},"_links":{"self":[{"href":"https:\/\/roveyayinevi.com.tr\/index.php\/wp-json\/wp\/v2\/product\/741484","targetHints":{"allow":["GET"]}}],"collection":[{"href":"https:\/\/roveyayinevi.com.tr\/index.php\/wp-json\/wp\/v2\/product"}],"about":[{"href":"https:\/\/roveyayinevi.com.tr\/index.php\/wp-json\/wp\/v2\/types\/product"}],"wp:attachment":[{"href":"https:\/\/roveyayinevi.com.tr\/index.php\/wp-json\/wp\/v2\/media?parent=741484"}],"wp:term":[{"taxonomy":"product_brand","embeddable":true,"href":"https:\/\/roveyayinevi.com.tr\/index.php\/wp-json\/wp\/v2\/product_brand?post=741484"},{"taxonomy":"product_cat","embeddable":true,"href":"https:\/\/roveyayinevi.com.tr\/index.php\/wp-json\/wp\/v2\/product_cat?post=741484"},{"taxonomy":"product_tag","embeddable":true,"href":"https:\/\/roveyayinevi.com.tr\/index.php\/wp-json\/wp\/v2\/product_tag?post=741484"}],"curies":[{"name":"wp","href":"https:\/\/api.w.org\/{rel}","templated":true}]}}