{"id":741483,"date":"2025-08-28T00:50:34","date_gmt":"2025-08-27T21:50:34","guid":{"rendered":"https:\/\/roveyayinevi.com.tr\/index.php\/urun\/batman-dunyadaki-son-sovalye-ikinci-kitap\/"},"modified":"2026-04-16T02:52:42","modified_gmt":"2026-04-15T23:52:42","slug":"batman-dunyadaki-son-sovalye-ikinci-kitap","status":"publish","type":"product","link":"https:\/\/roveyayinevi.com.tr\/index.php\/urun\/batman-dunyadaki-son-sovalye-ikinci-kitap\/","title":{"rendered":"Batman : D\u00fcnyadaki Son \u015e\u00f6valye \/ \u0130kinci Kitap"},"content":{"rendered":"<p>&#8220;Yard\u0131m etmeliyiz.&#8221; dedi Yarasa. &#8220;Hangi tarafa?&#8221; dedim.&#8221;Ne diyorsun?&#8221; dedi. &#8220;Herkese yard\u0131m etmeliyiz.&#8221;Ama hi\u00e7bir \u015fey yapmad\u0131. (Tan\u0131t\u0131m B\u00fclteninden)<\/p>\n","protected":false},"excerpt":{"rendered":"<p>&#8220;Yard\u0131m etmeliyiz.&#8221; dedi Yarasa. &#8220;Hangi tarafa?&#8221; dedim.&#8221;Ne diyorsun?&#8221; dedi. &#8220;Herkese yard\u0131m etmeliyiz.&#8221;Ama hi\u00e7bir \u015fey yapmad\u0131. (Tan\u0131t\u0131m B\u00fclteninden)<\/p>\n","protected":false},"featured_media":0,"template":"","meta":{"_monsterinsights_skip_tracking":false,"_monsterinsights_sitenote_active":false,"_monsterinsights_sitenote_note":"","_monsterinsights_sitenote_category":0},"product_brand":[],"product_cat":[12416,12291],"product_tag":[],"class_list":{"0":"post-741483","1":"product","2":"type-product","3":"status-publish","5":"product_cat-cizgi-roman","6":"product_cat-edebiyat","7":"pa_cilt-ciltsiz","8":"pa_tur-kitap","9":"pa_yayinevi-jbc-yayincilik","10":"pa_yazar-scott-snyder","12":"first","13":"instock","14":"sale","15":"shipping-taxable","16":"purchasable","17":"product-type-simple"},"_links":{"self":[{"href":"https:\/\/roveyayinevi.com.tr\/index.php\/wp-json\/wp\/v2\/product\/741483","targetHints":{"allow":["GET"]}}],"collection":[{"href":"https:\/\/roveyayinevi.com.tr\/index.php\/wp-json\/wp\/v2\/product"}],"about":[{"href":"https:\/\/roveyayinevi.com.tr\/index.php\/wp-json\/wp\/v2\/types\/product"}],"wp:attachment":[{"href":"https:\/\/roveyayinevi.com.tr\/index.php\/wp-json\/wp\/v2\/media?parent=741483"}],"wp:term":[{"taxonomy":"product_brand","embeddable":true,"href":"https:\/\/roveyayinevi.com.tr\/index.php\/wp-json\/wp\/v2\/product_brand?post=741483"},{"taxonomy":"product_cat","embeddable":true,"href":"https:\/\/roveyayinevi.com.tr\/index.php\/wp-json\/wp\/v2\/product_cat?post=741483"},{"taxonomy":"product_tag","embeddable":true,"href":"https:\/\/roveyayinevi.com.tr\/index.php\/wp-json\/wp\/v2\/product_tag?post=741483"}],"curies":[{"name":"wp","href":"https:\/\/api.w.org\/{rel}","templated":true}]}}