{"id":741480,"date":"2025-08-28T00:50:30","date_gmt":"2025-08-27T21:50:30","guid":{"rendered":"https:\/\/roveyayinevi.com.tr\/index.php\/urun\/sokagintavani-ve-ask-denizi\/"},"modified":"2026-03-12T03:00:45","modified_gmt":"2026-03-12T00:00:45","slug":"sokagintavani-ve-ask-denizi","status":"publish","type":"product","link":"https:\/\/roveyayinevi.com.tr\/index.php\/urun\/sokagintavani-ve-ask-denizi\/","title":{"rendered":"Soka\u011f\u0131ntavan\u0131 Ve A\u015fk Denizi"},"content":{"rendered":"<p>A\u015fk iki k\u0131s\u0131mdan olu\u015fur, biri Soka\u011f\u0131n Tavan\u0131nda olanlar biri de A\u015fk Denizine d\u00fc\u015fenler. Bu iki k\u0131s\u0131m her ne kadar ayr\u0131 olsa da birbirine mecbur bir d\u00f6ng\u00fcdedirler. Soka\u011f\u0131n Tavan\u0131 bunu bilir ama A\u015fk Denizi bunu bilmez. A\u015fk Denizine hangi a\u015fk d\u00fc\u015ferse d\u00fc\u015fs\u00fcn havalar \u0131s\u0131n\u0131p g\u00fcne\u015f a\u00e7t\u0131\u011f\u0131nda buharla\u015farak tekrar Soka\u011f\u0131n Tavan\u0131na y\u00fckselir, sonra bulutlardan ya\u011fmur olup tekrar A\u015fk Denizine d\u00fc\u015fer\u2026 <\/p>\n","protected":false},"excerpt":{"rendered":"<p>A\u015fk iki k\u0131s\u0131mdan olu\u015fur, biri Soka\u011f\u0131n Tavan\u0131nda olanlar biri de A\u015fk Denizine d\u00fc\u015fenler. Bu iki k\u0131s\u0131m her ne kadar ayr\u0131 olsa da birbirine mecbur bir d\u00f6ng\u00fcdedirler.<span class=\"excerpt-hellip\"> [\u2026]<\/span><\/p>\n","protected":false},"featured_media":0,"template":"","meta":{"_monsterinsights_skip_tracking":false,"_monsterinsights_sitenote_active":false,"_monsterinsights_sitenote_note":"","_monsterinsights_sitenote_category":0},"product_brand":[],"product_cat":[12777,12291],"product_tag":[],"class_list":{"0":"post-741480","1":"product","2":"type-product","3":"status-publish","5":"product_cat-deneme","6":"product_cat-edebiyat","7":"pa_cilt-ciltsiz","8":"pa_tur-kitap","9":"pa_yayinevi-kirmizi-cati-yayinlari","10":"pa_yazar-sadece-bir-asik","12":"first","13":"instock","14":"sale","15":"shipping-taxable","16":"purchasable","17":"product-type-simple"},"_links":{"self":[{"href":"https:\/\/roveyayinevi.com.tr\/index.php\/wp-json\/wp\/v2\/product\/741480","targetHints":{"allow":["GET"]}}],"collection":[{"href":"https:\/\/roveyayinevi.com.tr\/index.php\/wp-json\/wp\/v2\/product"}],"about":[{"href":"https:\/\/roveyayinevi.com.tr\/index.php\/wp-json\/wp\/v2\/types\/product"}],"wp:attachment":[{"href":"https:\/\/roveyayinevi.com.tr\/index.php\/wp-json\/wp\/v2\/media?parent=741480"}],"wp:term":[{"taxonomy":"product_brand","embeddable":true,"href":"https:\/\/roveyayinevi.com.tr\/index.php\/wp-json\/wp\/v2\/product_brand?post=741480"},{"taxonomy":"product_cat","embeddable":true,"href":"https:\/\/roveyayinevi.com.tr\/index.php\/wp-json\/wp\/v2\/product_cat?post=741480"},{"taxonomy":"product_tag","embeddable":true,"href":"https:\/\/roveyayinevi.com.tr\/index.php\/wp-json\/wp\/v2\/product_tag?post=741480"}],"curies":[{"name":"wp","href":"https:\/\/api.w.org\/{rel}","templated":true}]}}