{"id":741479,"date":"2025-08-28T00:50:28","date_gmt":"2025-08-27T21:50:28","guid":{"rendered":"https:\/\/roveyayinevi.com.tr\/index.php\/urun\/batman-superman-6-evrenin-en-iyileri\/"},"modified":"2026-04-16T02:52:42","modified_gmt":"2026-04-15T23:52:42","slug":"batman-superman-6-evrenin-en-iyileri","status":"publish","type":"product","link":"https:\/\/roveyayinevi.com.tr\/index.php\/urun\/batman-superman-6-evrenin-en-iyileri\/","title":{"rendered":"Batman \/ Superman 6 Evrenin En \u0130yileri"},"content":{"rendered":"<p>Batman ile Superman\u2019in ortakl\u0131klar\u0131n\u0131n ilk zamanlar\u0131nda ge\u00e7en bir hik\u00e2yede, uzayl\u0131 bir k\u00e2\u015fifin cinayeti, \u00c7elik Adam\u2019\u0131 ve Kara \u015e\u00f6valye\u2019yi Ay\u2019da bir inceleme yapmaya y\u00f6nlendiriyor. Ancak bu yolcuyla ilgili g\u00f6zle g\u00f6r\u00fcnenden fazlas\u0131 var ve ger\u00e7ek, Superman i\u00e7in akla gelmeyecek sonu\u00e7lara yol a\u00e7abilir. Bu s\u0131rada g\u00f6lgelere gizlenmi\u015f biri yapt\u0131klar\u0131 incelemeyi takip ediyor&#8211; Batman\u2019in ba\u015f\u0131na konulan \u00f6d\u00fcl\u00fc almak isteyen Lobo! (Tan\u0131t\u0131m B\u00fclteninden)<\/p>\n","protected":false},"excerpt":{"rendered":"<p>Batman ile Superman\u2019in ortakl\u0131klar\u0131n\u0131n ilk zamanlar\u0131nda ge\u00e7en bir hik\u00e2yede, uzayl\u0131 bir k\u00e2\u015fifin cinayeti, \u00c7elik Adam\u2019\u0131 ve Kara \u015e\u00f6valye\u2019yi Ay\u2019da bir inceleme yapmaya y\u00f6nlendiriyor. Ancak bu yolcuyla<span class=\"excerpt-hellip\"> [\u2026]<\/span><\/p>\n","protected":false},"featured_media":0,"template":"","meta":{"_monsterinsights_skip_tracking":false,"_monsterinsights_sitenote_active":false,"_monsterinsights_sitenote_note":"","_monsterinsights_sitenote_category":0},"product_brand":[],"product_cat":[12416,12291],"product_tag":[],"class_list":{"0":"post-741479","1":"product","2":"type-product","3":"status-publish","5":"product_cat-cizgi-roman","6":"product_cat-edebiyat","7":"pa_cilt-ciltsiz","8":"pa_tur-kitap","9":"pa_yayinevi-jbc-yayincilik","10":"pa_yazar-jorge-jimenez","12":"first","13":"instock","14":"sale","15":"shipping-taxable","16":"purchasable","17":"product-type-simple"},"_links":{"self":[{"href":"https:\/\/roveyayinevi.com.tr\/index.php\/wp-json\/wp\/v2\/product\/741479","targetHints":{"allow":["GET"]}}],"collection":[{"href":"https:\/\/roveyayinevi.com.tr\/index.php\/wp-json\/wp\/v2\/product"}],"about":[{"href":"https:\/\/roveyayinevi.com.tr\/index.php\/wp-json\/wp\/v2\/types\/product"}],"wp:attachment":[{"href":"https:\/\/roveyayinevi.com.tr\/index.php\/wp-json\/wp\/v2\/media?parent=741479"}],"wp:term":[{"taxonomy":"product_brand","embeddable":true,"href":"https:\/\/roveyayinevi.com.tr\/index.php\/wp-json\/wp\/v2\/product_brand?post=741479"},{"taxonomy":"product_cat","embeddable":true,"href":"https:\/\/roveyayinevi.com.tr\/index.php\/wp-json\/wp\/v2\/product_cat?post=741479"},{"taxonomy":"product_tag","embeddable":true,"href":"https:\/\/roveyayinevi.com.tr\/index.php\/wp-json\/wp\/v2\/product_tag?post=741479"}],"curies":[{"name":"wp","href":"https:\/\/api.w.org\/{rel}","templated":true}]}}