{"id":741478,"date":"2025-08-28T00:50:27","date_gmt":"2025-08-27T21:50:27","guid":{"rendered":"https:\/\/roveyayinevi.com.tr\/index.php\/urun\/bolsevik-rusyadan-mektuplar-1919\/"},"modified":"2026-04-16T02:52:42","modified_gmt":"2026-04-15T23:52:42","slug":"bolsevik-rusyadan-mektuplar-1919","status":"publish","type":"product","link":"https:\/\/roveyayinevi.com.tr\/index.php\/urun\/bolsevik-rusyadan-mektuplar-1919\/","title":{"rendered":"Bol\u015fevik Rusya&#8217;dan Mektuplar 1919"},"content":{"rendered":"<p>\u201c\u015eimdi kalkacak ve ni\u00e7in, ne u\u011fruna ya\u015fad\u0131\u011f\u0131m\u0131z\u0131 soracaks\u0131n\u0131z. Rusya bir zamanlar edebiyat\u0131 ve sanat\u0131yla \u00fcnl\u00fcyd\u00fc. Ancak malum, bunlar\u0131n hepsi de \u00e7ok gerilerde kald\u0131, kayboldu gitti. Edebiyat, sanat ve bilim Bol\u015fevikler marifetiyle tarumar edildi ve \u00f6ylece, bitirilmi\u015f vaziyette duruyorlar.\u201d Pyotr Demyanovi\u00e7 Uspenski, \u00e7a\u011fda\u015f\u0131 olan Frans\u0131z romanc\u0131 Marcel Proust gibi haf\u0131zay\u0131 ve hat\u0131rlamay\u0131 \u00f6nceleyen, ge\u00e7mi\u015fi yeniden in\u015fa etme meselesini temel alan eserler yazm\u0131\u015ft\u0131r. \u201cBa\u015fka zaman ve mek\u00e2nlar\u201d\u0131 yakalaman\u0131n tek yolunun ge\u00e7mi\u015fin yeniden \u00fcretilmesi oldu\u011funu eserleri arac\u0131l\u0131\u011f\u0131yla dile getiren Uspenski, \u201cb\u00fcy\u00fc\u201d, \u201cgizem\u201d ve \u201c\u00f6te d\u00fcnya\u201d kavramlar\u0131yla ili\u015fkili metinler kaleme alarak bunu bir \u00f6\u011fretiye d\u00f6n\u00fc\u015ft\u00fcren mistik bir yazar ve \u00f6\u011fretmendir. Uspenski\u2019nin Rusya\u2019dan yazd\u0131\u011f\u0131 ve ge\u00e7mi\u015fi g\u00fcn\u00fc g\u00fcn\u00fcne kaydetti\u011fi bu metinlerse toplumsal bir g\u00fcnce olarak da okunabilecek niteliktedir. \u0130ngiltere\u2019deki The New Age gazetesinde yay\u0131nlanan ve 1917 Bol\u015fevik Devrimi\u2019nin i\u00e7 y\u00fcz\u00fcn\u00fc aktaran bu mektuplar, Uspenski\u2019nin tan\u0131kl\u0131k metinleri olarak okunabilir olmas\u0131n\u0131n yan\u0131 s\u0131ra tarihsel olarak \u201ctoplumsal d\u00fczen\u201din yaratt\u0131\u011f\u0131 d\u00fczensizlikler ve a\u00e7mazlar\u0131 ortaya koymas\u0131 bak\u0131m\u0131ndan da olduk\u00e7a dikkat \u00e7ekicidir. Yazar Hakk\u0131nda: Erken yirminci y\u00fczy\u0131l Rus edebiyat\u0131 gelene\u011finde insan\u0131n ruhsal geli\u015fimini ele alan pek \u00e7ok kitab\u0131n yazar\u0131 olarak tan\u0131nan Pyotr Demyanovi\u00e7 Uspenski, 5 Mart 1878\u2019de Moskova\u2019da do\u011fdu, 2 Ekim 1947\u2019de \u0130ngiltere\u2019de \u00f6ld\u00fc. G\u00fcrciyev\u2019in fikirlerini yorumlayan ve aktaran biri olarak tan\u0131nsa da onunla kar\u015f\u0131la\u015fmadan \u00f6nce de yazd\u0131klar\u0131yla bilinen bir d\u00fc\u015f\u00fcn\u00fcrd\u00fc. Yazar\u0131n, Nietzsche\u2019nin pop\u00fclerle\u015ftirdi\u011fi \u201cayn\u0131 hayat\u0131 yeniden ya\u015fama\u201d ve \u201csonsuz d\u00f6ng\u00fc\u201d fikrinden etkilenerek yazd\u0131\u011f\u0131 \u0130van Osokin\u2019in Tuhaf Hayat\u0131 ba\u015fl\u0131kl\u0131 bir roman\u0131 d\u0131\u015f\u0131nda Tertium Organum, Evrenin Yeni Modeli, \u0130nsan\u0131n Olas\u0131 Evriminin Psikolojisi, Mucizenin Pe\u015finde ve D\u00f6rd\u00fcnc\u00fc Yol gibi eserleri vard\u0131r. <\/p>\n","protected":false},"excerpt":{"rendered":"<p>\u201c\u015eimdi kalkacak ve ni\u00e7in, ne u\u011fruna ya\u015fad\u0131\u011f\u0131m\u0131z\u0131 soracaks\u0131n\u0131z. Rusya bir zamanlar edebiyat\u0131 ve sanat\u0131yla \u00fcnl\u00fcyd\u00fc. Ancak malum, bunlar\u0131n hepsi de \u00e7ok gerilerde kald\u0131, kayboldu gitti. Edebiyat,<span class=\"excerpt-hellip\"> [\u2026]<\/span><\/p>\n","protected":false},"featured_media":0,"template":"","meta":{"_monsterinsights_skip_tracking":false,"_monsterinsights_sitenote_active":false,"_monsterinsights_sitenote_note":"","_monsterinsights_sitenote_category":0},"product_brand":[],"product_cat":[13072,12291],"product_tag":[],"class_list":{"0":"post-741478","1":"product","2":"type-product","3":"status-publish","5":"product_cat-arastirma-inceleme-referans","6":"product_cat-edebiyat","7":"pa_cilt-ciltsiz","8":"pa_tur-kitap","9":"pa_yayinevi-vakifbank-kultur-yayinlari","10":"pa_yazar-pyotr-demyanovic-uspenski","12":"first","13":"instock","14":"sale","15":"shipping-taxable","16":"purchasable","17":"product-type-simple"},"_links":{"self":[{"href":"https:\/\/roveyayinevi.com.tr\/index.php\/wp-json\/wp\/v2\/product\/741478","targetHints":{"allow":["GET"]}}],"collection":[{"href":"https:\/\/roveyayinevi.com.tr\/index.php\/wp-json\/wp\/v2\/product"}],"about":[{"href":"https:\/\/roveyayinevi.com.tr\/index.php\/wp-json\/wp\/v2\/types\/product"}],"wp:attachment":[{"href":"https:\/\/roveyayinevi.com.tr\/index.php\/wp-json\/wp\/v2\/media?parent=741478"}],"wp:term":[{"taxonomy":"product_brand","embeddable":true,"href":"https:\/\/roveyayinevi.com.tr\/index.php\/wp-json\/wp\/v2\/product_brand?post=741478"},{"taxonomy":"product_cat","embeddable":true,"href":"https:\/\/roveyayinevi.com.tr\/index.php\/wp-json\/wp\/v2\/product_cat?post=741478"},{"taxonomy":"product_tag","embeddable":true,"href":"https:\/\/roveyayinevi.com.tr\/index.php\/wp-json\/wp\/v2\/product_tag?post=741478"}],"curies":[{"name":"wp","href":"https:\/\/api.w.org\/{rel}","templated":true}]}}