{"id":741477,"date":"2025-08-28T00:50:25","date_gmt":"2025-08-27T21:50:25","guid":{"rendered":"https:\/\/roveyayinevi.com.tr\/index.php\/urun\/batman-superman-5-gercekler-acidir\/"},"modified":"2026-04-16T02:52:42","modified_gmt":"2026-04-15T23:52:42","slug":"batman-superman-5-gercekler-acidir","status":"publish","type":"product","link":"https:\/\/roveyayinevi.com.tr\/index.php\/urun\/batman-superman-5-gercekler-acidir\/","title":{"rendered":"Batman \/ Superman 5 Ger\u00e7ekler Ac\u0131d\u0131r"},"content":{"rendered":"<p>Batman ve Superman, tek ba\u015flar\u0131nayken d\u00fcnyan\u0131n bug\u00fcne kadar g\u00f6rd\u00fc\u011f\u00fc en b\u00fcy\u00fck kahramanlar aras\u0131ndalar. Ama birlikteyken inan\u0131lmaz bir ekipler\u2026 ve \u00e7ok iyi dostlar. Ancak Batman ve Superman daha \u00f6nce hi\u00e7 bu \u015fekilde bir araya gelmemi\u015fti. Superman, g\u00fc\u00e7lerinin \u00e7o\u011funu kaybetti ve kimli\u011fi t\u00fcm d\u00fcnyaya if\u015fa edildi. Birisi, onu y\u0131k\u0131m\u0131n k\u0131y\u0131s\u0131na s\u00fcr\u00fckleyen bir dizi sald\u0131r\u0131y\u0131 organize ediyor ve ipu\u00e7lar\u0131n\u0131 birle\u015ftirmek i\u00e7in Superman\u2019in d\u00fcnyan\u0131n en iyi dedektifine ihtiyac\u0131 var. Fakat bu defaki Batman, Bruce Wayne de\u011fil. (Tan\u0131t\u0131m B\u00fclteninden)<\/p>\n","protected":false},"excerpt":{"rendered":"<p>Batman ve Superman, tek ba\u015flar\u0131nayken d\u00fcnyan\u0131n bug\u00fcne kadar g\u00f6rd\u00fc\u011f\u00fc en b\u00fcy\u00fck kahramanlar aras\u0131ndalar. Ama birlikteyken inan\u0131lmaz bir ekipler\u2026 ve \u00e7ok iyi dostlar. Ancak Batman ve Superman<span class=\"excerpt-hellip\"> [\u2026]<\/span><\/p>\n","protected":false},"featured_media":0,"template":"","meta":{"_monsterinsights_skip_tracking":false,"_monsterinsights_sitenote_active":false,"_monsterinsights_sitenote_note":"","_monsterinsights_sitenote_category":0},"product_brand":[],"product_cat":[12416,12291],"product_tag":[],"class_list":{"0":"post-741477","1":"product","2":"type-product","3":"status-publish","5":"product_cat-cizgi-roman","6":"product_cat-edebiyat","7":"pa_cilt-ciltsiz","8":"pa_tur-kitap","9":"pa_yayinevi-jbc-yayincilik","10":"pa_yazar-greg-pak","12":"first","13":"instock","14":"sale","15":"shipping-taxable","16":"purchasable","17":"product-type-simple"},"_links":{"self":[{"href":"https:\/\/roveyayinevi.com.tr\/index.php\/wp-json\/wp\/v2\/product\/741477","targetHints":{"allow":["GET"]}}],"collection":[{"href":"https:\/\/roveyayinevi.com.tr\/index.php\/wp-json\/wp\/v2\/product"}],"about":[{"href":"https:\/\/roveyayinevi.com.tr\/index.php\/wp-json\/wp\/v2\/types\/product"}],"wp:attachment":[{"href":"https:\/\/roveyayinevi.com.tr\/index.php\/wp-json\/wp\/v2\/media?parent=741477"}],"wp:term":[{"taxonomy":"product_brand","embeddable":true,"href":"https:\/\/roveyayinevi.com.tr\/index.php\/wp-json\/wp\/v2\/product_brand?post=741477"},{"taxonomy":"product_cat","embeddable":true,"href":"https:\/\/roveyayinevi.com.tr\/index.php\/wp-json\/wp\/v2\/product_cat?post=741477"},{"taxonomy":"product_tag","embeddable":true,"href":"https:\/\/roveyayinevi.com.tr\/index.php\/wp-json\/wp\/v2\/product_tag?post=741477"}],"curies":[{"name":"wp","href":"https:\/\/api.w.org\/{rel}","templated":true}]}}