{"id":741475,"date":"2025-08-28T00:50:23","date_gmt":"2025-08-27T21:50:23","guid":{"rendered":"https:\/\/roveyayinevi.com.tr\/index.php\/urun\/batman-superman-4-kusatma\/"},"modified":"2026-04-16T02:52:41","modified_gmt":"2026-04-15T23:52:41","slug":"batman-superman-4-kusatma","status":"publish","type":"product","link":"https:\/\/roveyayinevi.com.tr\/index.php\/urun\/batman-superman-4-kusatma\/","title":{"rendered":"Batman \/ Superman 4 Ku\u015fatma"},"content":{"rendered":"<p>\u00c7elik Adam\u2019\u0131n en b\u00fcy\u00fck k\u00e2busu. Superman\u2019in t\u00fcm s\u0131rlar\u0131n\u0131 bilmekle kalmay\u0131p onu ortadankald\u0131rmak ad\u0131na yak\u0131n\u0131ndaki herkesi \u00f6ld\u00fcrmekten \u00e7ekinmeyecek, tak\u0131nt\u0131l\u0131 bir d\u00fc\u015fman.Superman\u2019in Joker\u2019i.Bu cani delinin izini bulmak Batman\u2019e d\u00fc\u015f\u00fcyor. Arkas\u0131nda pe\u015fine d\u00fc\u015f\u00fclecek en ufak bir kan\u0131t veya ipucu b\u0131rakmayan bu katil, d\u00fcnyan\u0131n En B\u00fcy\u00fck Dedektifi\u2019nin zek\u00e2s\u0131n\u0131 ger\u00e7ekten alt edebilecek mi? (Tan\u0131t\u0131m B\u00fclteninden)<\/p>\n","protected":false},"excerpt":{"rendered":"<p>\u00c7elik Adam\u2019\u0131n en b\u00fcy\u00fck k\u00e2busu. Superman\u2019in t\u00fcm s\u0131rlar\u0131n\u0131 bilmekle kalmay\u0131p onu ortadankald\u0131rmak ad\u0131na yak\u0131n\u0131ndaki herkesi \u00f6ld\u00fcrmekten \u00e7ekinmeyecek, tak\u0131nt\u0131l\u0131 bir d\u00fc\u015fman.Superman\u2019in Joker\u2019i.Bu cani delinin izini bulmak Batman\u2019e<span class=\"excerpt-hellip\"> [\u2026]<\/span><\/p>\n","protected":false},"featured_media":0,"template":"","meta":{"_monsterinsights_skip_tracking":false,"_monsterinsights_sitenote_active":false,"_monsterinsights_sitenote_note":"","_monsterinsights_sitenote_category":0},"product_brand":[],"product_cat":[12416,12291],"product_tag":[],"class_list":{"0":"post-741475","1":"product","2":"type-product","3":"status-publish","5":"product_cat-cizgi-roman","6":"product_cat-edebiyat","7":"pa_cilt-ciltsiz","8":"pa_tur-kitap","9":"pa_yayinevi-jbc-yayincilik","10":"pa_yazar-greg-pak-ardian-syaf","12":"first","13":"instock","14":"sale","15":"shipping-taxable","16":"purchasable","17":"product-type-simple"},"_links":{"self":[{"href":"https:\/\/roveyayinevi.com.tr\/index.php\/wp-json\/wp\/v2\/product\/741475","targetHints":{"allow":["GET"]}}],"collection":[{"href":"https:\/\/roveyayinevi.com.tr\/index.php\/wp-json\/wp\/v2\/product"}],"about":[{"href":"https:\/\/roveyayinevi.com.tr\/index.php\/wp-json\/wp\/v2\/types\/product"}],"wp:attachment":[{"href":"https:\/\/roveyayinevi.com.tr\/index.php\/wp-json\/wp\/v2\/media?parent=741475"}],"wp:term":[{"taxonomy":"product_brand","embeddable":true,"href":"https:\/\/roveyayinevi.com.tr\/index.php\/wp-json\/wp\/v2\/product_brand?post=741475"},{"taxonomy":"product_cat","embeddable":true,"href":"https:\/\/roveyayinevi.com.tr\/index.php\/wp-json\/wp\/v2\/product_cat?post=741475"},{"taxonomy":"product_tag","embeddable":true,"href":"https:\/\/roveyayinevi.com.tr\/index.php\/wp-json\/wp\/v2\/product_tag?post=741475"}],"curies":[{"name":"wp","href":"https:\/\/api.w.org\/{rel}","templated":true}]}}