{"id":741470,"date":"2025-08-28T00:50:17","date_gmt":"2025-08-27T21:50:17","guid":{"rendered":"https:\/\/roveyayinevi.com.tr\/index.php\/urun\/toptis-ilk-sozlugum\/"},"modified":"2026-04-16T02:52:41","modified_gmt":"2026-04-15T23:52:41","slug":"toptis-ilk-sozlugum","status":"publish","type":"product","link":"https:\/\/roveyayinevi.com.tr\/index.php\/urun\/toptis-ilk-sozlugum\/","title":{"rendered":"Topti\u015f \u0130lk S\u00f6zl\u00fc\u011f\u00fcm"},"content":{"rendered":"<p>\u0130ngilizce kar\u015f\u0131l\u0131klar\u0131yla birlikte iyi se\u00e7ilmi\u015f y\u00fczlerce kelimenin en g\u00fczel \u00e7izimlerle g\u00f6sterilip anlat\u0131ld\u0131\u011f\u0131 bu kitap, \u00e7ocu\u011funuzun e\u011fitiminde ilk kitaplar\u0131ndan biri olmaya aday. Bu kitab\u0131n \u015firin d\u00fcnyas\u0131na giren \u00e7ocuklar\u0131n ondan \u00e7ok ho\u015flanaca\u011f\u0131n\u0131 umuyoruz. <\/p>\n","protected":false},"excerpt":{"rendered":"<p>\u0130ngilizce kar\u015f\u0131l\u0131klar\u0131yla birlikte iyi se\u00e7ilmi\u015f y\u00fczlerce kelimenin en g\u00fczel \u00e7izimlerle g\u00f6sterilip anlat\u0131ld\u0131\u011f\u0131 bu kitap, \u00e7ocu\u011funuzun e\u011fitiminde ilk kitaplar\u0131ndan biri olmaya aday. Bu kitab\u0131n \u015firin d\u00fcnyas\u0131na giren<span class=\"excerpt-hellip\"> [\u2026]<\/span><\/p>\n","protected":false},"featured_media":0,"template":"","meta":{"_monsterinsights_skip_tracking":false,"_monsterinsights_sitenote_active":false,"_monsterinsights_sitenote_note":"","_monsterinsights_sitenote_category":0},"product_brand":[],"product_cat":[12274,15842],"product_tag":[],"class_list":{"0":"post-741470","1":"product","2":"type-product","3":"status-publish","5":"product_cat-cocuk-ve-genclik-kitaplari","6":"product_cat-egitici-kitaplar","7":"pa_cilt-ciltsiz","8":"pa_tur-kitap","9":"pa_yayinevi-kuzey-cocuk-yayinlari","10":"pa_yazar-bella-toprak","12":"first","13":"instock","14":"sale","15":"shipping-taxable","16":"purchasable","17":"product-type-simple"},"_links":{"self":[{"href":"https:\/\/roveyayinevi.com.tr\/index.php\/wp-json\/wp\/v2\/product\/741470","targetHints":{"allow":["GET"]}}],"collection":[{"href":"https:\/\/roveyayinevi.com.tr\/index.php\/wp-json\/wp\/v2\/product"}],"about":[{"href":"https:\/\/roveyayinevi.com.tr\/index.php\/wp-json\/wp\/v2\/types\/product"}],"wp:attachment":[{"href":"https:\/\/roveyayinevi.com.tr\/index.php\/wp-json\/wp\/v2\/media?parent=741470"}],"wp:term":[{"taxonomy":"product_brand","embeddable":true,"href":"https:\/\/roveyayinevi.com.tr\/index.php\/wp-json\/wp\/v2\/product_brand?post=741470"},{"taxonomy":"product_cat","embeddable":true,"href":"https:\/\/roveyayinevi.com.tr\/index.php\/wp-json\/wp\/v2\/product_cat?post=741470"},{"taxonomy":"product_tag","embeddable":true,"href":"https:\/\/roveyayinevi.com.tr\/index.php\/wp-json\/wp\/v2\/product_tag?post=741470"}],"curies":[{"name":"wp","href":"https:\/\/api.w.org\/{rel}","templated":true}]}}