{"id":741469,"date":"2025-08-28T00:50:15","date_gmt":"2025-08-27T21:50:15","guid":{"rendered":"https:\/\/roveyayinevi.com.tr\/index.php\/urun\/kayip-kalyon\/"},"modified":"2026-04-16T02:52:41","modified_gmt":"2026-04-15T23:52:41","slug":"kayip-kalyon","status":"publish","type":"product","link":"https:\/\/roveyayinevi.com.tr\/index.php\/urun\/kayip-kalyon\/","title":{"rendered":"Kay\u0131p Kalyon"},"content":{"rendered":"<p>Egon ve Roger kap\u0131ya ilerlediler ve tam kap\u0131dan \u00e7\u0131kacaklar\u0131 s\u0131rada Egon i\u00e7erden gelen b\u0131\u00e7ak v\u0131nlamas\u0131n\u0131 ve yere d\u00fc\u015fen g\u00f6vdenin \u00e7\u0131kard\u0131\u011f\u0131 sesi duydu. Arkas\u0131na bakt\u0131\u011f\u0131nda Elena\u2019n\u0131n bo\u011faz\u0131 kesik bir \u015fekilde yerde can \u00e7eki\u015fti\u011fini fark etti. Elena donuk g\u00f6zlerle Egon\u2019a bak\u0131yordu. B\u0131\u00e7a\u011f\u0131 kullanan muhaf\u0131z Elena\u2019n\u0131n g\u00f6\u011f\u00fcs kafesine bir sar\u0131 g\u00fcl b\u0131rakt\u0131 ve Volvo\u2019ya do\u011fru y\u00fcr\u00fcd\u00fc.   \u201cYine G\u00fcl\u2013Ha\u00e7l\u0131lara m\u0131 y\u0131kt\u0131n yani Roger, \u00e7ok garanticisin\u2026 Hadi ama\u2026 \u00d6lmesi gerekmezdi\u201d dedi Egon g\u00fcne\u015f g\u00f6zl\u00fc\u011f\u00fcn\u00fc takarken. Roger\u2019in y\u00fcz\u00fcndeki pis g\u00fcl\u00fcmsemeyi g\u00f6rm\u00fc\u015ft\u00fc. \u0130stanbul\u2019da ellerinden ka\u00e7an Elena G\u00f6k\u00e7eada\u2019da son kez kar\u015f\u0131lar\u0131na \u00e7\u0131km\u0131\u015ft\u0131. <\/p>\n","protected":false},"excerpt":{"rendered":"<p>Egon ve Roger kap\u0131ya ilerlediler ve tam kap\u0131dan \u00e7\u0131kacaklar\u0131 s\u0131rada Egon i\u00e7erden gelen b\u0131\u00e7ak v\u0131nlamas\u0131n\u0131 ve yere d\u00fc\u015fen g\u00f6vdenin \u00e7\u0131kard\u0131\u011f\u0131 sesi duydu. Arkas\u0131na bakt\u0131\u011f\u0131nda Elena\u2019n\u0131n bo\u011faz\u0131<span class=\"excerpt-hellip\"> [\u2026]<\/span><\/p>\n","protected":false},"featured_media":0,"template":"","meta":{"_monsterinsights_skip_tracking":false,"_monsterinsights_sitenote_active":false,"_monsterinsights_sitenote_note":"","_monsterinsights_sitenote_category":0},"product_brand":[],"product_cat":[12291,12711],"product_tag":[],"class_list":{"0":"post-741469","1":"product","2":"type-product","3":"status-publish","5":"product_cat-edebiyat","6":"product_cat-roman-oyku","7":"pa_cilt-ciltsiz","8":"pa_tur-kitap","9":"pa_yayinevi-nar-agaci-yayinlari","10":"pa_yazar-ufuk-cankaya","12":"first","13":"instock","14":"sale","15":"shipping-taxable","16":"purchasable","17":"product-type-simple"},"_links":{"self":[{"href":"https:\/\/roveyayinevi.com.tr\/index.php\/wp-json\/wp\/v2\/product\/741469","targetHints":{"allow":["GET"]}}],"collection":[{"href":"https:\/\/roveyayinevi.com.tr\/index.php\/wp-json\/wp\/v2\/product"}],"about":[{"href":"https:\/\/roveyayinevi.com.tr\/index.php\/wp-json\/wp\/v2\/types\/product"}],"wp:attachment":[{"href":"https:\/\/roveyayinevi.com.tr\/index.php\/wp-json\/wp\/v2\/media?parent=741469"}],"wp:term":[{"taxonomy":"product_brand","embeddable":true,"href":"https:\/\/roveyayinevi.com.tr\/index.php\/wp-json\/wp\/v2\/product_brand?post=741469"},{"taxonomy":"product_cat","embeddable":true,"href":"https:\/\/roveyayinevi.com.tr\/index.php\/wp-json\/wp\/v2\/product_cat?post=741469"},{"taxonomy":"product_tag","embeddable":true,"href":"https:\/\/roveyayinevi.com.tr\/index.php\/wp-json\/wp\/v2\/product_tag?post=741469"}],"curies":[{"name":"wp","href":"https:\/\/api.w.org\/{rel}","templated":true}]}}