{"id":741463,"date":"2025-08-28T00:50:09","date_gmt":"2025-08-27T21:50:09","guid":{"rendered":"https:\/\/roveyayinevi.com.tr\/index.php\/urun\/iktisat-ve-toplum-dergisi-139-sayi\/"},"modified":"2026-04-16T02:52:41","modified_gmt":"2026-04-15T23:52:41","slug":"iktisat-ve-toplum-dergisi-139-sayi","status":"publish","type":"product","link":"https:\/\/roveyayinevi.com.tr\/index.php\/urun\/iktisat-ve-toplum-dergisi-139-sayi\/","title":{"rendered":"\u0130ktisat ve Toplum Dergisi 139. Say\u0131"},"content":{"rendered":"<p>Ukrayna\u2019n\u0131n Brest-Litovsk\u2019ta Do\u011fu\u015fu ve Erken \u00d6l\u00fcm\u00fc Ergun T\u00fcrkcan   Rusya-Ukrayna Sava\u015f\u0131 Sonras\u0131nda Yeni Enerji D\u00fczeni ve G\u00fcney Gaz Koridoru\u2019nun Yeni Oyuncular\u0131 Cenk Pala   \u0130klim Kriziyle M\u00fccadele Arac\u0131 Olarak Karbonu Fiyatlamak: ETS Deneyimi ve T\u00fcrkiye i\u00e7in Dersler A. Erin\u00e7 Yeldan   Yuvarlak Masa: \u00d6mer Faruk \u00c7olak, G\u00fcven Sak, Serdar Sayan   K\u00fcresel Ekonomideki Geli\u015fmeler Alt\u0131nda Mek\u00e2nsal \u0130ktisat Tart\u0131\u015fmalar\u0131na D\u00f6n\u00fc\u015f Fatma Do\u011fruel, A. Suut Do\u011fruel   Yoksulla\u015ft\u0131ran D\u0131\u015f Ticaret Osman Aydo\u011fu\u015f   Parasal Olan ve Parasal Olmayan C\u00f6mertlik \u00dczerine Hande Erkut   Bitmeyen Tart\u0131\u015fma: \u201cEn az \u00fc\u00e7 \u00e7ocuk!\u201d M. Aykut Attar   \u0130ktisadi \u0130nsandan \u0130nsan \u0130ktisad\u0131na Temsili \u00d6zne Sorunsal\u0131 Ercan Eren   Sanat\u0131n Politik Ekonomisi-I T\u00fcrkiye\u2019de Oyunculu\u011fun Politik Ekonomisi Sacit Hadi Akdede   T\u00fcrkiye\u2019nin Otomobilleri Berk Kayabal\u0131 <\/p>\n","protected":false},"excerpt":{"rendered":"<p>Ukrayna\u2019n\u0131n Brest-Litovsk\u2019ta Do\u011fu\u015fu ve Erken \u00d6l\u00fcm\u00fc Ergun T\u00fcrkcan Rusya-Ukrayna Sava\u015f\u0131 Sonras\u0131nda Yeni Enerji D\u00fczeni ve G\u00fcney Gaz Koridoru\u2019nun Yeni Oyuncular\u0131 Cenk Pala \u0130klim Kriziyle M\u00fccadele Arac\u0131<span class=\"excerpt-hellip\"> [\u2026]<\/span><\/p>\n","protected":false},"featured_media":0,"template":"","meta":{"_monsterinsights_skip_tracking":false,"_monsterinsights_sitenote_active":false,"_monsterinsights_sitenote_note":"","_monsterinsights_sitenote_category":0},"product_brand":[],"product_cat":[17574,13527],"product_tag":[],"class_list":{"0":"post-741463","1":"product","2":"type-product","3":"status-publish","5":"product_cat-politika","6":"product_cat-sureli-yayinlar","7":"pa_cilt-ciltsiz","8":"pa_tur-kitap","9":"pa_yayinevi-efil-yayinevi-dergi","10":"pa_yazar-efil-yayinevi-kolektif","12":"first","13":"instock","14":"sale","15":"shipping-taxable","16":"purchasable","17":"product-type-simple"},"_links":{"self":[{"href":"https:\/\/roveyayinevi.com.tr\/index.php\/wp-json\/wp\/v2\/product\/741463","targetHints":{"allow":["GET"]}}],"collection":[{"href":"https:\/\/roveyayinevi.com.tr\/index.php\/wp-json\/wp\/v2\/product"}],"about":[{"href":"https:\/\/roveyayinevi.com.tr\/index.php\/wp-json\/wp\/v2\/types\/product"}],"wp:attachment":[{"href":"https:\/\/roveyayinevi.com.tr\/index.php\/wp-json\/wp\/v2\/media?parent=741463"}],"wp:term":[{"taxonomy":"product_brand","embeddable":true,"href":"https:\/\/roveyayinevi.com.tr\/index.php\/wp-json\/wp\/v2\/product_brand?post=741463"},{"taxonomy":"product_cat","embeddable":true,"href":"https:\/\/roveyayinevi.com.tr\/index.php\/wp-json\/wp\/v2\/product_cat?post=741463"},{"taxonomy":"product_tag","embeddable":true,"href":"https:\/\/roveyayinevi.com.tr\/index.php\/wp-json\/wp\/v2\/product_tag?post=741463"}],"curies":[{"name":"wp","href":"https:\/\/api.w.org\/{rel}","templated":true}]}}