{"id":741461,"date":"2025-08-28T00:50:07","date_gmt":"2025-08-27T21:50:07","guid":{"rendered":"https:\/\/roveyayinevi.com.tr\/index.php\/urun\/sahipsiz-devlet\/"},"modified":"2026-04-16T02:52:41","modified_gmt":"2026-04-15T23:52:41","slug":"sahipsiz-devlet","status":"publish","type":"product","link":"https:\/\/roveyayinevi.com.tr\/index.php\/urun\/sahipsiz-devlet\/","title":{"rendered":"Sahipsiz Devlet"},"content":{"rendered":"<p>Cehalet; kavramlar\u0131n, olgular\u0131n belirsizli\u011fi, bulan\u0131kl\u0131\u011f\u0131d\u0131r. Bir kavram net ifade edilmemi\u015f veya anla\u015f\u0131lmam\u0131\u015fsa, o kavram\u0131n bulan\u0131kl\u0131\u011f\u0131 giderilmedi\u011fi s\u00fcrece, birey hayat\u0131na y\u00f6n \u00e7izemez, toplum ise i\u00e7ine d\u00fc\u015ft\u00fc\u011f\u00fc kaos ve \u00e7alkant\u0131dan kurtulamaz, hastalan\u0131r, giderek \u00e7\u00fcr\u00fcr, \u00e7\u00f6ker ve batar. \u0130deologlar devleti anlat\u0131rken, sa\u011fc\u0131lar devleti putla\u015ft\u0131r\u0131yor, bilinmez, eri\u015filmez, u\u011fruna \u00f6l\u00fcmlere gidilen bir g\u00f6kselli\u011fe ta\u015f\u0131yorlar. Solcular da devleti patronla\u015ft\u0131r\u0131yor, m\u00fclkiyetini y\u00fcceltiyor, tanr\u0131salla\u015ft\u0131r\u0131yorlar. Ama her ikisi de kavram\u0131 hamaset balonunda \u015fi\u015firip u\u00e7uruyorlar.   Sonu\u00e7 itibar\u0131yla ortaya somut bir devlet tan\u0131m\u0131 konulmuyor. B\u00f6yle olunca devlete sahip \u00e7\u0131kt\u0131\u011f\u0131n\u0131 zannedenler ger\u00e7ekte neye sahip \u00e7\u0131kt\u0131\u011f\u0131n\u0131 bilmiyor, devlete kar\u015f\u0131 duranlar da neye kar\u015f\u0131 durduklar\u0131n\u0131 bilmiyor, bindi\u011fi dal\u0131 kesiyorlar. Ya da devlete \u201csahip \u00e7\u0131k\u0131yormu\u015f\u201d gibi yapanlarla \u201ckar\u015f\u0131ym\u0131\u015f\u201d gibi yapanlar\u0131n kay\u0131k\u00e7\u0131 kavgas\u0131 aras\u0131nday\u0131z.   Bu kitap devlet kavram\u0131 ile ilgili en temel paradigmalar\u0131 ele al\u0131p b\u00fct\u00fcnl\u00fckl\u00fc bir fikir olu\u015fturmay\u0131 hedeflemektedir. <\/p>\n","protected":false},"excerpt":{"rendered":"<p>Cehalet; kavramlar\u0131n, olgular\u0131n belirsizli\u011fi, bulan\u0131kl\u0131\u011f\u0131d\u0131r. Bir kavram net ifade edilmemi\u015f veya anla\u015f\u0131lmam\u0131\u015fsa, o kavram\u0131n bulan\u0131kl\u0131\u011f\u0131 giderilmedi\u011fi s\u00fcrece, birey hayat\u0131na y\u00f6n \u00e7izemez, toplum ise i\u00e7ine d\u00fc\u015ft\u00fc\u011f\u00fc kaos<span class=\"excerpt-hellip\"> [\u2026]<\/span><\/p>\n","protected":false},"featured_media":0,"template":"","meta":{"_monsterinsights_skip_tracking":false,"_monsterinsights_sitenote_active":false,"_monsterinsights_sitenote_note":"","_monsterinsights_sitenote_category":0},"product_brand":[],"product_cat":[13059,12337],"product_tag":[],"class_list":{"0":"post-741461","1":"product","2":"type-product","3":"status-publish","5":"product_cat-diger-politika-siyaset","6":"product_cat-politika-siyaset","7":"pa_cilt-ciltsiz","8":"pa_tur-kitap","9":"pa_yayinevi-la-kitap-yayinlari","10":"pa_yazar-haydar-ersoz","12":"first","13":"instock","14":"sale","15":"shipping-taxable","16":"purchasable","17":"product-type-simple"},"_links":{"self":[{"href":"https:\/\/roveyayinevi.com.tr\/index.php\/wp-json\/wp\/v2\/product\/741461","targetHints":{"allow":["GET"]}}],"collection":[{"href":"https:\/\/roveyayinevi.com.tr\/index.php\/wp-json\/wp\/v2\/product"}],"about":[{"href":"https:\/\/roveyayinevi.com.tr\/index.php\/wp-json\/wp\/v2\/types\/product"}],"wp:attachment":[{"href":"https:\/\/roveyayinevi.com.tr\/index.php\/wp-json\/wp\/v2\/media?parent=741461"}],"wp:term":[{"taxonomy":"product_brand","embeddable":true,"href":"https:\/\/roveyayinevi.com.tr\/index.php\/wp-json\/wp\/v2\/product_brand?post=741461"},{"taxonomy":"product_cat","embeddable":true,"href":"https:\/\/roveyayinevi.com.tr\/index.php\/wp-json\/wp\/v2\/product_cat?post=741461"},{"taxonomy":"product_tag","embeddable":true,"href":"https:\/\/roveyayinevi.com.tr\/index.php\/wp-json\/wp\/v2\/product_tag?post=741461"}],"curies":[{"name":"wp","href":"https:\/\/api.w.org\/{rel}","templated":true}]}}