{"id":741458,"date":"2025-08-28T00:50:04","date_gmt":"2025-08-27T21:50:04","guid":{"rendered":"https:\/\/roveyayinevi.com.tr\/index.php\/urun\/gelmis-gecmis-en-buyuk-matematikciler\/"},"modified":"2026-04-16T02:52:41","modified_gmt":"2026-04-15T23:52:41","slug":"gelmis-gecmis-en-buyuk-matematikciler","status":"publish","type":"product","link":"https:\/\/roveyayinevi.com.tr\/index.php\/urun\/gelmis-gecmis-en-buyuk-matematikciler\/","title":{"rendered":"Gelmi\u015f Ge\u00e7mi\u015f En B\u00fcy\u00fck Matematik\u00e7iler"},"content":{"rendered":"<p>Hipoten\u00fcs nedir? Pi say\u0131s\u0131 nas\u0131l bulundu? Say\u0131lar\u0131n hayat\u0131m\u0131zdaki nas\u0131l ne?   Matematik bilimine ad\u0131m atmaya ve \u00f6nemli bilim insanlar\u0131yla tan\u0131\u015fmaya haz\u0131r m\u0131s\u0131n?   Thales, Pisagor, Ar\u015fimet, Hayyam, Germain ve \u00f6nemli bir\u00e7ok bilim insan\u0131n\u0131 birlikte tan\u0131yoruz. Bilim insanlar\u0131n\u0131 tan\u0131rken \u00e7al\u0131\u015fmalar\u0131n\u0131 da \u00f6\u011freniyoruz. <\/p>\n","protected":false},"excerpt":{"rendered":"<p>Hipoten\u00fcs nedir? Pi say\u0131s\u0131 nas\u0131l bulundu? Say\u0131lar\u0131n hayat\u0131m\u0131zdaki nas\u0131l ne? Matematik bilimine ad\u0131m atmaya ve \u00f6nemli bilim insanlar\u0131yla tan\u0131\u015fmaya haz\u0131r m\u0131s\u0131n? Thales, Pisagor, Ar\u015fimet, Hayyam, Germain<span class=\"excerpt-hellip\"> [\u2026]<\/span><\/p>\n","protected":false},"featured_media":0,"template":"","meta":{"_monsterinsights_skip_tracking":false,"_monsterinsights_sitenote_active":false,"_monsterinsights_sitenote_note":"","_monsterinsights_sitenote_category":0},"product_brand":[],"product_cat":[12274,15842],"product_tag":[],"class_list":{"0":"post-741458","1":"product","2":"type-product","3":"status-publish","5":"product_cat-cocuk-ve-genclik-kitaplari","6":"product_cat-egitici-kitaplar","7":"pa_cilt-ciltsiz","8":"pa_tur-kitap","9":"pa_yayinevi-the-kitap","10":"pa_yazar-saranne-taylor","12":"first","13":"instock","14":"sale","15":"shipping-taxable","16":"purchasable","17":"product-type-simple"},"_links":{"self":[{"href":"https:\/\/roveyayinevi.com.tr\/index.php\/wp-json\/wp\/v2\/product\/741458","targetHints":{"allow":["GET"]}}],"collection":[{"href":"https:\/\/roveyayinevi.com.tr\/index.php\/wp-json\/wp\/v2\/product"}],"about":[{"href":"https:\/\/roveyayinevi.com.tr\/index.php\/wp-json\/wp\/v2\/types\/product"}],"wp:attachment":[{"href":"https:\/\/roveyayinevi.com.tr\/index.php\/wp-json\/wp\/v2\/media?parent=741458"}],"wp:term":[{"taxonomy":"product_brand","embeddable":true,"href":"https:\/\/roveyayinevi.com.tr\/index.php\/wp-json\/wp\/v2\/product_brand?post=741458"},{"taxonomy":"product_cat","embeddable":true,"href":"https:\/\/roveyayinevi.com.tr\/index.php\/wp-json\/wp\/v2\/product_cat?post=741458"},{"taxonomy":"product_tag","embeddable":true,"href":"https:\/\/roveyayinevi.com.tr\/index.php\/wp-json\/wp\/v2\/product_tag?post=741458"}],"curies":[{"name":"wp","href":"https:\/\/api.w.org\/{rel}","templated":true}]}}