{"id":741457,"date":"2025-08-28T00:50:02","date_gmt":"2025-08-27T21:50:02","guid":{"rendered":"https:\/\/roveyayinevi.com.tr\/index.php\/urun\/kadinanalar\/"},"modified":"2026-04-16T02:52:41","modified_gmt":"2026-04-15T23:52:41","slug":"kadinanalar","status":"publish","type":"product","link":"https:\/\/roveyayinevi.com.tr\/index.php\/urun\/kadinanalar\/","title":{"rendered":"Kad\u0131nanalar"},"content":{"rendered":"<p>Hem gelece\u011fi, hem ge\u00e7mi\u015fi; bug\u00fcnle beraber ayn\u0131 anda ya\u015fayabilen Melek, Tarih B\u00f6l\u00fcm\u00fc tez haz\u0131rl\u0131\u011f\u0131 i\u00e7indedir. Bu tez ara\u015ft\u0131rmas\u0131 onu III. Alaeddin Keykubat\u2019\u0131n \u00fc\u00e7 k\u0131z\u0131 ile birlikte Karahisar-\u0131 Sahip\u2019e g\u00f6t\u00fcr\u00fcyor. Bu kitapta; nereden ka\u00e7t\u0131klar\u0131, neden ka\u00e7t\u0131klar\u0131, ka\u00e7arken ve sonras\u0131nda ya\u015fad\u0131klar\u0131 olaylar\u0131 g\u00f6zler \u00f6n\u00fcne seriyor. Bu \u015fehirde unutulmaz efsane olan Kad\u0131nanalar\u0131n hayat\u0131n\u0131 okuyacaks\u0131n\u0131z. <\/p>\n","protected":false},"excerpt":{"rendered":"<p>Hem gelece\u011fi, hem ge\u00e7mi\u015fi; bug\u00fcnle beraber ayn\u0131 anda ya\u015fayabilen Melek, Tarih B\u00f6l\u00fcm\u00fc tez haz\u0131rl\u0131\u011f\u0131 i\u00e7indedir. Bu tez ara\u015ft\u0131rmas\u0131 onu III. Alaeddin Keykubat\u2019\u0131n \u00fc\u00e7 k\u0131z\u0131 ile birlikte<span class=\"excerpt-hellip\"> [\u2026]<\/span><\/p>\n","protected":false},"featured_media":0,"template":"","meta":{"_monsterinsights_skip_tracking":false,"_monsterinsights_sitenote_active":false,"_monsterinsights_sitenote_note":"","_monsterinsights_sitenote_category":0},"product_brand":[],"product_cat":[12291,12711],"product_tag":[],"class_list":{"0":"post-741457","1":"product","2":"type-product","3":"status-publish","5":"product_cat-edebiyat","6":"product_cat-roman-oyku","7":"pa_cilt-ciltsiz","8":"pa_tur-kitap","9":"pa_yayinevi-atac-yayinlari","10":"pa_yazar-murside-oklu-ayhan","12":"first","13":"instock","14":"sale","15":"shipping-taxable","16":"purchasable","17":"product-type-simple"},"_links":{"self":[{"href":"https:\/\/roveyayinevi.com.tr\/index.php\/wp-json\/wp\/v2\/product\/741457","targetHints":{"allow":["GET"]}}],"collection":[{"href":"https:\/\/roveyayinevi.com.tr\/index.php\/wp-json\/wp\/v2\/product"}],"about":[{"href":"https:\/\/roveyayinevi.com.tr\/index.php\/wp-json\/wp\/v2\/types\/product"}],"wp:attachment":[{"href":"https:\/\/roveyayinevi.com.tr\/index.php\/wp-json\/wp\/v2\/media?parent=741457"}],"wp:term":[{"taxonomy":"product_brand","embeddable":true,"href":"https:\/\/roveyayinevi.com.tr\/index.php\/wp-json\/wp\/v2\/product_brand?post=741457"},{"taxonomy":"product_cat","embeddable":true,"href":"https:\/\/roveyayinevi.com.tr\/index.php\/wp-json\/wp\/v2\/product_cat?post=741457"},{"taxonomy":"product_tag","embeddable":true,"href":"https:\/\/roveyayinevi.com.tr\/index.php\/wp-json\/wp\/v2\/product_tag?post=741457"}],"curies":[{"name":"wp","href":"https:\/\/api.w.org\/{rel}","templated":true}]}}