{"id":741456,"date":"2025-08-28T00:50:01","date_gmt":"2025-08-27T21:50:01","guid":{"rendered":"https:\/\/roveyayinevi.com.tr\/index.php\/urun\/kisa-azerbaycan-tarihi\/"},"modified":"2026-04-16T02:52:41","modified_gmt":"2026-04-15T23:52:41","slug":"kisa-azerbaycan-tarihi","status":"publish","type":"product","link":"https:\/\/roveyayinevi.com.tr\/index.php\/urun\/kisa-azerbaycan-tarihi\/","title":{"rendered":"K\u0131sa Azerbaycan Tarihi"},"content":{"rendered":"<p>Azerbaycan tarih boyunca farkl\u0131 milletlerin dikkatini \u00e7ekmi\u015f, \u00fczerinde m\u00fccadelelerin ya\u015fand\u0131\u011f\u0131 bir b\u00f6lge olmu\u015ftur. Tarihin en erken d\u00f6nemlerinden itibaren insan yerle\u015fimlerine sahne olan Azerbaycan, ayn\u0131 zamanda \u00e7e\u015fitli T\u00fcrk topluluklar\u0131n\u0131n tarihi yerle\u015fim yerlerinden birisi haline gelmi\u015ftir. B\u00f6lgede bir\u00e7ok medeniyetin varolmas\u0131 sosyal, ekonomik ve k\u00fclt\u00fcrel bir zenginli\u011fi de beraberinde getirmi\u015ftir. Bununla birlikte Azerbaycan tarihi, eski \u00e7a\u011flardan g\u00fcn\u00fcm\u00fcze kadar okuyucuya sunulurken sosyal ve k\u00fclt\u00fcrel hayata dair bilgiler de verilmektedir. Co\u011frafyan\u0131n Azerbaycan tarihini nas\u0131l etkiledi\u011fine dair sebep sonu\u00e7 ili\u015fkisi i\u00e7erisinde arad\u0131\u011f\u0131n\u0131z sorular\u0131n yan\u0131tlar\u0131n\u0131 yine bu kitapta bulabilirsiniz. Kitapta bulunan 10 b\u00f6l\u00fcm, kronolojik olarak verilerek siyasi, ekonomik, k\u00fclt\u00fcrel, sanatsal ve edebi konularla ilgili her \u00e7e\u015fit soruya cevap vermektedir. Azerbaycan tarihi hakk\u0131nda merak etti\u011finiz konular\u0131 bu kitapta bulabilirsiniz. <\/p>\n","protected":false},"excerpt":{"rendered":"<p>Azerbaycan tarih boyunca farkl\u0131 milletlerin dikkatini \u00e7ekmi\u015f, \u00fczerinde m\u00fccadelelerin ya\u015fand\u0131\u011f\u0131 bir b\u00f6lge olmu\u015ftur. Tarihin en erken d\u00f6nemlerinden itibaren insan yerle\u015fimlerine sahne olan Azerbaycan, ayn\u0131 zamanda \u00e7e\u015fitli<span class=\"excerpt-hellip\"> [\u2026]<\/span><\/p>\n","protected":false},"featured_media":0,"template":"","meta":{"_monsterinsights_skip_tracking":false,"_monsterinsights_sitenote_active":false,"_monsterinsights_sitenote_note":"","_monsterinsights_sitenote_category":0},"product_brand":[],"product_cat":[12370,12304],"product_tag":[],"class_list":{"0":"post-741456","1":"product","2":"type-product","3":"status-publish","5":"product_cat-arastirma-inceleme","6":"product_cat-tarih","7":"pa_cilt-ciltsiz","8":"pa_tur-kitap","9":"pa_yayinevi-yeditepe-yayinevi","10":"pa_yazar-ramin-sadik","12":"first","13":"instock","14":"sale","15":"shipping-taxable","16":"purchasable","17":"product-type-simple"},"_links":{"self":[{"href":"https:\/\/roveyayinevi.com.tr\/index.php\/wp-json\/wp\/v2\/product\/741456","targetHints":{"allow":["GET"]}}],"collection":[{"href":"https:\/\/roveyayinevi.com.tr\/index.php\/wp-json\/wp\/v2\/product"}],"about":[{"href":"https:\/\/roveyayinevi.com.tr\/index.php\/wp-json\/wp\/v2\/types\/product"}],"wp:attachment":[{"href":"https:\/\/roveyayinevi.com.tr\/index.php\/wp-json\/wp\/v2\/media?parent=741456"}],"wp:term":[{"taxonomy":"product_brand","embeddable":true,"href":"https:\/\/roveyayinevi.com.tr\/index.php\/wp-json\/wp\/v2\/product_brand?post=741456"},{"taxonomy":"product_cat","embeddable":true,"href":"https:\/\/roveyayinevi.com.tr\/index.php\/wp-json\/wp\/v2\/product_cat?post=741456"},{"taxonomy":"product_tag","embeddable":true,"href":"https:\/\/roveyayinevi.com.tr\/index.php\/wp-json\/wp\/v2\/product_tag?post=741456"}],"curies":[{"name":"wp","href":"https:\/\/api.w.org\/{rel}","templated":true}]}}