{"id":741448,"date":"2025-08-28T00:49:53","date_gmt":"2025-08-27T21:49:53","guid":{"rendered":"https:\/\/roveyayinevi.com.tr\/index.php\/urun\/antik-uygarliklarin-tarim-sosyolojisi\/"},"modified":"2026-04-16T02:52:41","modified_gmt":"2026-04-15T23:52:41","slug":"antik-uygarliklarin-tarim-sosyolojisi","status":"publish","type":"product","link":"https:\/\/roveyayinevi.com.tr\/index.php\/urun\/antik-uygarliklarin-tarim-sosyolojisi\/","title":{"rendered":"Antik Uygarl\u0131klar\u0131n Tar\u0131m Sosyolojisi"},"content":{"rendered":"<p>Modern sosyolojinin kurucular\u0131ndan biri say\u0131lan ve sosyolojik y\u00f6ntemi yetkinle\u015ftiren Max Weber\u2019in iktisat\u00e7\u0131, hukuk\u00e7u ve tarih\u00e7i y\u00f6n\u00fc zaman zaman g\u00f6z ard\u0131 edilmi\u015f, g\u00f6r\u00fc\u015fleri \u2018idealist\u2019 diye yaftalan\u0131p genellikle Karl Marx\u2019\u0131n fikirlerinin kar\u015f\u0131s\u0131na konmu\u015ftur.  Kimilerince \u2018Antik\u00e7a\u011f\u0131n toplumsal ve iktisadi geli\u015fimi hakk\u0131nda bug\u00fcne dek yaz\u0131lm\u0131\u015f en \u00f6zg\u00fcn ve derinlikli \u00e7al\u0131\u015fmalardan biri\u2019 olarak g\u00f6r\u00fclen elinizdeki kitap, bir bak\u0131ma Weber\u2019in i\u015fte bu gibi \u00f6nyarg\u0131lara bir itiraz\u0131d\u0131r. Weber, uzun s\u00fcre boyunca g\u00f6rmezden gelinmi\u015f, de\u011feri sonralar\u0131 anla\u015f\u0131lm\u0131\u015f bu \u00e7al\u0131\u015fmas\u0131nda sosyoloji, iktisat ve hukuk bilgisiyle donanm\u0131\u015f bir tarih\u00e7i g\u00f6z\u00fcyle 3000 y\u0131ll\u0131k bir tarih boyunca siyasi ve entelekt\u00fcel geli\u015fmeleri \u015fekillendiren kurumsal \u00e7er\u00e7evenin izini s\u00fcr\u00fcyor. Antik\u00e7a\u011f\u0131n M\u0131s\u0131r, Roma, Mezopotamya ve Ege uygarl\u0131klar\u0131n\u0131n iktisadi ve s\u0131n\u0131fsal ili\u015fkilerini somut, maddi ko\u015fullar\u0131ndan hareketle ve hayranl\u0131k uyand\u0131r\u0131c\u0131 bilgi birikimi ve tart\u0131\u015fmac\u0131 tavr\u0131yla \u00e7\u00f6z\u00fcmlerken, bug\u00fcn bildi\u011fimiz kapitalizmin neden Antik\u00e7a\u011f yerine feodal Orta\u00e7a\u011fda sahneye \u00e7\u0131kt\u0131\u011f\u0131 sorusuna bir yan\u0131t ar\u0131yor.<\/p>\n","protected":false},"excerpt":{"rendered":"<p>Modern sosyolojinin kurucular\u0131ndan biri say\u0131lan ve sosyolojik y\u00f6ntemi yetkinle\u015ftiren Max Weber\u2019in iktisat\u00e7\u0131, hukuk\u00e7u ve tarih\u00e7i y\u00f6n\u00fc zaman zaman g\u00f6z ard\u0131 edilmi\u015f, g\u00f6r\u00fc\u015fleri \u2018idealist\u2019 diye yaftalan\u0131p genellikle<span class=\"excerpt-hellip\"> [\u2026]<\/span><\/p>\n","protected":false},"featured_media":0,"template":"","meta":{"_monsterinsights_skip_tracking":false,"_monsterinsights_sitenote_active":false,"_monsterinsights_sitenote_note":"","_monsterinsights_sitenote_category":0},"product_brand":[],"product_cat":[12389,12388],"product_tag":[],"class_list":{"0":"post-741448","1":"product","2":"type-product","3":"status-publish","5":"product_cat-diger-felsefe","6":"product_cat-felsefe","7":"pa_cilt-ciltsiz","8":"pa_tur-kitap","9":"pa_yayinevi-fol-kitap","10":"pa_yazar-max-weber","12":"first","13":"instock","14":"sale","15":"shipping-taxable","16":"purchasable","17":"product-type-simple"},"_links":{"self":[{"href":"https:\/\/roveyayinevi.com.tr\/index.php\/wp-json\/wp\/v2\/product\/741448","targetHints":{"allow":["GET"]}}],"collection":[{"href":"https:\/\/roveyayinevi.com.tr\/index.php\/wp-json\/wp\/v2\/product"}],"about":[{"href":"https:\/\/roveyayinevi.com.tr\/index.php\/wp-json\/wp\/v2\/types\/product"}],"wp:attachment":[{"href":"https:\/\/roveyayinevi.com.tr\/index.php\/wp-json\/wp\/v2\/media?parent=741448"}],"wp:term":[{"taxonomy":"product_brand","embeddable":true,"href":"https:\/\/roveyayinevi.com.tr\/index.php\/wp-json\/wp\/v2\/product_brand?post=741448"},{"taxonomy":"product_cat","embeddable":true,"href":"https:\/\/roveyayinevi.com.tr\/index.php\/wp-json\/wp\/v2\/product_cat?post=741448"},{"taxonomy":"product_tag","embeddable":true,"href":"https:\/\/roveyayinevi.com.tr\/index.php\/wp-json\/wp\/v2\/product_tag?post=741448"}],"curies":[{"name":"wp","href":"https:\/\/api.w.org\/{rel}","templated":true}]}}