{"id":741445,"date":"2025-08-28T00:49:50","date_gmt":"2025-08-27T21:49:50","guid":{"rendered":"https:\/\/roveyayinevi.com.tr\/index.php\/urun\/debreli-hasan\/"},"modified":"2026-04-07T02:58:35","modified_gmt":"2026-04-06T23:58:35","slug":"debreli-hasan","status":"publish","type":"product","link":"https:\/\/roveyayinevi.com.tr\/index.php\/urun\/debreli-hasan\/","title":{"rendered":"Debreli Hasan"},"content":{"rendered":"<p>Debreli Hasan, 22 y\u0131l\u0131 a\u015fk\u0131n bir s\u00fcre da\u011flarda ya\u015fad\u0131. H\u00fck\u00fcmet kuvvetleri ve Balkanlar\u2019daki milletlere mensup komitac\u0131 ve \u00e7eteler fellik fellik onu aramalar\u0131na ra\u011fmen, ne yakalayabildiler ne de \u00f6ld\u00fcrebildiler\u2026 E\u015fk\u0131yal\u0131k tarihinde ba\u015fka bir \u00f6rnek yoktur. Debreli d\u0131\u015f\u0131nda, hakk\u0131nda say\u0131s\u0131z t\u00fcrk\u00fc yak\u0131lan ve maniler d\u00fcz\u00fclen ba\u015fka bir e\u015fk\u0131ya da yoktur. Debreli\u2019nin tek bir k\u0131zan\u0131 vard\u0131. Yani, \u00e7etesi iki ki\u015filikti! Bunun da ba\u015fka bir \u00f6rne\u011fi yoktur. Farkl\u0131 milletlere mensup pek \u00e7ok bey ve zengini soydu, alt\u0131nlar\u0131 ve paralar\u0131 yoksullara da\u011f\u0131tt\u0131. Bu ona, halk nezdinde b\u00fcy\u00fck bir \u015f\u00f6hret ve koruma kalkan\u0131 sa\u011flad\u0131. Ya\u015fam\u0131 destanla\u015ft\u0131r\u0131ld\u0131\u2026 20. y\u00fczy\u0131l\u0131n ba\u015flar\u0131nda Rumeli\u2019den bir Debreli Hasan ge\u00e7ti; destans\u0131 ve \u015fa\u015f\u0131rt\u0131c\u0131 ya\u015fam\u0131yla\u2026Osman Pamuko\u011flu Osman Pamuko\u011flu\u2019nun yay\u0131nevimizden yay\u0131mlanm\u0131\u015f di\u011fer kitaplar\u0131 \u015funlard\u0131r: Unutulanlar D\u0131\u015f\u0131nda Yeni Bir \u015eey Yok, 2004; Ey Vatan, 2004; Kara Tohum, 2005; Ayandon, 2006; Yolcu, 2007; \u0130nsan ve Devlet, 2007; Angut, 2008; Ak\u0131ll\u0131 Ol!, 2012; Siyasetin Sefaleti, 2013; Cehennemdere Kanyonu, 2013; Sava\u015f Sanat\u0131, 2014; \u00d6nder, 2016; Kafes, 2016; Strateji, 2016; Ba\u015fka Bir Hik\u00e2ye, 2017; Ba\u015f D\u00f6nd\u00fcrenler, 2017; Trampetler \u00c7alarken, 2017; Hayat Karar ve Eylemdir, 2018; K\u0131z\u0131l G\u00f6mlekliler, 2018; Devrimlerin Efendisi, 2019; \u015eamil, 2019; III. D\u00fcnya Sava\u015f\u0131, 2019; Ter\u00f6rizm ve H\u00fck\u00fcmetler, 2020; G\u00f6\u00e7, 2020; \u0130ttihat ve Terakki, 2020; Sar\u0131kam\u0131\u015f, 2021; \u0130htilal-i Nizam, 2021; Hitler, 2021; Mussolini, 2021; Napolyon, 2021; Propaganda, 2022. ileti\u015fim: osmanpamukoglu1967@gmail.com<\/p>\n","protected":false},"excerpt":{"rendered":"<p>Debreli Hasan, 22 y\u0131l\u0131 a\u015fk\u0131n bir s\u00fcre da\u011flarda ya\u015fad\u0131. H\u00fck\u00fcmet kuvvetleri ve Balkanlar\u2019daki milletlere mensup komitac\u0131 ve \u00e7eteler fellik fellik onu aramalar\u0131na ra\u011fmen, ne yakalayabildiler ne<span class=\"excerpt-hellip\"> [\u2026]<\/span><\/p>\n","protected":false},"featured_media":0,"template":"","meta":{"_monsterinsights_skip_tracking":false,"_monsterinsights_sitenote_active":false,"_monsterinsights_sitenote_note":"","_monsterinsights_sitenote_category":0},"product_brand":[],"product_cat":[12291,12711],"product_tag":[],"class_list":{"0":"post-741445","1":"product","2":"type-product","3":"status-publish","5":"product_cat-edebiyat","6":"product_cat-roman-oyku","7":"pa_cilt-ciltsiz","8":"pa_tur-kitap","9":"pa_yayinevi-inkilap-kitabevi","10":"pa_yazar-osman-pamukoglu","12":"first","13":"instock","14":"sale","15":"shipping-taxable","16":"purchasable","17":"product-type-simple"},"_links":{"self":[{"href":"https:\/\/roveyayinevi.com.tr\/index.php\/wp-json\/wp\/v2\/product\/741445","targetHints":{"allow":["GET"]}}],"collection":[{"href":"https:\/\/roveyayinevi.com.tr\/index.php\/wp-json\/wp\/v2\/product"}],"about":[{"href":"https:\/\/roveyayinevi.com.tr\/index.php\/wp-json\/wp\/v2\/types\/product"}],"wp:attachment":[{"href":"https:\/\/roveyayinevi.com.tr\/index.php\/wp-json\/wp\/v2\/media?parent=741445"}],"wp:term":[{"taxonomy":"product_brand","embeddable":true,"href":"https:\/\/roveyayinevi.com.tr\/index.php\/wp-json\/wp\/v2\/product_brand?post=741445"},{"taxonomy":"product_cat","embeddable":true,"href":"https:\/\/roveyayinevi.com.tr\/index.php\/wp-json\/wp\/v2\/product_cat?post=741445"},{"taxonomy":"product_tag","embeddable":true,"href":"https:\/\/roveyayinevi.com.tr\/index.php\/wp-json\/wp\/v2\/product_tag?post=741445"}],"curies":[{"name":"wp","href":"https:\/\/api.w.org\/{rel}","templated":true}]}}