{"id":741444,"date":"2025-08-28T00:49:48","date_gmt":"2025-08-27T21:49:48","guid":{"rendered":"https:\/\/roveyayinevi.com.tr\/index.php\/urun\/geronimo-2\/"},"modified":"2026-04-16T02:52:40","modified_gmt":"2026-04-15T23:52:40","slug":"geronimo-2","status":"publish","type":"product","link":"https:\/\/roveyayinevi.com.tr\/index.php\/urun\/geronimo-2\/","title":{"rendered":"Geronimo"},"content":{"rendered":"<p>Geronimo, K\u0131z\u0131lderililerin Apa\u00e7i boyuna mensup bir sava\u015f lideri, \u015fef ve \u015famand\u0131r\u2026 Meksikal\u0131lar ile Amerikal\u0131lar\u0131n K\u0131z\u0131lderili topraklar\u0131n\u0131 i\u015fgal etmelerine ve onlar\u0131 k\u00f6le yapmalar\u0131na kar\u015f\u0131, destans\u0131 bir m\u00fccadele veren \u201cSon Sava\u015f\u00e7\u0131\u201dd\u0131r. Korkmaz, pes etmez, vazge\u00e7mez ve boyun e\u011fmez bir karaktere sahipti\u2026 On yedi ya\u015f\u0131na geldi\u011finde g\u00fcnde yetmi\u015f mil ko\u015fabiliyor, bunun yar\u0131m g\u00fcn\u00fcnde a\u011fz\u0131ndaki suyu yutmadan tutabiliyordu. En b\u00fcy\u00fck ve en zorlu hayvanlar\u0131n nas\u0131l avlanaca\u011f\u0131na dair t\u00fcm tekniklere h\u00e2kimdi. Ama onun tek hayali, bir sava\u015f\u00e7\u0131 olarak d\u00fc\u015fman\u0131n kar\u015f\u0131s\u0131na \u00e7\u0131kma \u015fans\u0131n\u0131n kendisine verilmesiydi\u2026 Apa\u00e7i Sava\u015f Konseyi \u00fcyeleri, ona bu hakk\u0131 tam on yedi ya\u015f\u0131nda verdiler. Bu karar, Geronimo i\u00e7in hayat\u0131ndaki en k\u0131ymetli olaylardan biriydi. Yap\u0131lacak ilk sald\u0131r\u0131 i\u00e7in de onu, \u201cSava\u015f Lideri\u201d olarak se\u00e7tiler\u2026 \u015eu s\u00f6zler Geronimo\u2019ya aittir: \u201cAptallar, ya\u015fam ve \u00f6l\u00fcm i\u00e7in uza\u011fa bakarlar; her ikisi de yan\u0131 ba\u015flar\u0131ndad\u0131r.\u201d \u201cBen kendimin efendisiyim, yapmak istedi\u011fim her \u015feyi yapar\u0131m.\u201dOsman Pamuko\u011flu Osman Pamuko\u011flu\u2019nun yay\u0131nevimizden yay\u0131mlanm\u0131\u015f di\u011fer kitaplar\u0131 \u015funlard\u0131r: Unutulanlar D\u0131\u015f\u0131nda Yeni Bir \u015eey Yok, 2004; Ey Vatan, 2004; Kara Tohum, 2005; Ayandon, 2006; Yolcu, 2007; \u0130nsan ve Devlet, 2007; Angut, 2008; Ak\u0131ll\u0131 Ol!, 2012; Siyasetin Sefaleti, 2013; Cehennemdere Kanyonu, 2013; Sava\u015f Sanat\u0131, 2014; \u00d6nder, 2016; Kafes, 2016; Strateji, 2016; Ba\u015fka Bir Hik\u00e2ye, 2017; Ba\u015f D\u00f6nd\u00fcrenler, 2017; Trampetler \u00c7alarken, 2017; Hayat Karar ve Eylemdir, 2018; K\u0131z\u0131l G\u00f6mlekliler, 2018; Devrimlerin Efendisi, 2019; \u015eamil, 2019; III. D\u00fcnya Sava\u015f\u0131, 2019; Ter\u00f6rizm ve H\u00fck\u00fcmetler, 2020; G\u00f6\u00e7, 2020; \u0130ttihat ve Terakki, 2020; Sar\u0131kam\u0131\u015f, 2021; \u0130htilal-i Nizam, 2021; Hitler, 2021; Mussolini, 2021; Napolyon, 2021; Propaganda, 2022. ileti\u015fim: osmanpamukoglu1967@gmail.com<\/p>\n","protected":false},"excerpt":{"rendered":"<p>Geronimo, K\u0131z\u0131lderililerin Apa\u00e7i boyuna mensup bir sava\u015f lideri, \u015fef ve \u015famand\u0131r\u2026 Meksikal\u0131lar ile Amerikal\u0131lar\u0131n K\u0131z\u0131lderili topraklar\u0131n\u0131 i\u015fgal etmelerine ve onlar\u0131 k\u00f6le yapmalar\u0131na kar\u015f\u0131, destans\u0131 bir m\u00fccadele<span class=\"excerpt-hellip\"> [\u2026]<\/span><\/p>\n","protected":false},"featured_media":0,"template":"","meta":{"_monsterinsights_skip_tracking":false,"_monsterinsights_sitenote_active":false,"_monsterinsights_sitenote_note":"","_monsterinsights_sitenote_category":0},"product_brand":[],"product_cat":[12291,12711],"product_tag":[],"class_list":{"0":"post-741444","1":"product","2":"type-product","3":"status-publish","5":"product_cat-edebiyat","6":"product_cat-roman-oyku","7":"pa_cilt-ciltsiz","8":"pa_tur-kitap","9":"pa_yayinevi-inkilap-kitabevi","10":"pa_yazar-osman-pamukoglu","12":"first","13":"instock","14":"sale","15":"shipping-taxable","16":"purchasable","17":"product-type-simple"},"_links":{"self":[{"href":"https:\/\/roveyayinevi.com.tr\/index.php\/wp-json\/wp\/v2\/product\/741444","targetHints":{"allow":["GET"]}}],"collection":[{"href":"https:\/\/roveyayinevi.com.tr\/index.php\/wp-json\/wp\/v2\/product"}],"about":[{"href":"https:\/\/roveyayinevi.com.tr\/index.php\/wp-json\/wp\/v2\/types\/product"}],"wp:attachment":[{"href":"https:\/\/roveyayinevi.com.tr\/index.php\/wp-json\/wp\/v2\/media?parent=741444"}],"wp:term":[{"taxonomy":"product_brand","embeddable":true,"href":"https:\/\/roveyayinevi.com.tr\/index.php\/wp-json\/wp\/v2\/product_brand?post=741444"},{"taxonomy":"product_cat","embeddable":true,"href":"https:\/\/roveyayinevi.com.tr\/index.php\/wp-json\/wp\/v2\/product_cat?post=741444"},{"taxonomy":"product_tag","embeddable":true,"href":"https:\/\/roveyayinevi.com.tr\/index.php\/wp-json\/wp\/v2\/product_tag?post=741444"}],"curies":[{"name":"wp","href":"https:\/\/api.w.org\/{rel}","templated":true}]}}