{"id":741443,"date":"2025-08-28T00:49:47","date_gmt":"2025-08-27T21:49:47","guid":{"rendered":"https:\/\/roveyayinevi.com.tr\/index.php\/urun\/ken-tac-dis\/"},"modified":"2026-04-16T02:52:40","modified_gmt":"2026-04-15T23:52:40","slug":"ken-tac-dis","status":"publish","type":"product","link":"https:\/\/roveyayinevi.com.tr\/index.php\/urun\/ken-tac-dis\/","title":{"rendered":"Ken Ta\u00e7 Dis"},"content":{"rendered":"<p>\u201cZafer Alg\u00f6z yine yetene\u011fini konu\u015fturup bizi ge\u00e7mi\u015fe, ya\u015fanan g\u00fczel an\u0131lar\u0131n tam g\u00f6be\u011fine g\u00f6t\u00fcr\u00fcyor. Her maceran\u0131n kahraman\u0131 ile el ele, kol kola olmam\u0131za, hep birlikte e\u011flenerek yeni maceralar ya\u015famam\u0131za f\u0131rsat tan\u0131yor. Ben bu e\u011flenceyi ka\u00e7\u0131rmad\u0131m, kitab\u0131 sizlerden \u00f6nce okudum; \u015fimdi s\u0131ra sizde. Okuyal\u0131m, yeni karakterlerin yeni maceralar\u0131n\u0131n Zafer Alg\u00f6z\u2019\u00fcn nefis dokunu\u015fu ile g\u00f6z\u00fcm\u00fcz\u00fcn \u00f6n\u00fcnde canlanmas\u0131n\u0131 ya\u015fayal\u0131m.\u201d Can Y\u0131lmaz Usta oyuncu Zafer Alg\u00f6z, merakla beklenen \u00fc\u00e7\u00fcnc\u00fc kitab\u0131 Ken Ta\u00e7 Dis ile mizah ser\u00fcvenine devam ediyor! Alg\u00f6z, \u00e7ocuklu\u011fundan gen\u00e7li\u011fine ve ustal\u0131\u011f\u0131na kadar ge\u00e7en zamanda ya\u015fad\u0131klar\u0131n\u0131 e\u015fsiz anlat\u0131m g\u00fcc\u00fcyle aktar\u0131rken bolca g\u00fcld\u00fcr\u00fcyor, d\u00fc\u015f\u00fcnd\u00fcr\u00fcyor ve h\u00fcz\u00fcnlendiriyor. Hayat\u0131nda \u00f6nemli bir yere sahip olan Kars, Trabzon ve Bursa an\u0131lar\u0131n\u0131n yan\u0131nda; tiyatro ve sinema d\u00fcnyas\u0131ndan tan\u0131d\u0131\u011f\u0131m\u0131z usta isimlerle birlikte kendi \u00f6zel hayat\u0131ndan s\u0131ra d\u0131\u015f\u0131 karakterlere de yer veriyor kitab\u0131nda. Mizah\u0131n, sevincin ve h\u00fczn\u00fcn bir arada oldu\u011fu, \u015fa\u015f\u0131rt\u0131c\u0131 ve soluksuz bir maceraya haz\u0131r olun\u2026Zafer Alg\u00f6z 1961\u2019de Kars\u2019ta do\u011fdu. 1975\u2019te Bursa Devlet Tiyatrosu\u2019nda a\u00e7\u0131lan \u201cGen\u00e7lik Kurslar\u0131\u201d ile tiyatro e\u011fitimi almaya ba\u015flad\u0131. 1981\u2019de girdi\u011fi Ankara Devlet Konservatuvar\u0131 Tiyatro b\u00f6l\u00fcm\u00fcnden 1985\u2019te mezun oldu. Ayn\u0131 y\u0131l Bursa Devlet Tiyatrosu\u2019nda g\u00f6reve ba\u015flad\u0131. 1989\u2019da West Side Story\u2019de Tony rol\u00fcn\u00fc oynamak \u00fczere \u0130stanbul Devlet Tiyatrolar\u0131na atand\u0131. Amadeus, \u00c7ok Ya\u015fa Komedi, Macbeth, Ay I\u015f\u0131\u011f\u0131nda \u015eamata, Arturo Ui\u2019nin \u00d6nlenebilir Y\u00fckseli\u015fi, Hamlet, Babaannem Y\u00fcz Ya\u015f\u0131nda, Ya\u015far Ne Ya\u015far Ne Ya\u015famaz ve daha pek \u00e7ok tiyatro oyununda sahneye \u00e7\u0131kt\u0131. Sayg\u0131lar Bizden dizisiyle televizyona ad\u0131m att\u0131. Aralar\u0131nda Esir \u015eehrin \u0130nsanlar\u0131, Kurtlar Vadisi Pusu, Behzat \u00c7., Beni B\u00f6yle Sev, \u0130ntikam, Hayat\u0131m\u0131n A\u015fk\u0131\u2019n\u0131n da yer ald\u0131\u011f\u0131 dizilerde oynad\u0131. A\u011f\u0131r Roman, Duru\u015fma, Salk\u0131m Han\u0131m\u2019\u0131n Taneleri, O \u015eimdi Mahkum, A.R.O.G, Yah\u015fi Bat\u0131, Pek yak\u0131nda, Arif V 2016, Karakomik Filmler, Dedemin \u0130nsanlar\u0131, Uzun Hik\u00e2ye, Ali Baba ve Yedi C\u00fcceler gibi filmlerde rol ald\u0131.<\/p>\n","protected":false},"excerpt":{"rendered":"<p>\u201cZafer Alg\u00f6z yine yetene\u011fini konu\u015fturup bizi ge\u00e7mi\u015fe, ya\u015fanan g\u00fczel an\u0131lar\u0131n tam g\u00f6be\u011fine g\u00f6t\u00fcr\u00fcyor. Her maceran\u0131n kahraman\u0131 ile el ele, kol kola olmam\u0131za, hep birlikte e\u011flenerek yeni<span class=\"excerpt-hellip\"> [\u2026]<\/span><\/p>\n","protected":false},"featured_media":0,"template":"","meta":{"_monsterinsights_skip_tracking":false,"_monsterinsights_sitenote_active":false,"_monsterinsights_sitenote_note":"","_monsterinsights_sitenote_category":0},"product_brand":[],"product_cat":[18545,12291],"product_tag":[],"class_list":{"0":"post-741443","1":"product","2":"type-product","3":"status-publish","5":"product_cat-anlati","6":"product_cat-edebiyat","7":"pa_cilt-ciltsiz","8":"pa_tur-kitap","9":"pa_yayinevi-inkilap-kitabevi","10":"pa_yazar-zafer-algoz","12":"first","13":"instock","14":"sale","15":"shipping-taxable","16":"purchasable","17":"product-type-simple"},"_links":{"self":[{"href":"https:\/\/roveyayinevi.com.tr\/index.php\/wp-json\/wp\/v2\/product\/741443","targetHints":{"allow":["GET"]}}],"collection":[{"href":"https:\/\/roveyayinevi.com.tr\/index.php\/wp-json\/wp\/v2\/product"}],"about":[{"href":"https:\/\/roveyayinevi.com.tr\/index.php\/wp-json\/wp\/v2\/types\/product"}],"wp:attachment":[{"href":"https:\/\/roveyayinevi.com.tr\/index.php\/wp-json\/wp\/v2\/media?parent=741443"}],"wp:term":[{"taxonomy":"product_brand","embeddable":true,"href":"https:\/\/roveyayinevi.com.tr\/index.php\/wp-json\/wp\/v2\/product_brand?post=741443"},{"taxonomy":"product_cat","embeddable":true,"href":"https:\/\/roveyayinevi.com.tr\/index.php\/wp-json\/wp\/v2\/product_cat?post=741443"},{"taxonomy":"product_tag","embeddable":true,"href":"https:\/\/roveyayinevi.com.tr\/index.php\/wp-json\/wp\/v2\/product_tag?post=741443"}],"curies":[{"name":"wp","href":"https:\/\/api.w.org\/{rel}","templated":true}]}}