{"id":741442,"date":"2025-08-28T00:49:45","date_gmt":"2025-08-27T21:49:45","guid":{"rendered":"https:\/\/roveyayinevi.com.tr\/index.php\/urun\/dc-comics-wonder-woman-amazon-savascisi\/"},"modified":"2026-04-16T02:52:40","modified_gmt":"2026-04-15T23:52:40","slug":"dc-comics-wonder-woman-amazon-savascisi","status":"publish","type":"product","link":"https:\/\/roveyayinevi.com.tr\/index.php\/urun\/dc-comics-wonder-woman-amazon-savascisi\/","title":{"rendered":"Dc Comics \u2013 Wonder Woman Amazon Sava\u015f\u00e7\u0131s\u0131"},"content":{"rendered":"<p>L\u0130DER M\u0130? ASKER M\u0130? BARI\u015e GET\u0130REN M\u0130? Wonder Woman olmadan \u00f6nce Diana, bizim bildi\u011fimiz d\u00fcnyan\u0131n \u00e7ok uza\u011f\u0131ndaki bir adada ya\u015f\u0131yordu. Orada ona d\u00f6vu\u0308\u015fmeyi ve adil olmay\u0131 \u00f6\u011freten u\u0308stu\u0308n sava\u015f\u00e7\u0131lar taraf\u0131ndan bu\u0308yu\u0308tu\u0308ldu\u0308. Peki, ama Diana bizim du\u0308nyam\u0131za nas\u0131l geldi? \u201cWonder Woman\u201d ismini ne zaman ald\u0131? En bu\u0308yu\u0308k yanda\u015flar\u0131 ve en korkun\u00e7 du\u0308\u015fmanlar\u0131 kimler? \u00c7izimler, ilgin\u00e7 bilgiler i\u00e7eren ve kronolojik s\u0131raya g\u00f6re haz\u0131rlanan bu biyografide, bu sorular\u0131n yan\u0131tlar\u0131n\u0131 al\u0131rken bir yandan da Amazon Sava\u015f\u00e7\u0131 Wonder Woman\u2019\u0131n efsanevi ge\u00e7mi\u015fini ke\u015ffedeceksin. <\/p>\n","protected":false},"excerpt":{"rendered":"<p>L\u0130DER M\u0130? ASKER M\u0130? BARI\u015e GET\u0130REN M\u0130? Wonder Woman olmadan \u00f6nce Diana, bizim bildi\u011fimiz d\u00fcnyan\u0131n \u00e7ok uza\u011f\u0131ndaki bir adada ya\u015f\u0131yordu. Orada ona d\u00f6vu\u0308\u015fmeyi ve adil olmay\u0131<span class=\"excerpt-hellip\"> [\u2026]<\/span><\/p>\n","protected":false},"featured_media":0,"template":"","meta":{"_monsterinsights_skip_tracking":false,"_monsterinsights_sitenote_active":false,"_monsterinsights_sitenote_note":"","_monsterinsights_sitenote_category":0},"product_brand":[],"product_cat":[12274,12284],"product_tag":[],"class_list":{"0":"post-741442","1":"product","2":"type-product","3":"status-publish","5":"product_cat-cocuk-ve-genclik-kitaplari","6":"product_cat-hikayeler","7":"pa_cilt-ciltsiz","8":"pa_tur-kitap","9":"pa_yayinevi-beta-kids","10":"pa_yazar-steve-kort","12":"first","13":"instock","14":"sale","15":"shipping-taxable","16":"purchasable","17":"product-type-simple"},"_links":{"self":[{"href":"https:\/\/roveyayinevi.com.tr\/index.php\/wp-json\/wp\/v2\/product\/741442","targetHints":{"allow":["GET"]}}],"collection":[{"href":"https:\/\/roveyayinevi.com.tr\/index.php\/wp-json\/wp\/v2\/product"}],"about":[{"href":"https:\/\/roveyayinevi.com.tr\/index.php\/wp-json\/wp\/v2\/types\/product"}],"wp:attachment":[{"href":"https:\/\/roveyayinevi.com.tr\/index.php\/wp-json\/wp\/v2\/media?parent=741442"}],"wp:term":[{"taxonomy":"product_brand","embeddable":true,"href":"https:\/\/roveyayinevi.com.tr\/index.php\/wp-json\/wp\/v2\/product_brand?post=741442"},{"taxonomy":"product_cat","embeddable":true,"href":"https:\/\/roveyayinevi.com.tr\/index.php\/wp-json\/wp\/v2\/product_cat?post=741442"},{"taxonomy":"product_tag","embeddable":true,"href":"https:\/\/roveyayinevi.com.tr\/index.php\/wp-json\/wp\/v2\/product_tag?post=741442"}],"curies":[{"name":"wp","href":"https:\/\/api.w.org\/{rel}","templated":true}]}}