{"id":741441,"date":"2025-08-28T00:49:44","date_gmt":"2025-08-27T21:49:44","guid":{"rendered":"https:\/\/roveyayinevi.com.tr\/index.php\/urun\/dc-comics-superman-yarinin-adami\/"},"modified":"2025-12-30T10:54:07","modified_gmt":"2025-12-30T07:54:07","slug":"dc-comics-superman-yarinin-adami","status":"publish","type":"product","link":"https:\/\/roveyayinevi.com.tr\/index.php\/urun\/dc-comics-superman-yarinin-adami\/","title":{"rendered":"Dc Comics \u2013 Superman Yar\u0131n\u0131n Adam\u0131"},"content":{"rendered":"<p>UZAYLI MI? \u0130NSAN MI? KAHRAMAN MI? Superman\u2019in bir su\u0308per kahramana nas\u0131l d\u00f6nu\u0308\u015ftu\u0308\u011fu\u0308nu\u0308 hi\u00e7 merak ettin mi? Ba\u015fka gezegenden gelen bir \u00e7ocuk nas\u0131l oldu da Smallville\u2019deki bir \u00e7ift\u00e7iye d\u00f6n\u00fc\u015ft\u00fc? Gezegenine ve ailesine ne oldu? En gu\u0308vendi\u011fi yanda\u015flar\u0131 ve en korkulu du\u0308\u015fmanlar\u0131 kimler? Onu, ba\u015fkalar\u0131na yard\u0131mc\u0131 olmaya ve ger\u00e7ek kimli\u011fini gizlemeye iten ne? \u00c7izimler, ilgin\u00e7 bilgiler i\u00e7eren ve kronolojik s\u0131raya g\u00f6re haz\u0131rlanan bu biyografide, Metropolis\u2019in \u00c7elik Adam\u2019\u0131n\u0131n efsanevi Hikayesini \u00f6\u011frenecek ve ge\u00e7mi\u015fini ke\u015ffedeceksin. <\/p>\n","protected":false},"excerpt":{"rendered":"<p>UZAYLI MI? \u0130NSAN MI? KAHRAMAN MI? Superman\u2019in bir su\u0308per kahramana nas\u0131l d\u00f6nu\u0308\u015ftu\u0308\u011fu\u0308nu\u0308 hi\u00e7 merak ettin mi? Ba\u015fka gezegenden gelen bir \u00e7ocuk nas\u0131l oldu da Smallville\u2019deki bir<span class=\"excerpt-hellip\"> [\u2026]<\/span><\/p>\n","protected":false},"featured_media":0,"template":"","meta":{"_monsterinsights_skip_tracking":false,"_monsterinsights_sitenote_active":false,"_monsterinsights_sitenote_note":"","_monsterinsights_sitenote_category":0},"product_brand":[],"product_cat":[12274,12284],"product_tag":[],"class_list":{"0":"post-741441","1":"product","2":"type-product","3":"status-publish","5":"product_cat-cocuk-ve-genclik-kitaplari","6":"product_cat-hikayeler","7":"pa_cilt-ciltsiz","8":"pa_tur-kitap","9":"pa_yayinevi-beta-kids","10":"pa_yazar-daniel-wallace","12":"first","13":"instock","14":"sale","15":"shipping-taxable","16":"purchasable","17":"product-type-simple"},"_links":{"self":[{"href":"https:\/\/roveyayinevi.com.tr\/index.php\/wp-json\/wp\/v2\/product\/741441","targetHints":{"allow":["GET"]}}],"collection":[{"href":"https:\/\/roveyayinevi.com.tr\/index.php\/wp-json\/wp\/v2\/product"}],"about":[{"href":"https:\/\/roveyayinevi.com.tr\/index.php\/wp-json\/wp\/v2\/types\/product"}],"wp:attachment":[{"href":"https:\/\/roveyayinevi.com.tr\/index.php\/wp-json\/wp\/v2\/media?parent=741441"}],"wp:term":[{"taxonomy":"product_brand","embeddable":true,"href":"https:\/\/roveyayinevi.com.tr\/index.php\/wp-json\/wp\/v2\/product_brand?post=741441"},{"taxonomy":"product_cat","embeddable":true,"href":"https:\/\/roveyayinevi.com.tr\/index.php\/wp-json\/wp\/v2\/product_cat?post=741441"},{"taxonomy":"product_tag","embeddable":true,"href":"https:\/\/roveyayinevi.com.tr\/index.php\/wp-json\/wp\/v2\/product_tag?post=741441"}],"curies":[{"name":"wp","href":"https:\/\/api.w.org\/{rel}","templated":true}]}}