{"id":741440,"date":"2025-08-28T00:49:43","date_gmt":"2025-08-27T21:49:43","guid":{"rendered":"https:\/\/roveyayinevi.com.tr\/index.php\/urun\/dc-comics-harley-quinn-cilgin-kiz\/"},"modified":"2026-04-16T02:52:40","modified_gmt":"2026-04-15T23:52:40","slug":"dc-comics-harley-quinn-cilgin-kiz","status":"publish","type":"product","link":"https:\/\/roveyayinevi.com.tr\/index.php\/urun\/dc-comics-harley-quinn-cilgin-kiz\/","title":{"rendered":"Dc Comics \u2013 Harley Qu\u0131nn \u00c7\u0131lg\u0131n K\u0131z"},"content":{"rendered":"<p>YARDAK\u00c7I MI?  SU\u00c7LU MU?  \u00c7ILGININ B\u0130R\u0130 M\u0130? Harley Quinn kim? Ne oldu da Joker\u2019in yan\u0131ndan ayr\u0131l\u0131p Ger\u00e7ek K\u00f6tu\u0308ler \u00e7etesine kat\u0131ld\u0131? \u0130yilerin taraf\u0131na ge\u00e7ecek mi, yoksa du\u0308pedu\u0308z k\u00f6tu\u0308 biri mi? \u00c7izimler, ilgin\u00e7 bilgiler i\u00e7eren ve kronolojik s\u0131raya g\u00f6re haz\u0131rlanan bu biyografide, Harley\u2019nin kendisine ait notlarla bu karma\u015fa sever k\u0131z\u0131n ger\u00e7ek ge\u00e7mi\u015fini \u00f6\u011freneceksin.<\/p>\n","protected":false},"excerpt":{"rendered":"<p>YARDAK\u00c7I MI? SU\u00c7LU MU? \u00c7ILGININ B\u0130R\u0130 M\u0130? Harley Quinn kim? Ne oldu da Joker\u2019in yan\u0131ndan ayr\u0131l\u0131p Ger\u00e7ek K\u00f6tu\u0308ler \u00e7etesine kat\u0131ld\u0131? \u0130yilerin taraf\u0131na ge\u00e7ecek mi, yoksa du\u0308pedu\u0308z<span class=\"excerpt-hellip\"> [\u2026]<\/span><\/p>\n","protected":false},"featured_media":0,"template":"","meta":{"_monsterinsights_skip_tracking":false,"_monsterinsights_sitenote_active":false,"_monsterinsights_sitenote_note":"","_monsterinsights_sitenote_category":0},"product_brand":[],"product_cat":[12274,12284],"product_tag":[],"class_list":{"0":"post-741440","1":"product","2":"type-product","3":"status-publish","5":"product_cat-cocuk-ve-genclik-kitaplari","6":"product_cat-hikayeler","7":"pa_cilt-ciltsiz","8":"pa_tur-kitap","9":"pa_yayinevi-beta-kids","10":"pa_yazar-liz-marsham","12":"first","13":"instock","14":"sale","15":"shipping-taxable","16":"purchasable","17":"product-type-simple"},"_links":{"self":[{"href":"https:\/\/roveyayinevi.com.tr\/index.php\/wp-json\/wp\/v2\/product\/741440","targetHints":{"allow":["GET"]}}],"collection":[{"href":"https:\/\/roveyayinevi.com.tr\/index.php\/wp-json\/wp\/v2\/product"}],"about":[{"href":"https:\/\/roveyayinevi.com.tr\/index.php\/wp-json\/wp\/v2\/types\/product"}],"wp:attachment":[{"href":"https:\/\/roveyayinevi.com.tr\/index.php\/wp-json\/wp\/v2\/media?parent=741440"}],"wp:term":[{"taxonomy":"product_brand","embeddable":true,"href":"https:\/\/roveyayinevi.com.tr\/index.php\/wp-json\/wp\/v2\/product_brand?post=741440"},{"taxonomy":"product_cat","embeddable":true,"href":"https:\/\/roveyayinevi.com.tr\/index.php\/wp-json\/wp\/v2\/product_cat?post=741440"},{"taxonomy":"product_tag","embeddable":true,"href":"https:\/\/roveyayinevi.com.tr\/index.php\/wp-json\/wp\/v2\/product_tag?post=741440"}],"curies":[{"name":"wp","href":"https:\/\/api.w.org\/{rel}","templated":true}]}}