{"id":741439,"date":"2025-08-28T00:49:42","date_gmt":"2025-08-27T21:49:42","guid":{"rendered":"https:\/\/roveyayinevi.com.tr\/index.php\/urun\/dc-comics-gizli-kahramanlar-dernegi-yalnizlik-kalesi\/"},"modified":"2026-04-16T02:52:40","modified_gmt":"2026-04-15T23:52:40","slug":"dc-comics-gizli-kahramanlar-dernegi-yalnizlik-kalesi","status":"publish","type":"product","link":"https:\/\/roveyayinevi.com.tr\/index.php\/urun\/dc-comics-gizli-kahramanlar-dernegi-yalnizlik-kalesi\/","title":{"rendered":"Dc Comics &#8211; Gizli Kahramanlar Derne\u011fi \u2013 Yaln\u0131zl\u0131k Kalesi"},"content":{"rendered":"<p>Benim ad\u0131m Clark Kent ve ge\u00e7en y\u0131l Ducard Akademisi\u2019ndeki \u015feyden\u2026 \u201cmacera\u201ddan sonra arkada\u015flar\u0131m Bruce ve Diana\u2019y\u0131 \u00e7ok \u00f6zlemi\u015ftim. \u0130nan\u0131lacak gibi de\u011fil ama hepimiz bahar tatilini ge\u00e7irmek u\u0308zere Evergreen Macera Kamp\u0131\u2019na davet edildik! Kamp Mu\u0308du\u0308ru\u0308 Milton Fine kamp\u0131n \u201c\u00f6zg\u00fcr ruhumuzu besleyecek ve hayat boyu devam edecek dostluklar kurmam\u0131z\u0131 sa\u011flayacak arkada\u015f\u00e7a yar\u0131\u015fmalar ve etkinliklerden\u201d ibaret oldu\u011funu s\u00f6yl\u00fcyordu. Asl\u0131nda kamp olduk\u00e7a iyi ba\u015flad\u0131. Ama \u015fu an bir terslik var\u2026 her gu\u0308n bir \u00e7ocuk kayboluyor gibi. Kabul etmekten nefret ediyorum ama san\u0131r\u0131m Bruce gibi du\u0308\u015fu\u0308nmeye ba\u015flamal\u0131y\u0131m. Ya da en az\u0131ndan onu dinlemeliyim. <\/p>\n","protected":false},"excerpt":{"rendered":"<p>Benim ad\u0131m Clark Kent ve ge\u00e7en y\u0131l Ducard Akademisi\u2019ndeki \u015feyden\u2026 \u201cmacera\u201ddan sonra arkada\u015flar\u0131m Bruce ve Diana\u2019y\u0131 \u00e7ok \u00f6zlemi\u015ftim. \u0130nan\u0131lacak gibi de\u011fil ama hepimiz bahar tatilini ge\u00e7irmek<span class=\"excerpt-hellip\"> [\u2026]<\/span><\/p>\n","protected":false},"featured_media":0,"template":"","meta":{"_monsterinsights_skip_tracking":false,"_monsterinsights_sitenote_active":false,"_monsterinsights_sitenote_note":"","_monsterinsights_sitenote_category":0},"product_brand":[],"product_cat":[12274,12284],"product_tag":[],"class_list":{"0":"post-741439","1":"product","2":"type-product","3":"status-publish","5":"product_cat-cocuk-ve-genclik-kitaplari","6":"product_cat-hikayeler","7":"pa_cilt-ciltsiz","8":"pa_tur-kitap","9":"pa_yayinevi-beta-kids","10":"pa_yazar-derek-fridolfs","12":"first","13":"instock","14":"sale","15":"shipping-taxable","16":"purchasable","17":"product-type-simple"},"_links":{"self":[{"href":"https:\/\/roveyayinevi.com.tr\/index.php\/wp-json\/wp\/v2\/product\/741439","targetHints":{"allow":["GET"]}}],"collection":[{"href":"https:\/\/roveyayinevi.com.tr\/index.php\/wp-json\/wp\/v2\/product"}],"about":[{"href":"https:\/\/roveyayinevi.com.tr\/index.php\/wp-json\/wp\/v2\/types\/product"}],"wp:attachment":[{"href":"https:\/\/roveyayinevi.com.tr\/index.php\/wp-json\/wp\/v2\/media?parent=741439"}],"wp:term":[{"taxonomy":"product_brand","embeddable":true,"href":"https:\/\/roveyayinevi.com.tr\/index.php\/wp-json\/wp\/v2\/product_brand?post=741439"},{"taxonomy":"product_cat","embeddable":true,"href":"https:\/\/roveyayinevi.com.tr\/index.php\/wp-json\/wp\/v2\/product_cat?post=741439"},{"taxonomy":"product_tag","embeddable":true,"href":"https:\/\/roveyayinevi.com.tr\/index.php\/wp-json\/wp\/v2\/product_tag?post=741439"}],"curies":[{"name":"wp","href":"https:\/\/api.w.org\/{rel}","templated":true}]}}