{"id":741438,"date":"2025-08-28T00:49:40","date_gmt":"2025-08-27T21:49:40","guid":{"rendered":"https:\/\/roveyayinevi.com.tr\/index.php\/urun\/dc-comics-gizli-kahramanlar-dernegi-adalet-sinifi\/"},"modified":"2026-04-16T02:52:40","modified_gmt":"2026-04-15T23:52:40","slug":"dc-comics-gizli-kahramanlar-dernegi-adalet-sinifi","status":"publish","type":"product","link":"https:\/\/roveyayinevi.com.tr\/index.php\/urun\/dc-comics-gizli-kahramanlar-dernegi-adalet-sinifi\/","title":{"rendered":"Dc Comics &#8211; Gizli Kahramanlar Derne\u011fi \u2013 Adalet S\u0131n\u0131f\u0131"},"content":{"rendered":"<p>Ben Bruce Wayne. Ducard Akademisi\u2019nin yeni \u00f6\u011frencisiyim (IYH!). Emin olmamakla birlikte burada karanl\u0131k i\u015fler d\u00f6ndu\u0308\u011fu\u0308nden \u015fu\u0308pheleniyorum. \u00c7u\u0308nku\u0308 bu okulda koridorlarda gezinen bir soytar\u0131 \u00e7etesi, beni bir temiz d\u00f6vmeye \u00e7al\u0131\u015fan Bane ad\u0131nda bir \u00e7ocuk ve ger\u00e7ekten ama ger\u00e7ekten \u015fey, tuhaf bir rehberlik \u00f6\u011fretmeni olan Hugo Strange var. En az\u0131ndan iki arkada\u015f edinmeyi ba\u015fard\u0131m: Diana ve Clark haval\u0131 tipler, yani san\u0131r\u0131m. Her ne olursa olsun, bu davay\u0131 \u00e7\u00f6zmeye kararl\u0131y\u0131z. Alfred\u2019i gece on birden sonra ayakta kalmam i\u00e7in ikna etmek zorunda kalsam bile. <\/p>\n","protected":false},"excerpt":{"rendered":"<p>Ben Bruce Wayne. Ducard Akademisi\u2019nin yeni \u00f6\u011frencisiyim (IYH!). Emin olmamakla birlikte burada karanl\u0131k i\u015fler d\u00f6ndu\u0308\u011fu\u0308nden \u015fu\u0308pheleniyorum. \u00c7u\u0308nku\u0308 bu okulda koridorlarda gezinen bir soytar\u0131 \u00e7etesi, beni bir<span class=\"excerpt-hellip\"> [\u2026]<\/span><\/p>\n","protected":false},"featured_media":0,"template":"","meta":{"_monsterinsights_skip_tracking":false,"_monsterinsights_sitenote_active":false,"_monsterinsights_sitenote_note":"","_monsterinsights_sitenote_category":0},"product_brand":[],"product_cat":[12274,12284],"product_tag":[],"class_list":{"0":"post-741438","1":"product","2":"type-product","3":"status-publish","5":"product_cat-cocuk-ve-genclik-kitaplari","6":"product_cat-hikayeler","7":"pa_cilt-ciltsiz","8":"pa_tur-kitap","9":"pa_yayinevi-beta-kids","10":"pa_yazar-derek-fridolfs","12":"first","13":"instock","14":"sale","15":"shipping-taxable","16":"purchasable","17":"product-type-simple"},"_links":{"self":[{"href":"https:\/\/roveyayinevi.com.tr\/index.php\/wp-json\/wp\/v2\/product\/741438","targetHints":{"allow":["GET"]}}],"collection":[{"href":"https:\/\/roveyayinevi.com.tr\/index.php\/wp-json\/wp\/v2\/product"}],"about":[{"href":"https:\/\/roveyayinevi.com.tr\/index.php\/wp-json\/wp\/v2\/types\/product"}],"wp:attachment":[{"href":"https:\/\/roveyayinevi.com.tr\/index.php\/wp-json\/wp\/v2\/media?parent=741438"}],"wp:term":[{"taxonomy":"product_brand","embeddable":true,"href":"https:\/\/roveyayinevi.com.tr\/index.php\/wp-json\/wp\/v2\/product_brand?post=741438"},{"taxonomy":"product_cat","embeddable":true,"href":"https:\/\/roveyayinevi.com.tr\/index.php\/wp-json\/wp\/v2\/product_cat?post=741438"},{"taxonomy":"product_tag","embeddable":true,"href":"https:\/\/roveyayinevi.com.tr\/index.php\/wp-json\/wp\/v2\/product_tag?post=741438"}],"curies":[{"name":"wp","href":"https:\/\/api.w.org\/{rel}","templated":true}]}}