{"id":741437,"date":"2025-08-28T00:49:39","date_gmt":"2025-08-27T21:49:39","guid":{"rendered":"https:\/\/roveyayinevi.com.tr\/index.php\/urun\/icsel-huzur-iyi-yasamin-kapisini-acar\/"},"modified":"2026-04-16T02:52:40","modified_gmt":"2026-04-15T23:52:40","slug":"icsel-huzur-iyi-yasamin-kapisini-acar","status":"publish","type":"product","link":"https:\/\/roveyayinevi.com.tr\/index.php\/urun\/icsel-huzur-iyi-yasamin-kapisini-acar\/","title":{"rendered":"\u0130\u00e7sel Huzur \u0130yi Ya\u015fam\u0131n Kap\u0131s\u0131n\u0131 A\u00e7ar"},"content":{"rendered":"<p>\u201cRomal\u0131lar\u0131n k\u00f6lesi b\u00fcy\u00fck filozof Epiktetos, b\u00fct\u00fcn ya\u015fam\u0131n\u0131 mutluluk ve sakinlik yolunda harcam\u0131\u015ft\u0131r. Yetkile\u015fmek yerine geli\u015fmeyi vurgular ve g\u00fcnden g\u00fcne geli\u015ftiren erdemli bir ya\u015fam\u0131 savunmu\u015ftur.\u201d   Kitaptan: \u201cEy yolcu, yol haz\u0131rl\u0131\u011f\u0131n\u0131 yap ve koyul yola; \u015funu bilerek: H\u00fcr ki\u015fi sadece karakterinde h\u00fcr olan ki\u015fidir. Ki\u015fi h\u00fcrriyetinin \u00f6l\u00e7\u00fcs\u00fc bizzat kendi do\u011fas\u0131nda bulunur, Ve karar\u0131nda i\u00e7tenlikliyse h\u00fcr ki\u015fi, Y\u00fcre\u011finde ise d\u00fcr\u00fcstl\u00fc\u011f\u00fc, i\u015fte bunlar asil yapar ki\u015fiyi Ve bununla y\u00fccelir ki\u015fi hatalarla de\u011fil.\u201d Milattan sonra 50 senesinde Hierapolis\u2019te d\u00fcnyaya geldi\u011fi s\u00f6ylenen Epiktetos, Roma\u2019da, Neron\u2019un azatl\u0131 k\u00f6lesi Epaphroditos\u2019un k\u00f6lesiydi. Orada Stoac\u0131 filozof Musonius Rufus\u2019un derslerine kat\u0131ld\u0131. Epiktetos, azat edildikten sonra kendisini felsefeye adad\u0131. Stoa felsefesi onunla g\u00fcnl\u00fck ya\u015fant\u0131n\u0131n yasalar\u0131n\u0131 bildiren bir ahlak felsefesi oldu. Epiktetos\u2019un Nikopolis\u2019teki \u00f6\u011frencilerinden Flavius Avrianus, derslerde tuttu\u011fu notlar\u0131 d\u00fczenleyerek onu d\u00fc\u015f\u00fcncelerini kitapla\u015ft\u0131rd\u0131. T\u00fcm ya\u015fam\u0131n\u0131 mutluluk ve sakinlik yolunda ya\u015fayan Epiktetos, k\u00f6le de olsa Roma\u2019n\u0131n en \u00f6zg\u00fcr insan\u0131yd\u0131. <\/p>\n","protected":false},"excerpt":{"rendered":"<p>\u201cRomal\u0131lar\u0131n k\u00f6lesi b\u00fcy\u00fck filozof Epiktetos, b\u00fct\u00fcn ya\u015fam\u0131n\u0131 mutluluk ve sakinlik yolunda harcam\u0131\u015ft\u0131r. Yetkile\u015fmek yerine geli\u015fmeyi vurgular ve g\u00fcnden g\u00fcne geli\u015ftiren erdemli bir ya\u015fam\u0131 savunmu\u015ftur.\u201d Kitaptan: \u201cEy<span class=\"excerpt-hellip\"> [\u2026]<\/span><\/p>\n","protected":false},"featured_media":0,"template":"","meta":{"_monsterinsights_skip_tracking":false,"_monsterinsights_sitenote_active":false,"_monsterinsights_sitenote_note":"","_monsterinsights_sitenote_category":0},"product_brand":[],"product_cat":[12388],"product_tag":[],"class_list":{"0":"post-741437","1":"product","2":"type-product","3":"status-publish","5":"product_cat-felsefe","6":"pa_cilt-ciltsiz","7":"pa_tur-kitap","8":"pa_yayinevi-beta-kitap","9":"pa_yazar-epiktetos","11":"first","12":"instock","13":"sale","14":"shipping-taxable","15":"purchasable","16":"product-type-simple"},"_links":{"self":[{"href":"https:\/\/roveyayinevi.com.tr\/index.php\/wp-json\/wp\/v2\/product\/741437","targetHints":{"allow":["GET"]}}],"collection":[{"href":"https:\/\/roveyayinevi.com.tr\/index.php\/wp-json\/wp\/v2\/product"}],"about":[{"href":"https:\/\/roveyayinevi.com.tr\/index.php\/wp-json\/wp\/v2\/types\/product"}],"wp:attachment":[{"href":"https:\/\/roveyayinevi.com.tr\/index.php\/wp-json\/wp\/v2\/media?parent=741437"}],"wp:term":[{"taxonomy":"product_brand","embeddable":true,"href":"https:\/\/roveyayinevi.com.tr\/index.php\/wp-json\/wp\/v2\/product_brand?post=741437"},{"taxonomy":"product_cat","embeddable":true,"href":"https:\/\/roveyayinevi.com.tr\/index.php\/wp-json\/wp\/v2\/product_cat?post=741437"},{"taxonomy":"product_tag","embeddable":true,"href":"https:\/\/roveyayinevi.com.tr\/index.php\/wp-json\/wp\/v2\/product_tag?post=741437"}],"curies":[{"name":"wp","href":"https:\/\/api.w.org\/{rel}","templated":true}]}}