{"id":741433,"date":"2025-08-28T00:49:35","date_gmt":"2025-08-27T21:49:35","guid":{"rendered":"https:\/\/roveyayinevi.com.tr\/index.php\/urun\/dunya-tarihi-2\/"},"modified":"2026-04-16T02:52:40","modified_gmt":"2026-04-15T23:52:40","slug":"dunya-tarihi-2","status":"publish","type":"product","link":"https:\/\/roveyayinevi.com.tr\/index.php\/urun\/dunya-tarihi-2\/","title":{"rendered":"D\u00fcnya Tarihi"},"content":{"rendered":"<p>A\u00e7\u0131klama: D\u00fcnya\u2019n\u0131n, k\u00fctlesel varl\u0131\u011f\u0131 bir kenara, \u00fczerinde ta\u015f\u0131d\u0131\u011f\u0131 canl\u0131lar\u0131n d\u00fc\u015f\u00fcnceleri ile evrimle\u015fen bir felsefe oldu\u011funun kan\u0131t\u0131d\u0131r bu kitap. \u0130nsan olmak salt etin, kemi\u011fin mahareti de\u011fil; d\u00fc\u015f\u00fcnsel evrelerin, inan\u00e7 fakt\u00f6r\u00fcn\u00fcn ve dahas\u0131 varl\u0131klar aras\u0131 ili\u015fkilerin geldi\u011fi son tablodur asl\u0131nda. Ya\u015fad\u0131\u011f\u0131m\u0131z d\u00fcnyan\u0131n bize sundu\u011fu  olanaklar\u0131n \u00e7\u0131k\u0131\u015f noktalar\u0131n\u0131 derinlemesine kim bilmek istemez? G\u00fcne\u015fin Ay\u2019a iletti\u011fi enerjiden, k\u0131talar\u0131n bir biri ile etkile\u015fimine, insanlar\u0131n tanr\u0131lardan ald\u0131\u011f\u0131 g\u00fcce, dilin, ticaretin, sanat\u0131n ve ger\u00e7ek hayat\u0131n t\u00fcm evrelerine, ta\u015f baltalardan g\u00fcn\u00fcm\u00fcz teknolojisine \u015fahitlik edece\u011finiz bir seyahate haz\u0131r m\u0131s\u0131n\u0131z? Tarihin bilinen isimlerinin bilinmeyen y\u00f6nlerini tan\u0131yacak, inan\u00e7 kavram\u0131n\u0131n insan do\u011fas\u0131na att\u0131\u011f\u0131 temellere yeni bak\u0131\u015f a\u00e7\u0131s\u0131 kazanacak, bireyin toplumsalla\u015fma s\u00fcrecindeki sosyolojik sanc\u0131lar\u0131n\u0131 anlamland\u0131racaks\u0131n\u0131z. Bu kitapla d\u00fcnya ve insanl\u0131k tarihinin varolu\u015funa dair zihninizdeki t\u00fcm bo\u015fluklar dolacak.Ya\u015fad\u0131\u011f\u0131n\u0131z d\u00fcnyay\u0131 t\u00fcm ger\u00e7ekli\u011fi ile tan\u0131maya haz\u0131rsan\u0131z ba\u015fl\u0131yoruz..<\/p>\n","protected":false},"excerpt":{"rendered":"<p>A\u00e7\u0131klama: D\u00fcnya\u2019n\u0131n, k\u00fctlesel varl\u0131\u011f\u0131 bir kenara, \u00fczerinde ta\u015f\u0131d\u0131\u011f\u0131 canl\u0131lar\u0131n d\u00fc\u015f\u00fcnceleri ile evrimle\u015fen bir felsefe oldu\u011funun kan\u0131t\u0131d\u0131r bu kitap. \u0130nsan olmak salt etin, kemi\u011fin mahareti de\u011fil; d\u00fc\u015f\u00fcnsel<span class=\"excerpt-hellip\"> [\u2026]<\/span><\/p>\n","protected":false},"featured_media":0,"template":"","meta":{"_monsterinsights_skip_tracking":false,"_monsterinsights_sitenote_active":false,"_monsterinsights_sitenote_note":"","_monsterinsights_sitenote_category":0},"product_brand":[],"product_cat":[12312,12304],"product_tag":[],"class_list":{"0":"post-741433","1":"product","2":"type-product","3":"status-publish","5":"product_cat-diger","6":"product_cat-tarih","7":"pa_cilt-ciltsiz","8":"pa_tur-kitap","9":"pa_yayinevi-fa-yayinlari","10":"pa_yazar-charles-dannelly","12":"first","13":"instock","14":"sale","15":"shipping-taxable","16":"purchasable","17":"product-type-simple"},"_links":{"self":[{"href":"https:\/\/roveyayinevi.com.tr\/index.php\/wp-json\/wp\/v2\/product\/741433","targetHints":{"allow":["GET"]}}],"collection":[{"href":"https:\/\/roveyayinevi.com.tr\/index.php\/wp-json\/wp\/v2\/product"}],"about":[{"href":"https:\/\/roveyayinevi.com.tr\/index.php\/wp-json\/wp\/v2\/types\/product"}],"wp:attachment":[{"href":"https:\/\/roveyayinevi.com.tr\/index.php\/wp-json\/wp\/v2\/media?parent=741433"}],"wp:term":[{"taxonomy":"product_brand","embeddable":true,"href":"https:\/\/roveyayinevi.com.tr\/index.php\/wp-json\/wp\/v2\/product_brand?post=741433"},{"taxonomy":"product_cat","embeddable":true,"href":"https:\/\/roveyayinevi.com.tr\/index.php\/wp-json\/wp\/v2\/product_cat?post=741433"},{"taxonomy":"product_tag","embeddable":true,"href":"https:\/\/roveyayinevi.com.tr\/index.php\/wp-json\/wp\/v2\/product_tag?post=741433"}],"curies":[{"name":"wp","href":"https:\/\/api.w.org\/{rel}","templated":true}]}}