{"id":741432,"date":"2025-08-28T00:49:34","date_gmt":"2025-08-27T21:49:34","guid":{"rendered":"https:\/\/roveyayinevi.com.tr\/index.php\/urun\/egitimde-denetim\/"},"modified":"2026-04-16T02:52:40","modified_gmt":"2026-04-15T23:52:40","slug":"egitimde-denetim","status":"publish","type":"product","link":"https:\/\/roveyayinevi.com.tr\/index.php\/urun\/egitimde-denetim\/","title":{"rendered":"E\u011fitimde Denetim"},"content":{"rendered":"<p>T\u00fcrk e\u011fitim sisteminin bilimsel y\u00f6ntemlerle yetkin denet\u00e7iler taraf\u0131ndan denetlenmesi, \u00f6\u011fretmen ve okul y\u00f6neticileri ba\u015fta olmak \u00fczere her t\u00fcrl\u00fc e\u011fitim kademesindeki y\u00f6neticiye rehberlik sa\u011flanmas\u0131 ile e\u011fitim sistemi geli\u015ftirilebilir. E\u011fitimin denetlenmesi bu anlamda \u00f6zellikle her bir \u00e7ocu\u011fun nitelikli e\u011fitime eri\u015fimi i\u00e7in kritik bir role sahiptir. Denetim olmadan etkin ve verimli bir yol al\u0131namayaca\u011f\u0131n\u0131n alt\u0131 \u00e7izilmelidir. Peki, e\u011fitimde denetim nas\u0131l, ne \u015fekilde ve hangi amaca d\u00f6n\u00fck olarak yap\u0131lmal\u0131d\u0131r? Bu kitab\u0131n yaz\u0131lma amac\u0131 t\u00fcm bu sorulara yan\u0131t aramakt\u0131r. Bu kitap, \u00e7a\u011fda\u015f denetim felsefesi \u0131\u015f\u0131\u011f\u0131nda e\u011fitimde denetimin temel kavramlar\u0131n\u0131 ve felsefesini tan\u0131tmay\u0131, denetim faaliyetini ger\u00e7ekle\u015ftirecek denet\u00e7iye pratikte uygulayabilece\u011fi i\u015flevsel bilgiler sunmay\u0131 ve geli\u015fmi\u015f \u00fclkelerin denetim sistemlerini tan\u0131tmay\u0131 ama\u00e7lamaktad\u0131r. Sadece denetleyenin de\u011fil, ayn\u0131 zamanda denetlenenlere y\u00f6nelik de faydalanabilecekleri bilgilere yer verilmi\u015ftir. Bu kapsamda kitab\u0131n hedef kitlesi; \u00f6\u011fretmenler, okul y\u00f6neticileri, m\u00fcfetti\u015fler, akademisyenler, lisans ve lisans\u00fcst\u00fc \u00f6\u011frenciler ba\u015fta olmak \u00fczere e\u011fitim sisteminin her payda\u015f\u0131 olarak s\u0131ralanabilir. <\/p>\n","protected":false},"excerpt":{"rendered":"<p>T\u00fcrk e\u011fitim sisteminin bilimsel y\u00f6ntemlerle yetkin denet\u00e7iler taraf\u0131ndan denetlenmesi, \u00f6\u011fretmen ve okul y\u00f6neticileri ba\u015fta olmak \u00fczere her t\u00fcrl\u00fc e\u011fitim kademesindeki y\u00f6neticiye rehberlik sa\u011flanmas\u0131 ile e\u011fitim sistemi<span class=\"excerpt-hellip\"> [\u2026]<\/span><\/p>\n","protected":false},"featured_media":0,"template":"","meta":{"_monsterinsights_skip_tracking":false,"_monsterinsights_sitenote_active":false,"_monsterinsights_sitenote_note":"","_monsterinsights_sitenote_category":0},"product_brand":[],"product_cat":[12573,12566],"product_tag":[],"class_list":{"0":"post-741432","1":"product","2":"type-product","3":"status-publish","5":"product_cat-akademik-kitaplar","6":"product_cat-egitim","7":"pa_cilt-ciltsiz","8":"pa_tur-kitap","9":"pa_yayinevi-ani-yayincilik","10":"pa_yazar-ani-yayincilik-kolektif","12":"first","13":"instock","14":"sale","15":"shipping-taxable","16":"purchasable","17":"product-type-simple"},"_links":{"self":[{"href":"https:\/\/roveyayinevi.com.tr\/index.php\/wp-json\/wp\/v2\/product\/741432","targetHints":{"allow":["GET"]}}],"collection":[{"href":"https:\/\/roveyayinevi.com.tr\/index.php\/wp-json\/wp\/v2\/product"}],"about":[{"href":"https:\/\/roveyayinevi.com.tr\/index.php\/wp-json\/wp\/v2\/types\/product"}],"wp:attachment":[{"href":"https:\/\/roveyayinevi.com.tr\/index.php\/wp-json\/wp\/v2\/media?parent=741432"}],"wp:term":[{"taxonomy":"product_brand","embeddable":true,"href":"https:\/\/roveyayinevi.com.tr\/index.php\/wp-json\/wp\/v2\/product_brand?post=741432"},{"taxonomy":"product_cat","embeddable":true,"href":"https:\/\/roveyayinevi.com.tr\/index.php\/wp-json\/wp\/v2\/product_cat?post=741432"},{"taxonomy":"product_tag","embeddable":true,"href":"https:\/\/roveyayinevi.com.tr\/index.php\/wp-json\/wp\/v2\/product_tag?post=741432"}],"curies":[{"name":"wp","href":"https:\/\/api.w.org\/{rel}","templated":true}]}}