{"id":741429,"date":"2025-08-28T00:49:23","date_gmt":"2025-08-27T21:49:23","guid":{"rendered":"https:\/\/roveyayinevi.com.tr\/index.php\/urun\/kara-tren-ciltli\/"},"modified":"2026-04-16T02:52:40","modified_gmt":"2026-04-15T23:52:40","slug":"kara-tren-ciltli","status":"publish","type":"product","link":"https:\/\/roveyayinevi.com.tr\/index.php\/urun\/kara-tren-ciltli\/","title":{"rendered":"Kara Tren (Ciltli)"},"content":{"rendered":"<p>\u201cBen zaten hi\u00e7 beceremedim, hi\u00e7bir \u015fey, i\u00e7 yang\u0131n\u0131 an\u0131lar yaratmaktan ba\u015fka.\u201d   50 ku\u015fa\u011f\u0131n\u0131n \u00f6nc\u00fclerinden V\u00fcs\u2019at O. Bener, \u00f6yk\u00fcleriyle, oyunlar\u0131 ve romanlar\u0131yla ge\u00e7mi\u015ften bug\u00fcne modern edebiyat\u0131m\u0131z\u0131n k\u00fclt yazarlar\u0131ndan biridir. V.O.B., kurmaca ile ger\u00e7ekli\u011fi, birbiri i\u00e7inde ve birbirinin s\u0131n\u0131rlar\u0131n\u0131 kurcalayarak, alaysayarak, i\u015fi ciddiye bindirerek yaratm\u0131\u015f; dilde ve s\u00f6yleyi\u015fte yeni bir bi\u00e7em ortaya koymu\u015f, s\u00f6zc\u00fckler icat etmi\u015f, yeri geldi\u011finde fiilleri elinin tersiyle itmi\u015f, \u00e7okkatmanl\u0131 ve par\u00e7al\u0131 anlat\u0131 evreninde, k\u00f6rd\u00fc\u011f\u00fcm c\u00fcmleden bo\u015f y\u00fccelik anlat\u0131s\u0131na, V\u00fcs\u2019at\u00ee bir ekole d\u00f6n\u00fc\u015fm\u00fc\u015ft\u00fcr.   100. ya\u015f\u0131n kutlu olsun V\u00fcs\u2019at O. Bener! <\/p>\n","protected":false},"excerpt":{"rendered":"<p>\u201cBen zaten hi\u00e7 beceremedim, hi\u00e7bir \u015fey, i\u00e7 yang\u0131n\u0131 an\u0131lar yaratmaktan ba\u015fka.\u201d 50 ku\u015fa\u011f\u0131n\u0131n \u00f6nc\u00fclerinden V\u00fcs\u2019at O. Bener, \u00f6yk\u00fcleriyle, oyunlar\u0131 ve romanlar\u0131yla ge\u00e7mi\u015ften bug\u00fcne modern edebiyat\u0131m\u0131z\u0131n k\u00fclt<span class=\"excerpt-hellip\"> [\u2026]<\/span><\/p>\n","protected":false},"featured_media":0,"template":"","meta":{"_monsterinsights_skip_tracking":false,"_monsterinsights_sitenote_active":false,"_monsterinsights_sitenote_note":"","_monsterinsights_sitenote_category":0},"product_brand":[],"product_cat":[12291,12711],"product_tag":[],"class_list":{"0":"post-741429","1":"product","2":"type-product","3":"status-publish","5":"product_cat-edebiyat","6":"product_cat-roman-oyku","7":"pa_cilt-ciltsiz","8":"pa_tur-kitap","9":"pa_yayinevi-everest-yayinlari","10":"pa_yazar-vusat-o-bener","12":"first","13":"instock","14":"sale","15":"shipping-taxable","16":"purchasable","17":"product-type-simple"},"_links":{"self":[{"href":"https:\/\/roveyayinevi.com.tr\/index.php\/wp-json\/wp\/v2\/product\/741429","targetHints":{"allow":["GET"]}}],"collection":[{"href":"https:\/\/roveyayinevi.com.tr\/index.php\/wp-json\/wp\/v2\/product"}],"about":[{"href":"https:\/\/roveyayinevi.com.tr\/index.php\/wp-json\/wp\/v2\/types\/product"}],"wp:attachment":[{"href":"https:\/\/roveyayinevi.com.tr\/index.php\/wp-json\/wp\/v2\/media?parent=741429"}],"wp:term":[{"taxonomy":"product_brand","embeddable":true,"href":"https:\/\/roveyayinevi.com.tr\/index.php\/wp-json\/wp\/v2\/product_brand?post=741429"},{"taxonomy":"product_cat","embeddable":true,"href":"https:\/\/roveyayinevi.com.tr\/index.php\/wp-json\/wp\/v2\/product_cat?post=741429"},{"taxonomy":"product_tag","embeddable":true,"href":"https:\/\/roveyayinevi.com.tr\/index.php\/wp-json\/wp\/v2\/product_tag?post=741429"}],"curies":[{"name":"wp","href":"https:\/\/api.w.org\/{rel}","templated":true}]}}