{"id":741427,"date":"2025-08-28T00:49:21","date_gmt":"2025-08-27T21:49:21","guid":{"rendered":"https:\/\/roveyayinevi.com.tr\/index.php\/urun\/gece-inerken\/"},"modified":"2026-04-16T02:52:40","modified_gmt":"2026-04-15T23:52:40","slug":"gece-inerken","status":"publish","type":"product","link":"https:\/\/roveyayinevi.com.tr\/index.php\/urun\/gece-inerken\/","title":{"rendered":"Gece \u0130nerken"},"content":{"rendered":"<p>\u00c7a\u011fda\u015f d\u00fcnya edebiyat\u0131n\u0131n \u00f6nemli eserleri aras\u0131nda yer alan Saatler roman\u0131n\u0131n yazar\u0131 Michael Cunnigham\u2019dan sanat, a\u015fk, evlilik ve \u00f6l\u00fcml\u00fcl\u00fck \u00fczerine bir roman Gece \u0130nerken. Gen\u00e7 ya\u015fta \u00f6len g\u00f6z kama\u015ft\u0131r\u0131c\u0131 bir a\u011fabeyin g\u00f6lgesinde b\u00fcy\u00fcm\u00fc\u015f, 40\u2019l\u0131 ya\u015flar\u0131n\u0131n ortalar\u0131nda, New York Soho\u2019da kendi halinde bir sanat galerisi sahibidir Peter Harris. Temsil etti\u011fi sanat\u00e7\u0131lar iyi olsa da birer deha de\u011fillerdir. Bir dergide edit\u00f6rl\u00fck yapan Rebecca Harris ile sorunsuz g\u00f6r\u00fcnen bir evlilikleri vard\u0131r. \u00d6yle veya b\u00f6yle her \u015fey yolunda ilerlerken, bir g\u00fcn kar\u0131s\u0131n\u0131n beceriksiz, uyu\u015fturucu ba\u011f\u0131ml\u0131s\u0131, sevimli, k\u00fc\u00e7\u00fck karde\u015fi Mizzy \u00e7\u0131kagelir. Gizliden gizliye esasl\u0131 bir maceraya, onu \u201cmant\u0131kl\u0131lar diyar\u0131ndan\u201d \u00e7\u0131karacak ve \u201ctehlikeli bir ilhama\u201d y\u00f6nlendirecek cesarete ihtiya\u00e7 duyan Peter\u2019in ilac\u0131 Mizzy olacakt\u0131r. Birdenbire sanat\u00e7\u0131lar\u0131n\u0131, onlar\u0131n yap\u0131tlar\u0131n\u0131, kendi kariyerini ve hayat\u0131n\u0131, \u00f6zetle o g\u00fcne kadar ilmek ilmek \u00f6rd\u00fc\u011f\u00fc t\u00fcm d\u00fcnyas\u0131n\u0131 sorgulamaya ba\u015flayacakt\u0131r\u2026 Cunningham\u2019dan yine bolca edebiyat referans\u0131yla ilerleyen, o kusursuz sand\u0131\u011f\u0131m\u0131z hayatlar\u0131m\u0131z\u0131 sorgulamaya iten bir roman Gece \u0130nerken. Mutlu sonlar\u0131n olmad\u0131\u011f\u0131 ama ba\u011f\u0131\u015flaman\u0131n g\u00fcc\u00fcn\u00fc ortaya koyan bir roman\u2026   <\/p>\n","protected":false},"excerpt":{"rendered":"<p>\u00c7a\u011fda\u015f d\u00fcnya edebiyat\u0131n\u0131n \u00f6nemli eserleri aras\u0131nda yer alan Saatler roman\u0131n\u0131n yazar\u0131 Michael Cunnigham\u2019dan sanat, a\u015fk, evlilik ve \u00f6l\u00fcml\u00fcl\u00fck \u00fczerine bir roman Gece \u0130nerken. Gen\u00e7 ya\u015fta \u00f6len<span class=\"excerpt-hellip\"> [\u2026]<\/span><\/p>\n","protected":false},"featured_media":0,"template":"","meta":{"_monsterinsights_skip_tracking":false,"_monsterinsights_sitenote_active":false,"_monsterinsights_sitenote_note":"","_monsterinsights_sitenote_category":0},"product_brand":[],"product_cat":[12291,12711],"product_tag":[],"class_list":{"0":"post-741427","1":"product","2":"type-product","3":"status-publish","5":"product_cat-edebiyat","6":"product_cat-roman-oyku","7":"pa_cilt-ciltsiz","8":"pa_tur-kitap","9":"pa_yayinevi-kirmizi-kedi-yayinevi","10":"pa_yazar-michael-cunningham","12":"first","13":"instock","14":"sale","15":"shipping-taxable","16":"purchasable","17":"product-type-simple"},"_links":{"self":[{"href":"https:\/\/roveyayinevi.com.tr\/index.php\/wp-json\/wp\/v2\/product\/741427","targetHints":{"allow":["GET"]}}],"collection":[{"href":"https:\/\/roveyayinevi.com.tr\/index.php\/wp-json\/wp\/v2\/product"}],"about":[{"href":"https:\/\/roveyayinevi.com.tr\/index.php\/wp-json\/wp\/v2\/types\/product"}],"wp:attachment":[{"href":"https:\/\/roveyayinevi.com.tr\/index.php\/wp-json\/wp\/v2\/media?parent=741427"}],"wp:term":[{"taxonomy":"product_brand","embeddable":true,"href":"https:\/\/roveyayinevi.com.tr\/index.php\/wp-json\/wp\/v2\/product_brand?post=741427"},{"taxonomy":"product_cat","embeddable":true,"href":"https:\/\/roveyayinevi.com.tr\/index.php\/wp-json\/wp\/v2\/product_cat?post=741427"},{"taxonomy":"product_tag","embeddable":true,"href":"https:\/\/roveyayinevi.com.tr\/index.php\/wp-json\/wp\/v2\/product_tag?post=741427"}],"curies":[{"name":"wp","href":"https:\/\/api.w.org\/{rel}","templated":true}]}}