{"id":741426,"date":"2025-08-28T00:49:20","date_gmt":"2025-08-27T21:49:20","guid":{"rendered":"https:\/\/roveyayinevi.com.tr\/index.php\/urun\/kral-kizi\/"},"modified":"2026-04-16T02:52:40","modified_gmt":"2026-04-15T23:52:40","slug":"kral-kizi","status":"publish","type":"product","link":"https:\/\/roveyayinevi.com.tr\/index.php\/urun\/kral-kizi\/","title":{"rendered":"Kral K\u0131z\u0131"},"content":{"rendered":"<p>Konya yak\u0131nlar\u0131ndaki pancar tarlas\u0131nda ba\u015flayan ya\u015fam\u0131, felsefe profes\u00f6rl\u00fc\u011f\u00fcne uzanan KRAL KIZI\u2026 Yazarl\u0131\u011f\u0131n\u0131n en y\u00fcrekli ama ya\u015fl\u0131l\u0131\u011f\u0131n kap\u0131y\u0131 t\u0131klatt\u0131\u011f\u0131 zamandas\u0131n. \u00dczerinde ad\u0131n yazan kitaplar, \u00e7eviriler, bilimsel makaleler var. \u00d6m\u00fcr boyu ya\u015fayarak birikmi\u015f malzeme haz\u0131r. Aldat\u0131lmay\u0131, g\u00f6rd\u00fcn. \u015eiddetin en ay\u0131pl\u0131s\u0131n\u0131 ya\u015fad\u0131n. En yak\u0131n\u0131m dedi\u011fin taraf\u0131ndan s\u0131rt\u0131ndan han\u00e7erlendin. Ya\u015fam\u0131n birka\u00e7 yerden b\u00fck\u00fcld\u00fc? D\u00fc\u015ft\u00fcn, kalkt\u0131n. Kar\u015f\u0131l\u0131ks\u0131z sevgi, \u00e7\u0131lg\u0131n a\u015fk, nefret, yaln\u0131zl\u0131k\u2026 B\u00fct\u00fcn bunlar\u0131 anlatmak y\u00fcreklili\u011fini g\u00f6ster. Noktas\u0131n\u0131 virg\u00fcl\u00fcn\u00fc de\u011fi\u015ftirmeden y\u00fcceltmeden ve c\u00fcceltmeden, insanl\u0131\u011f\u0131n\u0131, kad\u0131nl\u0131\u011f\u0131n\u0131 unutmadan kaleme d\u00f6kmek zaman\u0131 geldi. Annenin ba\u015flad\u0131\u011f\u0131 mor kad\u0131n\u0131n \u00f6yk\u00fcleri senin kaleminden \u00e7\u0131ks\u0131n. Yazd\u0131\u011f\u0131n\u0131n ba\u015fyap\u0131t\u0131m\u0131n olup olmayaca\u011f\u0131n\u0131 bilemezsin. Sa\u011fl\u0131k durumumu d\u00fc\u015f\u00fcnce son olaca\u011f\u0131 kesin. G\u00f6ky\u00fcz\u00fcnde beyaz bir \u0131\u015f\u0131k yan\u0131p s\u00f6nende, uzun kuyru\u011fu metalik ye\u015fil, kanatlar\u0131n\u0131n ve karn\u0131n\u0131n alt\u0131 bembeyaz, o g\u00fczel ku\u015fun gelmesini bekleme. \u0130\u00e7inde insan olman\u0131n bilinci, karar vermenin g\u00fcc\u00fc. Kad\u0131n olmaktan ald\u0131\u011f\u0131n ivme ile yola \u00e7\u0131k. D\u00fc\u015flerin, kovan\u0131ndan \u00e7\u0131kmaya haz\u0131rlanan o\u011ful. \u00c7a\u011f\u0131r gelsin aceleci harflerini. Heyecanl\u0131 hecelerini. Arslan y\u00fcrekli s\u00f6zc\u00fcklerini. Korkusuz c\u00fcmlelerini. Seninle birlikte yeni bir ser\u00fcvene\u2026<\/p>\n","protected":false},"excerpt":{"rendered":"<p>Konya yak\u0131nlar\u0131ndaki pancar tarlas\u0131nda ba\u015flayan ya\u015fam\u0131, felsefe profes\u00f6rl\u00fc\u011f\u00fcne uzanan KRAL KIZI\u2026 Yazarl\u0131\u011f\u0131n\u0131n en y\u00fcrekli ama ya\u015fl\u0131l\u0131\u011f\u0131n kap\u0131y\u0131 t\u0131klatt\u0131\u011f\u0131 zamandas\u0131n. \u00dczerinde ad\u0131n yazan kitaplar, \u00e7eviriler, bilimsel makaleler<span class=\"excerpt-hellip\"> [\u2026]<\/span><\/p>\n","protected":false},"featured_media":0,"template":"","meta":{"_monsterinsights_skip_tracking":false,"_monsterinsights_sitenote_active":false,"_monsterinsights_sitenote_note":"","_monsterinsights_sitenote_category":0},"product_brand":[],"product_cat":[12291,12711],"product_tag":[],"class_list":{"0":"post-741426","1":"product","2":"type-product","3":"status-publish","5":"product_cat-edebiyat","6":"product_cat-roman-oyku","7":"pa_cilt-ciltsiz","8":"pa_tur-kitap","9":"pa_yayinevi-platanus-publishing","10":"pa_yazar-atiye-guner-tumuklu","12":"first","13":"instock","14":"sale","15":"shipping-taxable","16":"purchasable","17":"product-type-simple"},"_links":{"self":[{"href":"https:\/\/roveyayinevi.com.tr\/index.php\/wp-json\/wp\/v2\/product\/741426","targetHints":{"allow":["GET"]}}],"collection":[{"href":"https:\/\/roveyayinevi.com.tr\/index.php\/wp-json\/wp\/v2\/product"}],"about":[{"href":"https:\/\/roveyayinevi.com.tr\/index.php\/wp-json\/wp\/v2\/types\/product"}],"wp:attachment":[{"href":"https:\/\/roveyayinevi.com.tr\/index.php\/wp-json\/wp\/v2\/media?parent=741426"}],"wp:term":[{"taxonomy":"product_brand","embeddable":true,"href":"https:\/\/roveyayinevi.com.tr\/index.php\/wp-json\/wp\/v2\/product_brand?post=741426"},{"taxonomy":"product_cat","embeddable":true,"href":"https:\/\/roveyayinevi.com.tr\/index.php\/wp-json\/wp\/v2\/product_cat?post=741426"},{"taxonomy":"product_tag","embeddable":true,"href":"https:\/\/roveyayinevi.com.tr\/index.php\/wp-json\/wp\/v2\/product_tag?post=741426"}],"curies":[{"name":"wp","href":"https:\/\/api.w.org\/{rel}","templated":true}]}}