{"id":741421,"date":"2025-08-28T00:49:14","date_gmt":"2025-08-27T21:49:14","guid":{"rendered":"https:\/\/roveyayinevi.com.tr\/index.php\/urun\/neden-hasta-oluruz\/"},"modified":"2026-04-16T02:52:39","modified_gmt":"2026-04-15T23:52:39","slug":"neden-hasta-oluruz","status":"publish","type":"product","link":"https:\/\/roveyayinevi.com.tr\/index.php\/urun\/neden-hasta-oluruz\/","title":{"rendered":"Neden Hasta Oluruz?"},"content":{"rendered":"<p>Uluslararas\u0131 \u00fcne sahip bilim adam\u0131 ve patofizyoloji profes\u00f6r\u00fc Benjamin Bikman Neden Hasta Oluruz?\u2019da ins\u00fclin direncinin nas\u0131l bu kadar yayg\u0131n hale geldi\u011fini ve neden \u00f6nemli oldu\u011funu ara\u015ft\u0131r\u0131yor. Sorunu fark etmedik\u00e7e ve gidi\u015fat\u0131 tersine \u00e7evirmedik\u00e7e kronik hastal\u0131klar daha da yayg\u0131nla\u015facakt\u0131r. Ancak Bikman yararl\u0131 yemek \u00f6nerileri, kolay egzersiz ilkeleri ve daha fazlas\u0131yla bunu durdurmak ve \u00f6nlemek i\u00e7in bir plan sunuyor. \u015ea\u015f\u0131rt\u0131c\u0131 ara\u015ft\u0131rmalar ve pratik tavsiyelerle dolu Neden Hasta Oluruz? sa\u011fl\u0131\u011f\u0131n\u0131z\u0131n kontrol\u00fcn\u00fc ele alman\u0131za yard\u0131mc\u0131 olacak. \u201cLay\u0131k\u0131yla ara\u015ft\u0131r\u0131lm\u0131\u015f ve kapsaml\u0131 \u015fekilde belgelendirilmi\u015f Neden Hasta Oluruz?, ins\u00fclin direnci ve onun insan bedeninin neredeyse her sistemini nas\u0131l etkiledi\u011fi \u00fczerine etrafl\u0131 ve elzem bir el kitab\u0131. Dr. Bikman, sadece ins\u00fclin direncinin neden ve nas\u0131l olu\u015ftu\u011funa dair kolay anla\u015f\u0131l\u0131r bir rehber de\u011fil, ayn\u0131 zamanda tedavisi i\u00e7in de bir el kitab\u0131 sunuyor.\u015eu anda sanayile\u015fmi\u015f d\u00fcnyan\u0131n ba\u015f\u0131na bela olan hastal\u0131klar\u0131n \u00e7o\u011funun temel nedenini ve \u00e7aresini anlamak istiyorsan\u0131z bu kitap tam size g\u00f6re. \u015eiddetle tavsiye ediyorum!\u201d   \u2014 Michael E. Reads, T\u0131p doktoru, New York Times \u00e7ok satanlar listesine giren Protein Power adl\u0131 kitab\u0131n yazar\u0131.   <\/p>\n","protected":false},"excerpt":{"rendered":"<p>Uluslararas\u0131 \u00fcne sahip bilim adam\u0131 ve patofizyoloji profes\u00f6r\u00fc Benjamin Bikman Neden Hasta Oluruz?\u2019da ins\u00fclin direncinin nas\u0131l bu kadar yayg\u0131n hale geldi\u011fini ve neden \u00f6nemli oldu\u011funu ara\u015ft\u0131r\u0131yor.<span class=\"excerpt-hellip\"> [\u2026]<\/span><\/p>\n","protected":false},"featured_media":0,"template":"","meta":{"_monsterinsights_skip_tracking":false,"_monsterinsights_sitenote_active":false,"_monsterinsights_sitenote_note":"","_monsterinsights_sitenote_category":0},"product_brand":[],"product_cat":[13005,37328],"product_tag":[],"class_list":{"0":"post-741421","1":"product","2":"type-product","3":"status-publish","5":"product_cat-bilim-muhendislik","6":"product_cat-diger-bilim-muhendislik","7":"pa_cilt-ciltsiz","8":"pa_tur-kitap","9":"pa_yayinevi-say-yayinlari","10":"pa_yazar-benjamin-bikman","12":"first","13":"instock","14":"sale","15":"shipping-taxable","16":"purchasable","17":"product-type-simple"},"_links":{"self":[{"href":"https:\/\/roveyayinevi.com.tr\/index.php\/wp-json\/wp\/v2\/product\/741421","targetHints":{"allow":["GET"]}}],"collection":[{"href":"https:\/\/roveyayinevi.com.tr\/index.php\/wp-json\/wp\/v2\/product"}],"about":[{"href":"https:\/\/roveyayinevi.com.tr\/index.php\/wp-json\/wp\/v2\/types\/product"}],"wp:attachment":[{"href":"https:\/\/roveyayinevi.com.tr\/index.php\/wp-json\/wp\/v2\/media?parent=741421"}],"wp:term":[{"taxonomy":"product_brand","embeddable":true,"href":"https:\/\/roveyayinevi.com.tr\/index.php\/wp-json\/wp\/v2\/product_brand?post=741421"},{"taxonomy":"product_cat","embeddable":true,"href":"https:\/\/roveyayinevi.com.tr\/index.php\/wp-json\/wp\/v2\/product_cat?post=741421"},{"taxonomy":"product_tag","embeddable":true,"href":"https:\/\/roveyayinevi.com.tr\/index.php\/wp-json\/wp\/v2\/product_tag?post=741421"}],"curies":[{"name":"wp","href":"https:\/\/api.w.org\/{rel}","templated":true}]}}