{"id":741420,"date":"2025-08-28T00:49:13","date_gmt":"2025-08-27T21:49:13","guid":{"rendered":"https:\/\/roveyayinevi.com.tr\/index.php\/urun\/dunya-disi-zeka-arayisi\/"},"modified":"2026-04-16T02:52:39","modified_gmt":"2026-04-15T23:52:39","slug":"dunya-disi-zeka-arayisi","status":"publish","type":"product","link":"https:\/\/roveyayinevi.com.tr\/index.php\/urun\/dunya-disi-zeka-arayisi\/","title":{"rendered":"D\u00fcnya D\u0131\u015f\u0131 Zeka Aray\u0131\u015f\u0131"},"content":{"rendered":"<p>1974 y\u0131l\u0131nda Porto Riko\u2019daki dev Areciboradyoteleskobundan y\u0131ld\u0131zlara bir mesaj g\u00f6nderildi. Ama\u00e7, d\u00fcnya d\u0131\u015f\u0131 uygarl\u0131klar\u0131 varl\u0131\u011f\u0131m\u0131zdan haberdar etmekti. B\u00f6yle uygarl\u0131klar\u0131n var olup olmad\u0131\u011f\u0131n\u0131 elbette bilmiyoruz. SETI (D\u00fcnya D\u0131\u015f\u0131 Zek\u00e2 Aray\u0131\u015f\u0131) Program\u0131 altm\u0131\u015f y\u0131ld\u0131r bunu \u00f6\u011frenmeye \u00e7al\u0131\u015f\u0131yor, ama \u015fimdiye kadar d\u00fcnya d\u0131\u015f\u0131 zek\u00e2n\u0131n varl\u0131\u011f\u0131na dair herhangi bir kan\u0131t bulamad\u0131. Y\u0131ld\u0131zlar sessizli\u011fini korudu\u011fu i\u00e7in baz\u0131 ara\u015ft\u0131rmac\u0131lar uzaya daha \u00e7ok mesaj g\u00f6nderiyor. Orada bulunuyor olabilecek uygarl\u0131klar\u0131 k\u0131\u015fk\u0131rtmak istiyorlar. Ancak, \u201cuzayl\u0131lar\u201d ile temas ve bunun olas\u0131 sonu\u00e7lar\u0131yla ilgili yan\u0131tlanmas\u0131 zor sorular var. SETI Program\u0131 bizi bu zor sorulara yan\u0131t bulman\u0131n yan\u0131 s\u0131ra kendi tabiat\u0131m\u0131zla y\u00fczle\u015fmeye zorluyor: Nereden geldik, nereye gidiyoruz ve kozmik ba\u011flamda biz kimiz? Bu kitap, d\u00fcnya d\u0131\u015f\u0131 ya\u015fam\u0131 ara\u015ft\u0131r\u0131rken yapt\u0131\u011f\u0131m\u0131z varsay\u0131mlar \u00fczerinde duruyor ve bu varsay\u0131mlar\u0131n bize kendimiz hakk\u0131nda neler \u00f6\u011fretebilece\u011fine \u0131\u015f\u0131k tutuyor.   \u201cKeith Cooper\u2019\u0131n g\u00fcncel tart\u0131\u015fmalara geni\u015f ve dengeli bak\u0131\u015f a\u00e7\u0131s\u0131 b\u00fcy\u00fck bir okur kitlesinin ilgisini hak ediyor.\u201d \u2014 MartinRees <\/p>\n","protected":false},"excerpt":{"rendered":"<p>1974 y\u0131l\u0131nda Porto Riko\u2019daki dev Areciboradyoteleskobundan y\u0131ld\u0131zlara bir mesaj g\u00f6nderildi. Ama\u00e7, d\u00fcnya d\u0131\u015f\u0131 uygarl\u0131klar\u0131 varl\u0131\u011f\u0131m\u0131zdan haberdar etmekti. B\u00f6yle uygarl\u0131klar\u0131n var olup olmad\u0131\u011f\u0131n\u0131 elbette bilmiyoruz. SETI (D\u00fcnya<span class=\"excerpt-hellip\"> [\u2026]<\/span><\/p>\n","protected":false},"featured_media":0,"template":"","meta":{"_monsterinsights_skip_tracking":false,"_monsterinsights_sitenote_active":false,"_monsterinsights_sitenote_note":"","_monsterinsights_sitenote_category":0},"product_brand":[],"product_cat":[13005,37328],"product_tag":[],"class_list":{"0":"post-741420","1":"product","2":"type-product","3":"status-publish","5":"product_cat-bilim-muhendislik","6":"product_cat-diger-bilim-muhendislik","7":"pa_cilt-ciltsiz","8":"pa_tur-kitap","9":"pa_yayinevi-say-yayinlari","10":"pa_yazar-keith-cooper","12":"first","13":"instock","14":"sale","15":"shipping-taxable","16":"purchasable","17":"product-type-simple"},"_links":{"self":[{"href":"https:\/\/roveyayinevi.com.tr\/index.php\/wp-json\/wp\/v2\/product\/741420","targetHints":{"allow":["GET"]}}],"collection":[{"href":"https:\/\/roveyayinevi.com.tr\/index.php\/wp-json\/wp\/v2\/product"}],"about":[{"href":"https:\/\/roveyayinevi.com.tr\/index.php\/wp-json\/wp\/v2\/types\/product"}],"wp:attachment":[{"href":"https:\/\/roveyayinevi.com.tr\/index.php\/wp-json\/wp\/v2\/media?parent=741420"}],"wp:term":[{"taxonomy":"product_brand","embeddable":true,"href":"https:\/\/roveyayinevi.com.tr\/index.php\/wp-json\/wp\/v2\/product_brand?post=741420"},{"taxonomy":"product_cat","embeddable":true,"href":"https:\/\/roveyayinevi.com.tr\/index.php\/wp-json\/wp\/v2\/product_cat?post=741420"},{"taxonomy":"product_tag","embeddable":true,"href":"https:\/\/roveyayinevi.com.tr\/index.php\/wp-json\/wp\/v2\/product_tag?post=741420"}],"curies":[{"name":"wp","href":"https:\/\/api.w.org\/{rel}","templated":true}]}}