{"id":741419,"date":"2025-08-28T00:49:12","date_gmt":"2025-08-27T21:49:12","guid":{"rendered":"https:\/\/roveyayinevi.com.tr\/index.php\/urun\/kendine-kalanlara\/"},"modified":"2026-04-16T02:52:39","modified_gmt":"2026-04-15T23:52:39","slug":"kendine-kalanlara","status":"publish","type":"product","link":"https:\/\/roveyayinevi.com.tr\/index.php\/urun\/kendine-kalanlara\/","title":{"rendered":"Kendine Kalanlara"},"content":{"rendered":"<p>Kendine kal\u0131yor insan, g\u00fcn\u00fcn sonunda Daha \u0131ss\u0131z, daha vazge\u00e7mi\u015f. \u0130\u015fte burada ba\u015fl\u0131yor sava\u015f\u0131n. Ertesi g\u00fcne, daha \u00f6\u011frenmi\u015f, Daha inatla sar\u0131lmak i\u00e7in\u2026 <\/p>\n","protected":false},"excerpt":{"rendered":"<p>Kendine kal\u0131yor insan, g\u00fcn\u00fcn sonunda Daha \u0131ss\u0131z, daha vazge\u00e7mi\u015f. \u0130\u015fte burada ba\u015fl\u0131yor sava\u015f\u0131n. Ertesi g\u00fcne, daha \u00f6\u011frenmi\u015f, Daha inatla sar\u0131lmak i\u00e7in\u2026<\/p>\n","protected":false},"featured_media":0,"template":"","meta":{"_monsterinsights_skip_tracking":false,"_monsterinsights_sitenote_active":false,"_monsterinsights_sitenote_note":"","_monsterinsights_sitenote_category":0},"product_brand":[],"product_cat":[12291,12509],"product_tag":[],"class_list":{"0":"post-741419","1":"product","2":"type-product","3":"status-publish","5":"product_cat-edebiyat","6":"product_cat-siir","7":"pa_cilt-ciltsiz","8":"pa_tur-kitap","9":"pa_yayinevi-luna-yayinlari","10":"pa_yazar-nese-kilic","12":"first","13":"instock","14":"sale","15":"shipping-taxable","16":"purchasable","17":"product-type-simple"},"_links":{"self":[{"href":"https:\/\/roveyayinevi.com.tr\/index.php\/wp-json\/wp\/v2\/product\/741419","targetHints":{"allow":["GET"]}}],"collection":[{"href":"https:\/\/roveyayinevi.com.tr\/index.php\/wp-json\/wp\/v2\/product"}],"about":[{"href":"https:\/\/roveyayinevi.com.tr\/index.php\/wp-json\/wp\/v2\/types\/product"}],"wp:attachment":[{"href":"https:\/\/roveyayinevi.com.tr\/index.php\/wp-json\/wp\/v2\/media?parent=741419"}],"wp:term":[{"taxonomy":"product_brand","embeddable":true,"href":"https:\/\/roveyayinevi.com.tr\/index.php\/wp-json\/wp\/v2\/product_brand?post=741419"},{"taxonomy":"product_cat","embeddable":true,"href":"https:\/\/roveyayinevi.com.tr\/index.php\/wp-json\/wp\/v2\/product_cat?post=741419"},{"taxonomy":"product_tag","embeddable":true,"href":"https:\/\/roveyayinevi.com.tr\/index.php\/wp-json\/wp\/v2\/product_tag?post=741419"}],"curies":[{"name":"wp","href":"https:\/\/api.w.org\/{rel}","templated":true}]}}