{"id":741418,"date":"2025-08-28T00:49:10","date_gmt":"2025-08-27T21:49:10","guid":{"rendered":"https:\/\/roveyayinevi.com.tr\/index.php\/urun\/canevim\/"},"modified":"2026-04-16T02:52:39","modified_gmt":"2026-04-15T23:52:39","slug":"canevim","status":"publish","type":"product","link":"https:\/\/roveyayinevi.com.tr\/index.php\/urun\/canevim\/","title":{"rendered":"Canevim"},"content":{"rendered":"<p>Yar\u0131n i\u00e7in endi\u015felenmek ve d\u00fcn i\u00e7in pi\u015fmanl\u0131k duymak yerine; umudu her daim y\u00fcre\u011finde diri tutanlar\u0131n&#8230; Ve her \u015feye ra\u011fmen insan kalabilmenin dizeleri\u2026 G\u00fczel y\u00fcre\u011fine sa\u011fl\u0131k. Esra YILMAZ G\u00d6KER   \u201cSevginin ve Dostlu\u011fun \u015eairi\u201d sevgili Turgay Ka\u00e7an\u2019\u0131n \u015fiirleri y\u00fcre\u011finizi sarmalar, heyecanland\u0131r\u0131r ve tekrar tekrar okumak iste\u011fi uyand\u0131r\u0131r. Hep birlikte bir \u015feylerin ba\u015far\u0131laca\u011f\u0131na inanan m\u00fccadeleci bir y\u00fcrek. Yazd\u0131klar\u0131yla \u00f6nce insan, insanl\u0131k gelir. Ya\u015fama bak\u0131\u015f a\u00e7\u0131s\u0131 ile her zaman do\u011frunun yan\u0131nda yer alan g\u00fczel y\u00fcrekli bir cand\u0131r. Nebih NAF\u0130LE   Baz\u0131 insanlar girer hayat\u0131m\u0131za bir anda, bildi\u011fimizi sand\u0131\u011f\u0131m\u0131z t\u00fcm duygular\u0131 hat\u0131rlat\u0131r, hatta yeniden anlamland\u0131r\u0131r. Sat\u0131rlarda gizledi\u011fi bir s\u00f6zc\u00fck bazen al\u0131r g\u00f6t\u00fcr\u00fcr bizi bamba\u015fka ama \u00e7ok da uzak olmayan a\u015fina hayatlara&#8230; Bizi bize anlatmak, g\u00fcftesi ayn\u0131 olan \u015fark\u0131n\u0131n bamba\u015fka s\u00f6zlerle s\u00f6ylenmesi olsa gerek&#8230;Turgay KA\u00c7AN\u2019\u0131n \u015fiirleri de tam da b\u00f6yle; insana, do\u011faya, a\u015fka ve hayata dair t\u00fcm duygular\u0131 en saf haliyle sunuyor bizlere. Evrensel de\u011ferlerde birle\u015ftiriyor y\u00fcrekleri. Ayn\u0131 g\u00f6ky\u00fcz\u00fcn\u00fcn alt\u0131nda, ayn\u0131 atmosferi soluyup ayn\u0131 g\u00fcne\u015ften \u0131s\u0131nan t\u00fcm g\u00fczel insanlar\u0131 bulu\u015fturuyor bu kitap&#8230; Bunu ba\u015faran o derin ruha te\u015fekk\u00fcrler, kucak dolusu sevgi ve selamlar. Sevin\u00e7 DEM\u0130REL <\/p>\n","protected":false},"excerpt":{"rendered":"<p>Yar\u0131n i\u00e7in endi\u015felenmek ve d\u00fcn i\u00e7in pi\u015fmanl\u0131k duymak yerine; umudu her daim y\u00fcre\u011finde diri tutanlar\u0131n&#8230; Ve her \u015feye ra\u011fmen insan kalabilmenin dizeleri\u2026 G\u00fczel y\u00fcre\u011fine sa\u011fl\u0131k. Esra<span class=\"excerpt-hellip\"> [\u2026]<\/span><\/p>\n","protected":false},"featured_media":0,"template":"","meta":{"_monsterinsights_skip_tracking":false,"_monsterinsights_sitenote_active":false,"_monsterinsights_sitenote_note":"","_monsterinsights_sitenote_category":0},"product_brand":[],"product_cat":[12291,12509],"product_tag":[],"class_list":{"0":"post-741418","1":"product","2":"type-product","3":"status-publish","5":"product_cat-edebiyat","6":"product_cat-siir","7":"pa_cilt-ciltsiz","8":"pa_tur-kitap","9":"pa_yayinevi-luna-yayinlari","10":"pa_yazar-turgay-kacan","12":"first","13":"instock","14":"sale","15":"shipping-taxable","16":"purchasable","17":"product-type-simple"},"_links":{"self":[{"href":"https:\/\/roveyayinevi.com.tr\/index.php\/wp-json\/wp\/v2\/product\/741418","targetHints":{"allow":["GET"]}}],"collection":[{"href":"https:\/\/roveyayinevi.com.tr\/index.php\/wp-json\/wp\/v2\/product"}],"about":[{"href":"https:\/\/roveyayinevi.com.tr\/index.php\/wp-json\/wp\/v2\/types\/product"}],"wp:attachment":[{"href":"https:\/\/roveyayinevi.com.tr\/index.php\/wp-json\/wp\/v2\/media?parent=741418"}],"wp:term":[{"taxonomy":"product_brand","embeddable":true,"href":"https:\/\/roveyayinevi.com.tr\/index.php\/wp-json\/wp\/v2\/product_brand?post=741418"},{"taxonomy":"product_cat","embeddable":true,"href":"https:\/\/roveyayinevi.com.tr\/index.php\/wp-json\/wp\/v2\/product_cat?post=741418"},{"taxonomy":"product_tag","embeddable":true,"href":"https:\/\/roveyayinevi.com.tr\/index.php\/wp-json\/wp\/v2\/product_tag?post=741418"}],"curies":[{"name":"wp","href":"https:\/\/api.w.org\/{rel}","templated":true}]}}