{"id":741417,"date":"2025-08-28T00:49:09","date_gmt":"2025-08-27T21:49:09","guid":{"rendered":"https:\/\/roveyayinevi.com.tr\/index.php\/urun\/hamnet\/"},"modified":"2026-04-16T02:52:39","modified_gmt":"2026-04-15T23:52:39","slug":"hamnet","status":"publish","type":"product","link":"https:\/\/roveyayinevi.com.tr\/index.php\/urun\/hamnet\/","title":{"rendered":"Hamnet"},"content":{"rendered":"<p>2020 WOMEN\u2019S PRIZE FOR FICTION \u00d6D\u00dcL\u00dc   2020 AMER\u0130KAN ULUSAL K\u0130TAP ELE\u015eT\u0130RMENLER\u0130 B\u0130RL\u0130\u011e\u0130 \u00d6D\u00dcL\u00dc   YILIN EN \u0130Y\u0130 K\u0130TABI se\u00e7kilerinde: NEW YORK TIMES \u2022 WATERSTONES \u2022 BILL GATES K\u0130TAP KUL\u00dcB\u00dc   1500\u2019l\u00fc y\u0131llar\u0131n sonu&#8230; Londra\u2019n\u0131n do\u011fusundaki bir kasabada ya\u015fayan Hamnet ad\u0131nda bir o\u011flan, tela\u015fla merdivenden iniyor. Ate\u015fler i\u00e7inde yatan ikiz karde\u015fine yard\u0131m edecek birini bulmas\u0131 gerek. Anne oradan iki kilometre uzakta, ar\u0131 kovanlar\u0131n\u0131n ba\u015f\u0131nda, bu bereketli canl\u0131lar\u0131n neden huzursuzland\u0131\u011f\u0131n\u0131 anlamaya \u00e7al\u0131\u015f\u0131yor. O an bilmese de \u00f6mr\u00fcn\u00fcn geri kalan\u0131, as\u0131l kendi i\u00e7inde aniden olu\u015fan huzursuzlu\u011fa kulak verip de eve gitseydi ya\u015fananlar\u0131 de\u011fi\u015ftirip de\u011fi\u015ftiremeyece\u011fini merak ederek ge\u00e7ecek. Hamnet\u2019\u0131n duyulmayan hayk\u0131r\u0131\u015f\u0131, annenin \u00f6m\u00fcr boyu d\u00f6n\u00fcp durdu\u011fu bir an olarak kalacak. Baba g\u00fcnlerce, haftalarca, kilometrelerce uzak. O\u011flu var g\u00fcc\u00fcyle ba\u011f\u0131rsa bile duyamaz. Tiyatrosuyla \u015fehir \u015fehir gezip alk\u0131\u015f tufanlar\u0131 yaratan oyunlar\u0131n\u0131 sergiliyor. Y\u0131llar sonra kalemini kendi ac\u0131s\u0131ndan dald\u0131racak m\u00fcrekkebe. Ve y\u00fczy\u0131llar boyu dillerden d\u00fc\u015fmeyecek bir oyun yazacak: Hamlet. Maggie O\u2019Farrell, tarihsel ger\u00e7eklerden beslenerek yazd\u0131\u011f\u0131 bu ola\u011fan\u00fcst\u00fc romanda bir anne baban\u0131n en b\u00fcy\u00fck korkusunu oda\u011f\u0131na al\u0131yor. Y\u0131llard\u0131r nas\u0131l biri oldu\u011funu anlamak i\u00e7in kelimeleri tek tek incelenen Shakespeare\u2019in en b\u00fcy\u00fck ac\u0131s\u0131na bamba\u015fka bir g\u00f6zle, biyografilerde sadece bir isimden ibaret olan annenin pi\u015fmanl\u0131klar\u0131yla, ac\u0131lar\u0131yla, korkular\u0131yla yakla\u015f\u0131yor ve d\u00f6rt y\u00fcz y\u0131ldan eski bir hik\u00e2yeyi okurun y\u00fcre\u011fine modern bir klasik olarak hediye ediyor. <\/p>\n","protected":false},"excerpt":{"rendered":"<p>2020 WOMEN\u2019S PRIZE FOR FICTION \u00d6D\u00dcL\u00dc 2020 AMER\u0130KAN ULUSAL K\u0130TAP ELE\u015eT\u0130RMENLER\u0130 B\u0130RL\u0130\u011e\u0130 \u00d6D\u00dcL\u00dc YILIN EN \u0130Y\u0130 K\u0130TABI se\u00e7kilerinde: NEW YORK TIMES \u2022 WATERSTONES \u2022 BILL GATES<span class=\"excerpt-hellip\"> [\u2026]<\/span><\/p>\n","protected":false},"featured_media":0,"template":"","meta":{"_monsterinsights_skip_tracking":false,"_monsterinsights_sitenote_active":false,"_monsterinsights_sitenote_note":"","_monsterinsights_sitenote_category":0},"product_brand":[],"product_cat":[12291,12711],"product_tag":[],"class_list":{"0":"post-741417","1":"product","2":"type-product","3":"status-publish","5":"product_cat-edebiyat","6":"product_cat-roman-oyku","7":"pa_cilt-ciltsiz","8":"pa_tur-kitap","9":"pa_yayinevi-domingo-yayinevi","10":"pa_yazar-maggie-ofarrell","12":"first","13":"instock","14":"sale","15":"shipping-taxable","16":"purchasable","17":"product-type-simple"},"_links":{"self":[{"href":"https:\/\/roveyayinevi.com.tr\/index.php\/wp-json\/wp\/v2\/product\/741417","targetHints":{"allow":["GET"]}}],"collection":[{"href":"https:\/\/roveyayinevi.com.tr\/index.php\/wp-json\/wp\/v2\/product"}],"about":[{"href":"https:\/\/roveyayinevi.com.tr\/index.php\/wp-json\/wp\/v2\/types\/product"}],"wp:attachment":[{"href":"https:\/\/roveyayinevi.com.tr\/index.php\/wp-json\/wp\/v2\/media?parent=741417"}],"wp:term":[{"taxonomy":"product_brand","embeddable":true,"href":"https:\/\/roveyayinevi.com.tr\/index.php\/wp-json\/wp\/v2\/product_brand?post=741417"},{"taxonomy":"product_cat","embeddable":true,"href":"https:\/\/roveyayinevi.com.tr\/index.php\/wp-json\/wp\/v2\/product_cat?post=741417"},{"taxonomy":"product_tag","embeddable":true,"href":"https:\/\/roveyayinevi.com.tr\/index.php\/wp-json\/wp\/v2\/product_tag?post=741417"}],"curies":[{"name":"wp","href":"https:\/\/api.w.org\/{rel}","templated":true}]}}