{"id":741412,"date":"2025-08-28T00:49:03","date_gmt":"2025-08-27T21:49:03","guid":{"rendered":"https:\/\/roveyayinevi.com.tr\/index.php\/urun\/germania-britannia-hatipler-uzerine-diyaloglar\/"},"modified":"2026-04-16T02:52:39","modified_gmt":"2026-04-15T23:52:39","slug":"germania-britannia-hatipler-uzerine-diyaloglar","status":"publish","type":"product","link":"https:\/\/roveyayinevi.com.tr\/index.php\/urun\/germania-britannia-hatipler-uzerine-diyaloglar\/","title":{"rendered":"Germania &amp; Britann\u0131a &#8211; Hatipler \u00dczerine Diyaloglar"},"content":{"rendered":"<p>Edward Gibbon\u2019\u0131n ifadesiyle \u201cTarih\u00e7iler aras\u0131ndaki en felsefi tarih\u00e7i\u201d Cornelius Tacitus, ya\u015fam\u0131n\u0131n \u00f6nemli k\u0131sm\u0131n\u0131 Roma \u0130mparatorlu\u011fu\u2019nun despot h\u00fck\u00fcmdarlar\u0131n\u0131n saltanatlar\u0131 alt\u0131nda ge\u00e7irmi\u015f ve eserlerini de bu d\u00f6nemin etkisinde yazm\u0131\u015ft\u0131r. \u0130mparatorluk rejiminde bir cumhuriyet\u00e7i olarak Roma\u2019n\u0131n eski g\u00fcnlerine duydu\u011fu \u00f6zlem kitaplar\u0131na sinmi\u015f, yazd\u0131\u011f\u0131 tarihi eserlerde, \u00e7a\u011f\u0131n\u0131n karanl\u0131\u011f\u0131n\u0131 kayda ge\u00e7irerek kendinden sonrakiler i\u00e7in \u00e7arp\u0131c\u0131 bilgiler ve g\u00f6r\u00fc\u015fler b\u0131rakm\u0131\u015ft\u0131r. Tacitus\u2019un en me\u015fhur eseri Germania -Germenlerin K\u00f6keni ve Konumlar\u0131- yaz\u0131lmas\u0131ndan y\u00fczy\u0131llar sonra, Nazi Almanyas\u0131\u2019nda nasyonal sosyalistlerin \u0130ncil\u2019i olarak okunan bir kitap h\u00e2lini dahi alm\u0131\u015ft\u0131r. Tacitus burada Germania topraklar\u0131n\u0131, Germen kabilelerinin k\u00f6kenlerini, geleneklerini, sava\u015f\u00e7\u0131l\u0131klar\u0131n\u0131, kulland\u0131klar\u0131 silahlar\u0131, dini inan\u00e7lar\u0131n\u0131, yi\u011fitlik ve ahlak anlay\u0131\u015flar\u0131n\u0131 anlat\u0131r. Britannia -veya Agricola\u2019n\u0131n Hayat\u0131- \u00fcnl\u00fc komutan Agricola\u2019n\u0131n Britannia\u2019daki \u00fcst\u00fcn ba\u015far\u0131lar\u0131n\u0131 anlat\u0131r. Tacitus burada sadece kay\u0131npederinin hat\u0131ras\u0131n\u0131 anmakla kalmaz, Britannia\u2019n\u0131n co\u011frafyas\u0131, do\u011fas\u0131, etnik yap\u0131s\u0131 ve tarihini de yazar. Agricola\u2019n\u0131n, Britannia co\u011frafyas\u0131n\u0131n ko\u015fullar\u0131na nas\u0131l uyum g\u00f6sterdi\u011fine ve yerel kabilelerle nas\u0131l m\u00fccadele etti\u011fine de\u011finir. Elinizdeki kitab\u0131n son metni ise Tacitus\u2019un g\u00fcn\u00fcm\u00fcze neredeyse eksiksiz ula\u015fan son monografisi Hatipler \u00dczerine Diyaloglar\u2019d\u0131r (Dialogus de Oratoribus). Bu eserinde Tacitus, kendi d\u00f6neminin hitabet anlay\u0131\u015f\u0131na ve politik ortam\u0131na yapt\u0131\u011f\u0131 yorumlarla kendisinin Cumhuriyet\u00e7i kimli\u011fini \u00f6n plana \u00e7\u0131kart\u0131r. Diyaloglar \u00e2deta onun \u00e7a\u011f\u0131na kar\u015f\u0131 d\u00fc\u015f\u00fcncelerini, ge\u00e7mi\u015fe duydu\u011fu \u00f6zlemi belgeler. Ba\u011f\u0131\u015f Alper Kovan\u2019\u0131n Latince asl\u0131ndan \u00e7evirisi ve zengin a\u00e7\u0131klay\u0131c\u0131 notlar\u0131yla Tacitus\u2019un bu \u00fc\u00e7 monografisi T\u00fcrk\u00e7ede bir b\u00fct\u00fcn h\u00e2linde ilk kez yay\u0131mlan\u0131yor.<\/p>\n","protected":false},"excerpt":{"rendered":"<p>Edward Gibbon\u2019\u0131n ifadesiyle \u201cTarih\u00e7iler aras\u0131ndaki en felsefi tarih\u00e7i\u201d Cornelius Tacitus, ya\u015fam\u0131n\u0131n \u00f6nemli k\u0131sm\u0131n\u0131 Roma \u0130mparatorlu\u011fu\u2019nun despot h\u00fck\u00fcmdarlar\u0131n\u0131n saltanatlar\u0131 alt\u0131nda ge\u00e7irmi\u015f ve eserlerini de bu d\u00f6nemin etkisinde<span class=\"excerpt-hellip\"> [\u2026]<\/span><\/p>\n","protected":false},"featured_media":0,"template":"","meta":{"_monsterinsights_skip_tracking":false,"_monsterinsights_sitenote_active":false,"_monsterinsights_sitenote_note":"","_monsterinsights_sitenote_category":0},"product_brand":[],"product_cat":[12312,12304],"product_tag":[],"class_list":{"0":"post-741412","1":"product","2":"type-product","3":"status-publish","5":"product_cat-diger","6":"product_cat-tarih","7":"pa_cilt-ciltsiz","8":"pa_tur-kitap","9":"pa_yayinevi-kronik-kitap","10":"pa_yazar-cornelius-tacitus","12":"first","13":"instock","14":"sale","15":"shipping-taxable","16":"purchasable","17":"product-type-simple"},"_links":{"self":[{"href":"https:\/\/roveyayinevi.com.tr\/index.php\/wp-json\/wp\/v2\/product\/741412","targetHints":{"allow":["GET"]}}],"collection":[{"href":"https:\/\/roveyayinevi.com.tr\/index.php\/wp-json\/wp\/v2\/product"}],"about":[{"href":"https:\/\/roveyayinevi.com.tr\/index.php\/wp-json\/wp\/v2\/types\/product"}],"wp:attachment":[{"href":"https:\/\/roveyayinevi.com.tr\/index.php\/wp-json\/wp\/v2\/media?parent=741412"}],"wp:term":[{"taxonomy":"product_brand","embeddable":true,"href":"https:\/\/roveyayinevi.com.tr\/index.php\/wp-json\/wp\/v2\/product_brand?post=741412"},{"taxonomy":"product_cat","embeddable":true,"href":"https:\/\/roveyayinevi.com.tr\/index.php\/wp-json\/wp\/v2\/product_cat?post=741412"},{"taxonomy":"product_tag","embeddable":true,"href":"https:\/\/roveyayinevi.com.tr\/index.php\/wp-json\/wp\/v2\/product_tag?post=741412"}],"curies":[{"name":"wp","href":"https:\/\/api.w.org\/{rel}","templated":true}]}}