{"id":741409,"date":"2025-08-28T00:49:00","date_gmt":"2025-08-27T21:49:00","guid":{"rendered":"https:\/\/roveyayinevi.com.tr\/index.php\/urun\/guney-afrikada-osmanli-izleri\/"},"modified":"2026-04-16T02:52:39","modified_gmt":"2026-04-15T23:52:39","slug":"guney-afrikada-osmanli-izleri","status":"publish","type":"product","link":"https:\/\/roveyayinevi.com.tr\/index.php\/urun\/guney-afrikada-osmanli-izleri\/","title":{"rendered":"G\u00fcney Afrika\u2019da Osmanl\u0131 \u0130zleri"},"content":{"rendered":"<p>G\u00dcNEY AFR\u0130KA TOPRAKLARINDA OSMANLI\u2019NIN \u0130Z\u0130N\u0130 S\u00dcRMEK\u2026G\u00fcney Afrika topraklar\u0131 co\u011frafi olarak T\u00fcrkiye\u2019den bir hayli uzak olmas\u0131na ra\u011fmen, g\u00fcn\u00fcm\u00fcze dek ta\u015f\u0131d\u0131\u011f\u0131 Osmanl\u0131 izleriyle \u015fa\u015f\u0131rt\u0131c\u0131 tarihi malzemeler sunmaktad\u0131r. Bat\u0131 devletleri i\u00e7in bir siyasi duru\u015f ve rant haline d\u00f6n\u00fc\u015fen s\u00f6m\u00fcrgecili\u011fin zirve yapt\u0131\u011f\u0131 bir d\u00f6nemde G\u00fcney Afrika pek \u00e7ok ulus taraf\u0131ndan i\u015fgal edilmi\u015ftir. \u0130\u015fte bu d\u00f6nemde Osmanl\u0131 Devleti, k\u0131tan\u0131n en ucundaki bu \u00fclkeyle hem stratejik hem de bug\u00fcne dek uzanan ili\u015fkiler in\u015fa etmeyi ba\u015farm\u0131\u015ft\u0131r.Elinizdeki kitap geni\u015f bir tarih\u00ee perspektife ve kar\u015f\u0131la\u015ft\u0131rmal\u0131 ar\u015fiv kaynaklar\u0131na dayanarak, Osmanl\u0131 Devleti\u2019nin ulem\u00e2 ve diplomatlar\u0131n\u0131n G\u00fcney Afrika\u2019daki hizmetlerini yeniden g\u00fcndeme ta\u015f\u0131yor. B\u00f6lge halk\u0131n\u0131n hasretle yadetti\u011fi ve ya\u015fatmaya devam etti\u011fi Osmanl\u0131 izlerinin k\u00f6klerini ara\u015ft\u0131r\u0131yor. Ebubekir Efendi\u2019den Mahmud Fakih Efendi\u2019ye, Mahmud Ha\u015fim Pa\u015fa\u2019dan Mehmet Remzi Bey\u2019e, T\u00fcrk m\u00fcnevverlerinin G\u00fcney Afrika\u2019da b\u0131rakt\u0131\u011f\u0131 k\u00fclt\u00fcr miras\u0131n\u0131n nabz\u0131n\u0131 tutuyor.Ara\u015ft\u0131rmalar\u0131n\u0131 Cape Town \u00dcniversitesi\u2019nde s\u00fcrd\u00fcren Halim Gen\u00e7o\u011flu, Cape Town Mill\u00ee Ar\u015fivi ba\u015fta olmak \u00fczere G\u00fcney Afrika\u2019da ya\u015fayan Osmanl\u0131 torunlar\u0131n\u0131n \u015fahsi ar\u015fivleri ile Cumhurba\u015fkanl\u0131\u011f\u0131 Devlet Ar\u015fivleri\u2019ndeki belgeleri kar\u015f\u0131la\u015ft\u0131rmal\u0131 olarak kullanarak ve orada ya\u015fayanlarla r\u00f6portajlar yaparak, okurlar\u0131 Afrika\u2019n\u0131n en g\u00fcney ucuna g\u00f6t\u00fcr\u00fcyor.\u201cG\u00fcney Afrika\u2019da Osmanl\u0131 \u0130zleri\u201d, Osmanl\u0131 \u0130mparatorlu\u011fu\u2019nun k\u00fclt\u00fcrel ve siyasi s\u0131n\u0131rlar\u0131n\u0131n nerelere kadar uzand\u0131\u011f\u0131n\u0131 ve o izlerin neden unutulmaz oldu\u011funu sars\u0131c\u0131 bi\u00e7imde anlat\u0131yor. <\/p>\n","protected":false},"excerpt":{"rendered":"<p>G\u00dcNEY AFR\u0130KA TOPRAKLARINDA OSMANLI\u2019NIN \u0130Z\u0130N\u0130 S\u00dcRMEK\u2026G\u00fcney Afrika topraklar\u0131 co\u011frafi olarak T\u00fcrkiye\u2019den bir hayli uzak olmas\u0131na ra\u011fmen, g\u00fcn\u00fcm\u00fcze dek ta\u015f\u0131d\u0131\u011f\u0131 Osmanl\u0131 izleriyle \u015fa\u015f\u0131rt\u0131c\u0131 tarihi malzemeler sunmaktad\u0131r. Bat\u0131<span class=\"excerpt-hellip\"> [\u2026]<\/span><\/p>\n","protected":false},"featured_media":0,"template":"","meta":{"_monsterinsights_skip_tracking":false,"_monsterinsights_sitenote_active":false,"_monsterinsights_sitenote_note":"","_monsterinsights_sitenote_category":0},"product_brand":[],"product_cat":[12312,12304],"product_tag":[],"class_list":{"0":"post-741409","1":"product","2":"type-product","3":"status-publish","5":"product_cat-diger","6":"product_cat-tarih","7":"pa_cilt-ciltsiz","8":"pa_tur-kitap","9":"pa_yayinevi-kronik-kitap","10":"pa_yazar-halim-gencoglu","12":"first","13":"instock","14":"sale","15":"shipping-taxable","16":"purchasable","17":"product-type-simple"},"_links":{"self":[{"href":"https:\/\/roveyayinevi.com.tr\/index.php\/wp-json\/wp\/v2\/product\/741409","targetHints":{"allow":["GET"]}}],"collection":[{"href":"https:\/\/roveyayinevi.com.tr\/index.php\/wp-json\/wp\/v2\/product"}],"about":[{"href":"https:\/\/roveyayinevi.com.tr\/index.php\/wp-json\/wp\/v2\/types\/product"}],"wp:attachment":[{"href":"https:\/\/roveyayinevi.com.tr\/index.php\/wp-json\/wp\/v2\/media?parent=741409"}],"wp:term":[{"taxonomy":"product_brand","embeddable":true,"href":"https:\/\/roveyayinevi.com.tr\/index.php\/wp-json\/wp\/v2\/product_brand?post=741409"},{"taxonomy":"product_cat","embeddable":true,"href":"https:\/\/roveyayinevi.com.tr\/index.php\/wp-json\/wp\/v2\/product_cat?post=741409"},{"taxonomy":"product_tag","embeddable":true,"href":"https:\/\/roveyayinevi.com.tr\/index.php\/wp-json\/wp\/v2\/product_tag?post=741409"}],"curies":[{"name":"wp","href":"https:\/\/api.w.org\/{rel}","templated":true}]}}