{"id":741408,"date":"2025-08-28T00:48:59","date_gmt":"2025-08-27T21:48:59","guid":{"rendered":"https:\/\/roveyayinevi.com.tr\/index.php\/urun\/dakikalar-icinde-buyuk-fikirler\/"},"modified":"2026-04-16T02:52:39","modified_gmt":"2026-04-15T23:52:39","slug":"dakikalar-icinde-buyuk-fikirler","status":"publish","type":"product","link":"https:\/\/roveyayinevi.com.tr\/index.php\/urun\/dakikalar-icinde-buyuk-fikirler\/","title":{"rendered":"Dakikalar \u0130\u00e7inde B\u00fcy\u00fck Fikirler"},"content":{"rendered":"<p>Z\u0130H\u0130NDEN Z\u0130HNE AKTARILAN D\u00dc\u015e\u00dcNCELERLE \u0130NSANIN F\u0130KR\u00ce YOLCULU\u011eU   H\u00fcmanizmden materyalizme, ahlaktan esteti\u011fe, siyasetten sanata, feminizmden bili\u015fsel teoriye, bireysellikten topluma her alanda neyin bir fikri \u201cb\u00fcy\u00fck\u201d yapt\u0131\u011f\u0131n\u0131 ortaya koyan, etkileri \u00e7e\u015fitli d\u00f6nemlere damgas\u0131n\u0131 vurmu\u015f ak\u0131mlar, olaylar, ki\u015filer \u00fczerine bir okuma\u2026 G\u00f6rseller e\u015fli\u011finde d\u00fcnyay\u0131 d\u00f6n\u00fc\u015ft\u00fcren, iz b\u0131rakan 200 temel fikir \u00fczerinden d\u00fc\u015f\u00fcnce al\u0131\u015fveri\u015fine aralanan bir kap\u0131\u2026 1953\u2019te \u0130ngiliz filozof Isaiah Berlin, antik Yunan \u015fairi Arkhilohos\u2019un kay\u0131p masallar\u0131na ait bir b\u00f6l\u00fcmden hareketle \u201cKirpi ve Tilki\u201d ba\u015fl\u0131kl\u0131 me\u015fhur makalesini yay\u0131mlad\u0131: \u201cTilki bir\u00e7ok k\u00fc\u00e7\u00fck \u015feyi bilirken kirpi tek bir b\u00fcy\u00fck \u015fey biliyordu.\u201d Berlin, bu k\u00fc\u00e7\u00fck masal\u0131 temel alarak d\u00fcnyan\u0131n en iyi d\u00fc\u015f\u00fcn\u00fcr ve yazarlar\u0131n\u0131 \u201ctilki\u201d ve \u201ckirpi\u201d olarak iki kategoriye ay\u0131rd\u0131. B\u00fcy\u00fck bir fikre sahip olan d\u00fc\u015f\u00fcn\u00fcrler, buna kar\u015f\u0131l\u0131k \u00e7ok \u00e7e\u015fitli fikir ve deneyimlerden yararlan\u0131p d\u00fcnyaya farkl\u0131 a\u00e7\u0131lardan bakan kirpiler\u2026 Elinizdeki kitapta iz b\u0131rakan \u00e7ok say\u0131da b\u00fcy\u00fck \u201ckirpi\u201d fikri var. Dakikalar \u0130\u00e7inde serisinden B\u00fcy\u00fck Fikirler, d\u00fcnyan\u0131n d\u00fc\u015f\u00fcnce tarihinin yap\u0131 ta\u015flar\u0131na, \u00f6nemli filozoflara ve ak\u0131mlara dair ufuk a\u00e7\u0131c\u0131 bir \u00e7er\u00e7eve sunuyor. <\/p>\n","protected":false},"excerpt":{"rendered":"<p>Z\u0130H\u0130NDEN Z\u0130HNE AKTARILAN D\u00dc\u015e\u00dcNCELERLE \u0130NSANIN F\u0130KR\u00ce YOLCULU\u011eU H\u00fcmanizmden materyalizme, ahlaktan esteti\u011fe, siyasetten sanata, feminizmden bili\u015fsel teoriye, bireysellikten topluma her alanda neyin bir fikri \u201cb\u00fcy\u00fck\u201d yapt\u0131\u011f\u0131n\u0131 ortaya<span class=\"excerpt-hellip\"> [\u2026]<\/span><\/p>\n","protected":false},"featured_media":0,"template":"","meta":{"_monsterinsights_skip_tracking":false,"_monsterinsights_sitenote_active":false,"_monsterinsights_sitenote_note":"","_monsterinsights_sitenote_category":0},"product_brand":[],"product_cat":[13005,13006],"product_tag":[],"class_list":{"0":"post-741408","1":"product","2":"type-product","3":"status-publish","5":"product_cat-bilim-muhendislik","6":"product_cat-populer-bilim","7":"pa_cilt-ciltsiz","8":"pa_tur-kitap","9":"pa_yayinevi-kronik-kitap","10":"pa_yazar-ian-crofton","12":"first","13":"instock","14":"sale","15":"shipping-taxable","16":"purchasable","17":"product-type-simple"},"_links":{"self":[{"href":"https:\/\/roveyayinevi.com.tr\/index.php\/wp-json\/wp\/v2\/product\/741408","targetHints":{"allow":["GET"]}}],"collection":[{"href":"https:\/\/roveyayinevi.com.tr\/index.php\/wp-json\/wp\/v2\/product"}],"about":[{"href":"https:\/\/roveyayinevi.com.tr\/index.php\/wp-json\/wp\/v2\/types\/product"}],"wp:attachment":[{"href":"https:\/\/roveyayinevi.com.tr\/index.php\/wp-json\/wp\/v2\/media?parent=741408"}],"wp:term":[{"taxonomy":"product_brand","embeddable":true,"href":"https:\/\/roveyayinevi.com.tr\/index.php\/wp-json\/wp\/v2\/product_brand?post=741408"},{"taxonomy":"product_cat","embeddable":true,"href":"https:\/\/roveyayinevi.com.tr\/index.php\/wp-json\/wp\/v2\/product_cat?post=741408"},{"taxonomy":"product_tag","embeddable":true,"href":"https:\/\/roveyayinevi.com.tr\/index.php\/wp-json\/wp\/v2\/product_tag?post=741408"}],"curies":[{"name":"wp","href":"https:\/\/api.w.org\/{rel}","templated":true}]}}