{"id":741407,"date":"2025-08-28T00:48:58","date_gmt":"2025-08-27T21:48:58","guid":{"rendered":"https:\/\/roveyayinevi.com.tr\/index.php\/urun\/roma-strateji-sanati\/"},"modified":"2026-04-16T02:52:39","modified_gmt":"2026-04-15T23:52:39","slug":"roma-strateji-sanati","status":"publish","type":"product","link":"https:\/\/roveyayinevi.com.tr\/index.php\/urun\/roma-strateji-sanati\/","title":{"rendered":"Roma Strateji Sanat\u0131"},"content":{"rendered":"<p>D\u00fc\u015fman\u0131n planlar\u0131 nas\u0131l ke\u015ffedilir? Sava\u015f\u0131n karakteri nas\u0131l anla\u015f\u0131l\u0131r? Sava\u015f\u0131lacak yer nas\u0131l bulunur? Y\u00fcr\u00fcy\u00fc\u015f s\u0131ras\u0131nda nas\u0131l pusu kurulur? Kurulan pusudan sa\u011flam \u00e7\u0131kmak i\u00e7in ne yap\u0131l\u0131r? D\u00fc\u015fman\u0131n dikkati nas\u0131l bozulur? Sava\u015fa girmek i\u00e7in uygun zaman nas\u0131l bilinir? Sahte ricat nas\u0131l yap\u0131l\u0131r? Asker\u00ee birlikler nas\u0131l cesaretlendirilir? S\u00fcrpriz sald\u0131r\u0131lar nas\u0131l yap\u0131l\u0131r?   Roma, hakimiyet alt\u0131nda bulundurdu\u011fu \u00e7ok say\u0131da eyaleti ve b\u00f6lgeyi, uygarl\u0131\u011f\u0131n\u0131, ekonomik g\u00fcc\u00fcn\u00fc ve siyasi iktidar\u0131n\u0131 hi\u00e7 \u015f\u00fcphe yok ki sahip oldu\u011fu, benzersiz asker\u00ee yap\u0131s\u0131ndan alm\u0131\u015ft\u0131r. Romal\u0131lar, kendilerinden \u00f6nceki t\u00fcm Eski \u00c7a\u011f k\u00fclt\u00fcr ve uygarl\u0131klar\u0131n\u0131n asker\u00ee \u00f6\u011fretilerini ve \u00f6rneklerini, kendi modellerine uygun \u015fekilde \u00f6\u011frenip geli\u015ftirmi\u015f, b\u00fcy\u00fck komutanlar\u0131n liderli\u011finde binlerce m\u00fccadeleye giri\u015fmi\u015f, zaferler alm\u0131\u015f, ma\u011flubiyetlere u\u011fram\u0131\u015f ama isimlerini tarih sayfalar\u0131na hi\u00e7 silinmeyecek bi\u00e7imde yazd\u0131rm\u0131\u015flard\u0131r. MS 1. y\u00fczy\u0131lda Frontinus hem kendinden \u00f6nceki ba\u015far\u0131l\u0131 sava\u015f stratejilerini kayda ge\u00e7irmek hem de Roma ordusu i\u00e7in bir k\u0131lavuz ortaya koyabilmek ad\u0131na Roma Strateji Sanat\u0131\u2019n\u0131 (Strategemata) kaleme alm\u0131\u015ft\u0131r. Frontinus kitab\u0131nda Iulius Caesar, Mithridates, B\u00fcy\u00fck \u0130skender, Hannibal ve Scipio Africanus gibi bilhassa Yunan ve Roma tarihi i\u00e7in \u00e7ok \u00f6nemli asker\u00ee dehalar\u0131n uygulad\u0131\u011f\u0131 taktik ve manevralara yer veriyor. Kendi zaman\u0131na dek uygulanm\u0131\u015f ve d\u00fc\u015fman kar\u015f\u0131s\u0131nda zafer getirmi\u015f strateji \u00f6rneklerini s\u0131ral\u0131yor. Antik d\u00fcnyan\u0131n bir\u00e7ok \u00f6nemli yazar\u0131n\u0131n eserlerinden s\u00fcz\u00fclerek olu\u015fturulan Roma Strateji Sanat\u0131, ba\u015fka kaynaklarda rastlanmayacak bir\u00e7ok k\u0131ymetli bilgi ve \u00f6rnek bar\u0131nd\u0131r\u0131yor. Frontinus\u2019un bu zamans\u0131z eseri, Roma sava\u015f makinesinin kar\u015f\u0131la\u015ft\u0131\u011f\u0131 her s\u0131k\u0131nt\u0131yla ba\u015f ederek sorunsuz i\u015fleyebilmesi ad\u0131na e\u015fsiz tavsiyeler sunuyor. Roma Strateji Sanat\u0131 Samet \u00d6zg\u00fcler\u2019in Latince asl\u0131ndan yetkin \u00e7evirisi, ayr\u0131nt\u0131l\u0131 dipnotlar\u0131 ile hem Roma ve Antik \u00c7a\u011f hem de sava\u015f ve strateji merakl\u0131lar\u0131 i\u00e7in doyurucu bir kaynak. <\/p>\n","protected":false},"excerpt":{"rendered":"<p>D\u00fc\u015fman\u0131n planlar\u0131 nas\u0131l ke\u015ffedilir? Sava\u015f\u0131n karakteri nas\u0131l anla\u015f\u0131l\u0131r? Sava\u015f\u0131lacak yer nas\u0131l bulunur? Y\u00fcr\u00fcy\u00fc\u015f s\u0131ras\u0131nda nas\u0131l pusu kurulur? Kurulan pusudan sa\u011flam \u00e7\u0131kmak i\u00e7in ne yap\u0131l\u0131r? D\u00fc\u015fman\u0131n dikkati<span class=\"excerpt-hellip\"> [\u2026]<\/span><\/p>\n","protected":false},"featured_media":0,"template":"","meta":{"_monsterinsights_skip_tracking":false,"_monsterinsights_sitenote_active":false,"_monsterinsights_sitenote_note":"","_monsterinsights_sitenote_category":0},"product_brand":[],"product_cat":[12312,12304],"product_tag":[],"class_list":{"0":"post-741407","1":"product","2":"type-product","3":"status-publish","5":"product_cat-diger","6":"product_cat-tarih","7":"pa_cilt-ciltsiz","8":"pa_tur-kitap","9":"pa_yayinevi-kronik-kitap","10":"pa_yazar-sextus-iulius-frontinus","12":"first","13":"instock","14":"sale","15":"shipping-taxable","16":"purchasable","17":"product-type-simple"},"_links":{"self":[{"href":"https:\/\/roveyayinevi.com.tr\/index.php\/wp-json\/wp\/v2\/product\/741407","targetHints":{"allow":["GET"]}}],"collection":[{"href":"https:\/\/roveyayinevi.com.tr\/index.php\/wp-json\/wp\/v2\/product"}],"about":[{"href":"https:\/\/roveyayinevi.com.tr\/index.php\/wp-json\/wp\/v2\/types\/product"}],"wp:attachment":[{"href":"https:\/\/roveyayinevi.com.tr\/index.php\/wp-json\/wp\/v2\/media?parent=741407"}],"wp:term":[{"taxonomy":"product_brand","embeddable":true,"href":"https:\/\/roveyayinevi.com.tr\/index.php\/wp-json\/wp\/v2\/product_brand?post=741407"},{"taxonomy":"product_cat","embeddable":true,"href":"https:\/\/roveyayinevi.com.tr\/index.php\/wp-json\/wp\/v2\/product_cat?post=741407"},{"taxonomy":"product_tag","embeddable":true,"href":"https:\/\/roveyayinevi.com.tr\/index.php\/wp-json\/wp\/v2\/product_tag?post=741407"}],"curies":[{"name":"wp","href":"https:\/\/api.w.org\/{rel}","templated":true}]}}