{"id":741406,"date":"2025-08-28T00:48:58","date_gmt":"2025-08-27T21:48:58","guid":{"rendered":"https:\/\/roveyayinevi.com.tr\/index.php\/urun\/istihbarat-sanati\/"},"modified":"2026-04-16T02:52:39","modified_gmt":"2026-04-15T23:52:39","slug":"istihbarat-sanati","status":"publish","type":"product","link":"https:\/\/roveyayinevi.com.tr\/index.php\/urun\/istihbarat-sanati\/","title":{"rendered":"\u0130stihbarat Sanat\u0131"},"content":{"rendered":"<p>\u201cTabiat\u0131 gere\u011fi, Merkezi \u0130stihbarat Te\u015fkilat\u0131\u2019n\u0131n (CIA) i\u00e7 i\u015fleyi\u015fini aktaran birinci elden anlat\u0131lara pek rastlan\u0131lmaz. Hele Gizli Servis hakk\u0131nda bilgi veren bir kayna\u011fa ula\u015fmak ise nadirattand\u0131r. B\u00fcy\u00fckel\u00e7i Henry Crumpton\u2019\u0131n yeni kitab\u0131 \u0130stihbarat Sanat\u0131 bu y\u00fczden son derece \u00f6nemli: Bu kitap sayesinde halk\u0131n devlet idaresinin k\u0131y\u0131s\u0131nda yer alan \u00e7ok say\u0131daki belirsiz alana dair bilgisi bir nebze olsun artacakt\u0131r.\u201d Salon   \u201cCIA\u2019in en gizli -ve en gizemli- birimine \u00e7arp\u0131c\u0131 bir bak\u0131\u015f.\u201d Kirkus Reviews   Y\u00fcr\u00fctt\u00fc\u011f\u00fc operasyonlarla efsane olmu\u015f bir CIA casusu ve ter\u00f6rle m\u00fccadele uzman\u0131n\u0131n tehlikelerle dolu, aksiyon y\u00fckl\u00fc kariyerinin hayranl\u0131k uyand\u0131r\u0131c\u0131 anlat\u0131m\u0131\u2026 Bir CIA g\u00f6revlisi nas\u0131l yeti\u015fir? CIA Gizli Servisi hangi faaliyetlerde bulunur? Bir casus nas\u0131l angaje edilir? Ter\u00f6rle m\u00fccadelede istihbarat\u0131n rol\u00fc nedir? CIA k\u00fcresel operasyonlar\u0131 kimlerle ve nas\u0131l y\u00fcr\u00fct\u00fcyor? Operasyonlar\u0131yla ABD d\u0131\u015f politikas\u0131na nas\u0131l y\u00f6n veriyor? CIA ve FBI taraf\u0131ndan \u00fclke i\u00e7inde ve d\u0131\u015f\u0131nda istihbarat faaliyetleri nas\u0131l y\u00fcr\u00fct\u00fcl\u00fcr? Hangi y\u00f6ntemler kullan\u0131l\u0131r? Yirmi d\u00f6rt y\u0131l boyunca CIA Gizli Servisi\u2019nde g\u00f6rev yapan Henry A. \u201cHank\u201d Crumpton, elinizdeki kitapta bir casus olarak hizmet etmenin ne demek oldu\u011funa dair \u00e7ok \u00f6nemli dersler bar\u0131nd\u0131ran heyecanl\u0131 hik\u00e2yesini yaz\u0131yor. Afrika\u2019da CIA\u2019in y\u00fcr\u00fctt\u00fc\u011f\u00fc eleman angaje operasyonlar\u0131ndan Predator insans\u0131z hava ara\u00e7lar\u0131na y\u00f6nelik \u00f6nc\u00fc nitelikteki yeni programlara, 11 Eyl\u00fcl sald\u0131r\u0131lar\u0131 sonras\u0131 Afganistan\u2019da yap\u0131lan operasyonlar\u0131n y\u00f6netiminden ABD\u2019de ger\u00e7ekle\u015ftirilen gizli CIA operasyonlar\u0131na kadar \u00e7ok \u00e7e\u015fitli g\u00f6revleri canl\u0131 bir anlat\u0131mla sunuyor. Crumpton, ABD\u2019nin sava\u015f y\u00fcr\u00fctme tarz\u0131n\u0131n d\u00f6n\u00fc\u015f\u00fcm\u00fc s\u0131ras\u0131nda gerek sahada gerekse de Oval Ofis\u2019teki ki\u015fisel rol\u00fcn\u00fc aktar\u0131yor ve \u00fclke i\u00e7i istihbarat meselelerine \u0131\u015f\u0131k tutuyor. Sakl\u0131 kalm\u0131\u015f ger\u00e7ekleri g\u00fcn y\u00fcz\u00fcne \u00e7\u0131karan ve ezber bozan bilgiler i\u00e7eren \u0130stihbarat Sanat\u0131: CIA Gizli Servisi\u2019nde Ge\u00e7en Bir \u00d6m\u00fcrden \u00c7\u0131kar\u0131lan Dersler CIA Gizli Servisi, Amerikan istihbarat\u0131, uluslararas\u0131 ter\u00f6r, Amerika\u2019n\u0131n s\u0131n\u0131r\u00f6tesi operasyonlar\u0131 ve \u00fclke i\u00e7i istihbarat y\u00f6netimi hakk\u0131nda al\u0131\u015f\u0131lagelmi\u015f bak\u0131\u015f a\u00e7\u0131lar\u0131n\u0131 de\u011fi\u015ftirip d\u00f6n\u00fc\u015ft\u00fcrecek bir kitap. <\/p>\n","protected":false},"excerpt":{"rendered":"<p>\u201cTabiat\u0131 gere\u011fi, Merkezi \u0130stihbarat Te\u015fkilat\u0131\u2019n\u0131n (CIA) i\u00e7 i\u015fleyi\u015fini aktaran birinci elden anlat\u0131lara pek rastlan\u0131lmaz. Hele Gizli Servis hakk\u0131nda bilgi veren bir kayna\u011fa ula\u015fmak ise nadirattand\u0131r. B\u00fcy\u00fckel\u00e7i<span class=\"excerpt-hellip\"> [\u2026]<\/span><\/p>\n","protected":false},"featured_media":0,"template":"","meta":{"_monsterinsights_skip_tracking":false,"_monsterinsights_sitenote_active":false,"_monsterinsights_sitenote_note":"","_monsterinsights_sitenote_category":0},"product_brand":[],"product_cat":[12312,12304],"product_tag":[],"class_list":{"0":"post-741406","1":"product","2":"type-product","3":"status-publish","5":"product_cat-diger","6":"product_cat-tarih","7":"pa_cilt-ciltsiz","8":"pa_tur-kitap","9":"pa_yayinevi-kronik-kitap","10":"pa_yazar-henry-a-crumpton","12":"first","13":"instock","14":"sale","15":"shipping-taxable","16":"purchasable","17":"product-type-simple"},"_links":{"self":[{"href":"https:\/\/roveyayinevi.com.tr\/index.php\/wp-json\/wp\/v2\/product\/741406","targetHints":{"allow":["GET"]}}],"collection":[{"href":"https:\/\/roveyayinevi.com.tr\/index.php\/wp-json\/wp\/v2\/product"}],"about":[{"href":"https:\/\/roveyayinevi.com.tr\/index.php\/wp-json\/wp\/v2\/types\/product"}],"wp:attachment":[{"href":"https:\/\/roveyayinevi.com.tr\/index.php\/wp-json\/wp\/v2\/media?parent=741406"}],"wp:term":[{"taxonomy":"product_brand","embeddable":true,"href":"https:\/\/roveyayinevi.com.tr\/index.php\/wp-json\/wp\/v2\/product_brand?post=741406"},{"taxonomy":"product_cat","embeddable":true,"href":"https:\/\/roveyayinevi.com.tr\/index.php\/wp-json\/wp\/v2\/product_cat?post=741406"},{"taxonomy":"product_tag","embeddable":true,"href":"https:\/\/roveyayinevi.com.tr\/index.php\/wp-json\/wp\/v2\/product_tag?post=741406"}],"curies":[{"name":"wp","href":"https:\/\/api.w.org\/{rel}","templated":true}]}}