{"id":741405,"date":"2025-08-28T00:48:57","date_gmt":"2025-08-27T21:48:57","guid":{"rendered":"https:\/\/roveyayinevi.com.tr\/index.php\/urun\/dahilerin-gizli-aliskanliklari\/"},"modified":"2026-04-16T02:52:39","modified_gmt":"2026-04-15T23:52:39","slug":"dahilerin-gizli-aliskanliklari","status":"publish","type":"product","link":"https:\/\/roveyayinevi.com.tr\/index.php\/urun\/dahilerin-gizli-aliskanliklari\/","title":{"rendered":"Dahilerin Gizli Al\u0131\u015fkanl\u0131klar\u0131"},"content":{"rendered":"<p>\u201cSiz hangisi olmay\u0131 tercih edersiniz? Etkili biri mi, yoksa bir d\u00e2hi mi? \u00c7o\u011fumuz d\u00e2hi olmak ister ancak bunun eri\u015filemez oldu\u011funu d\u00fc\u015f\u00fcnd\u00fc\u011f\u00fcnden etkili olmakla yetinir. Bu m\u00fcthi\u015f kitap, d\u00e2hilerin gizli al\u0131\u015fkanl\u0131klar\u0131n\u0131 ortaya koyarak asl\u0131nda dehan\u0131n her birimizin i\u00e7inde var oldu\u011funu anlat\u0131yor.\u201d\u2014Francesca Gino   Da vinci. Shakespeare. Mozart. Beethoven. Edison. Curie. Einstein. Picasso. Jobs. \u00c7o\u011fumuz i\u00e7in \u201cd\u00e2hi\u201d kelimesi, katk\u0131lar\u0131 toplumu geri d\u00f6n\u00fclmez \u015fekilde d\u00f6n\u00fc\u015ft\u00fcren bu ikonik fig\u00fcrleri \u00e7a\u011fr\u0131\u015ft\u0131r\u0131yor. \u00dcstelik g\u00fcn\u00fcm\u00fczde kendi d\u00e2hili\u011fimizden ba\u015flay\u0131p d\u00e2hi \u00e7ocuklar yeti\u015ftirmeye, IQ testlerinden yetenek geli\u015ftirme kurslar\u0131na hepimiz dehan\u0131n kap\u0131lar\u0131n\u0131 zorluyoruz. Ancak Beethoven say\u0131lar\u0131 toplarken zorlan\u0131rd\u0131, \u00e7arpma ve b\u00f6lmeyi ise hi\u00e7 \u00f6\u011frenmedi. Edison kendisinden bahsederken \u201cS\u0131n\u0131f\u0131m\u0131n sonuncular\u0131ndand\u0131m,\u201d demi\u015fti. Einstein be\u015f ki\u015filik fizik b\u00f6l\u00fcm\u00fcn\u00fc d\u00f6rd\u00fcnc\u00fc bitirdi. Picasso alfabedeki harflerin s\u0131ras\u0131n\u0131 hat\u0131rlayamazd\u0131 ve rakamlar\u0131 bir resmi temsil ediyormu\u015f gibi alg\u0131lard\u0131. Jobs\u2019\u0131n lise not ortalamas\u0131 2.65\u2019ti. Peki, t\u00fcm bunlar bug\u00fcn ba\u015far\u0131 kriterlerimiz hakk\u0131nda ne s\u00f6yl\u00fcyor? Bat\u0131 k\u00fclt\u00fcr\u00fcn\u00fcn d\u00f6n\u00fc\u015ft\u00fcr\u00fcc\u00fc dehalar\u0131 tam tersini yapm\u0131\u015fken \u00e7ocuklara neden kurallara g\u00f6re davranmay\u0131 ve oynamay\u0131 \u00f6\u011fretiyoruz? Ve deha nedir ger\u00e7ekten? Yale \u00dcniversitesi\u2019nin olduk\u00e7a pop\u00fcler \u201cDehan\u0131n Do\u011fas\u0131n\u0131n Ke\u015ffi\u201d dersinin yarat\u0131c\u0131s\u0131 Profes\u00f6r Craig Wright, \u00e7ocuksu merak\u0131n pe\u015fini b\u0131rakmamaktan yarat\u0131c\u0131 uyumsuzlu\u011fa, istikrarl\u0131 \u00e7al\u0131\u015fmadan tak\u0131nt\u0131ya, meselelere bak\u0131\u015f a\u00e7\u0131m\u0131zdan \u015fansa ve cinsiyetin ba\u015far\u0131ya etkisine kadar dehan\u0131n 14 temel \u00f6zelli\u011fine e\u011filerek d\u00fcnyay\u0131 de\u011fi\u015ftiren parlak beyinlerden neler \u00f6\u011frenebilece\u011fimizi ara\u015ft\u0131r\u0131yor. Bu kitab\u0131 okumak sizi muhtemelen d\u00e2hi yapmayacak. \u00d6te yandan, sizi hayat\u0131n\u0131z\u0131 nas\u0131l y\u00f6nlendirdi\u011finiz, \u00e7ocuklar\u0131n\u0131z\u0131 nas\u0131l yeti\u015ftirdi\u011finiz, gittikleri okullar\u0131 nas\u0131l se\u00e7ti\u011finiz, paran\u0131z\u0131 ve zaman\u0131n\u0131z\u0131 nas\u0131l kulland\u0131\u011f\u0131n\u0131z, demokratik se\u00e7imlerde nas\u0131l oy verdi\u011finiz, en \u00f6nemlisi de nas\u0131l yarat\u0131c\u0131 olunabilece\u011fi hususlar\u0131nda d\u00fc\u015f\u00fcnmeye zorlayacak. Kim bilir belki bu kitab\u0131 dikkatli bir \u015fekilde okursan\u0131z sizin de d\u00fcnya g\u00f6r\u00fc\u015f\u00fcn\u00fcz de\u011fi\u015fir\u2026 <\/p>\n","protected":false},"excerpt":{"rendered":"<p>\u201cSiz hangisi olmay\u0131 tercih edersiniz? Etkili biri mi, yoksa bir d\u00e2hi mi? \u00c7o\u011fumuz d\u00e2hi olmak ister ancak bunun eri\u015filemez oldu\u011funu d\u00fc\u015f\u00fcnd\u00fc\u011f\u00fcnden etkili olmakla yetinir. Bu m\u00fcthi\u015f<span class=\"excerpt-hellip\"> [\u2026]<\/span><\/p>\n","protected":false},"featured_media":0,"template":"","meta":{"_monsterinsights_skip_tracking":false,"_monsterinsights_sitenote_active":false,"_monsterinsights_sitenote_note":"","_monsterinsights_sitenote_category":0},"product_brand":[],"product_cat":[13005,13006],"product_tag":[],"class_list":{"0":"post-741405","1":"product","2":"type-product","3":"status-publish","5":"product_cat-bilim-muhendislik","6":"product_cat-populer-bilim","7":"pa_cilt-ciltsiz","8":"pa_tur-kitap","9":"pa_yayinevi-kronik-kitap","10":"pa_yazar-craig-wright","12":"first","13":"instock","14":"sale","15":"shipping-taxable","16":"purchasable","17":"product-type-simple"},"_links":{"self":[{"href":"https:\/\/roveyayinevi.com.tr\/index.php\/wp-json\/wp\/v2\/product\/741405","targetHints":{"allow":["GET"]}}],"collection":[{"href":"https:\/\/roveyayinevi.com.tr\/index.php\/wp-json\/wp\/v2\/product"}],"about":[{"href":"https:\/\/roveyayinevi.com.tr\/index.php\/wp-json\/wp\/v2\/types\/product"}],"wp:attachment":[{"href":"https:\/\/roveyayinevi.com.tr\/index.php\/wp-json\/wp\/v2\/media?parent=741405"}],"wp:term":[{"taxonomy":"product_brand","embeddable":true,"href":"https:\/\/roveyayinevi.com.tr\/index.php\/wp-json\/wp\/v2\/product_brand?post=741405"},{"taxonomy":"product_cat","embeddable":true,"href":"https:\/\/roveyayinevi.com.tr\/index.php\/wp-json\/wp\/v2\/product_cat?post=741405"},{"taxonomy":"product_tag","embeddable":true,"href":"https:\/\/roveyayinevi.com.tr\/index.php\/wp-json\/wp\/v2\/product_tag?post=741405"}],"curies":[{"name":"wp","href":"https:\/\/api.w.org\/{rel}","templated":true}]}}