{"id":741399,"date":"2025-08-28T00:48:50","date_gmt":"2025-08-27T21:48:50","guid":{"rendered":"https:\/\/roveyayinevi.com.tr\/index.php\/urun\/alti-olasiliksiz-sey\/"},"modified":"2026-04-16T02:52:39","modified_gmt":"2026-04-15T23:52:39","slug":"alti-olasiliksiz-sey","status":"publish","type":"product","link":"https:\/\/roveyayinevi.com.tr\/index.php\/urun\/alti-olasiliksiz-sey\/","title":{"rendered":"Alt\u0131 Olas\u0131l\u0131ks\u0131z \u015eey"},"content":{"rendered":"<p>Kuantum fizi\u011fi tuhaft\u0131r, \u00e7\u00fcnk\u00fc d\u00fcnyan\u0131n atomlar ve atomalt\u0131 par\u00e7ac\u0131klar d\u00fczeyindeki i\u015fleyi\u015fini d\u00fczenleyen kuantum d\u00fcnyas\u0131n\u0131n kurallar\u0131, a\u015fina oldu\u011fumuz ve \u201csa\u011fduyu\u201d ad\u0131n\u0131 verdi\u011fimiz kavram\u0131n kurallar\u0131yla ayn\u0131 de\u011fildir. Kuantum kurallar\u0131 bize bir kedinin ayn\u0131 zamanda hem canl\u0131 hem de \u00f6l\u00fc olabilece\u011fini ve bir par\u00e7ac\u0131\u011f\u0131n ayn\u0131 anda iki yerde bulunabilece\u011fini s\u00f6yl\u00fcyor. Hatta o par\u00e7ac\u0131k hem de bir dalgad\u0131r ve kuantum d\u00fcnyas\u0131ndaki her \u015fey ba\u015fl\u0131 ba\u015f\u0131na dalgalar \u00fczerinden a\u00e7\u0131klanabilir. Schr\u00f6dinger dalgalar\u0131n kuantum d\u00fcnyas\u0131n\u0131 tarif eden denklemleri, Heisenberg par\u00e7ac\u0131klar\u0131n kuantum d\u00fcnyas\u0131n\u0131 tarif eden denklemleri, Paul Dirac ise o kuantum d\u00fcnyas\u0131n\u0131 tarif etmeleri bak\u0131m\u0131ndan ger\u00e7ekli\u011fin bu iki versiyonunun birbirine tam\u0131 tam\u0131na denk oldu\u011funu buldu. B\u00fct\u00fcn bunlar 1920\u2019lerin sonunda netlik kazanm\u0131\u015ft\u0131. Ancak bug\u00fcne kadar olup bitenlere hi\u00e7 kimsenin sa\u011fduyuya s\u0131\u011fan bir a\u00e7\u0131klama getirememesi, s\u0131radan faniler \u015f\u00f6yle dursun, \u00e7o\u011fu fizik\u00e7ide b\u00fcy\u00fck bir huzursuzluk yaratmakta. Ama kimi fizik\u00e7ilerse ba\u015fka yollardan teselli arad\u0131lar. \u00dcnl\u00fc bilim yazar\u0131 ve fizik\u00e7i Gribbin bu kitab\u0131nda belli ba\u015fl\u0131 alt\u0131 kuantum tesellisini masaya yat\u0131rarak, kuantum fizi\u011finde neyi anlay\u0131p neyi anlamad\u0131\u011f\u0131m\u0131z\u0131 ayr\u0131nt\u0131lar\u0131yla g\u00f6zler \u00f6n\u00fcne seriyor. \u201cKuantumla ilgili her \u015fey i\u00e7in eri\u015filebilir bir ba\u015flang\u0131\u00e7 kitab\u0131.\u201d\u2013 Sunday Times \u201cGribbin bize b\u00f6ylesine geni\u015f bir alan i\u00e7in ola\u011fan\u00fcst\u00fc bir kesinlik ve netlik \u015f\u00f6leni sunarak, \u00e7ok karma\u015f\u0131k fikirleri ula\u015f\u0131labilir bir \u015fekilde \u00f6zetlemeyi ba\u015far\u0131yor. \u0130ngiliz pop\u00fcler biliminin bu b\u00fcy\u00fck ustas\u0131n\u0131n \u015fimdiye kadar \u00fcretti\u011fi en iyi eser olabilir.\u201d\u2014 Popular Science (UK)<\/p>\n","protected":false},"excerpt":{"rendered":"<p>Kuantum fizi\u011fi tuhaft\u0131r, \u00e7\u00fcnk\u00fc d\u00fcnyan\u0131n atomlar ve atomalt\u0131 par\u00e7ac\u0131klar d\u00fczeyindeki i\u015fleyi\u015fini d\u00fczenleyen kuantum d\u00fcnyas\u0131n\u0131n kurallar\u0131, a\u015fina oldu\u011fumuz ve \u201csa\u011fduyu\u201d ad\u0131n\u0131 verdi\u011fimiz kavram\u0131n kurallar\u0131yla ayn\u0131 de\u011fildir. Kuantum<span class=\"excerpt-hellip\"> [\u2026]<\/span><\/p>\n","protected":false},"featured_media":0,"template":"","meta":{"_monsterinsights_skip_tracking":false,"_monsterinsights_sitenote_active":false,"_monsterinsights_sitenote_note":"","_monsterinsights_sitenote_category":0},"product_brand":[],"product_cat":[13005,18664],"product_tag":[],"class_list":{"0":"post-741399","1":"product","2":"type-product","3":"status-publish","5":"product_cat-bilim-muhendislik","6":"product_cat-muhendislik","7":"pa_cilt-ciltsiz","8":"pa_tur-kitap","9":"pa_yayinevi-alfa-yayinlari","10":"pa_yazar-john-gribbin","12":"first","13":"instock","14":"sale","15":"shipping-taxable","16":"purchasable","17":"product-type-simple"},"_links":{"self":[{"href":"https:\/\/roveyayinevi.com.tr\/index.php\/wp-json\/wp\/v2\/product\/741399","targetHints":{"allow":["GET"]}}],"collection":[{"href":"https:\/\/roveyayinevi.com.tr\/index.php\/wp-json\/wp\/v2\/product"}],"about":[{"href":"https:\/\/roveyayinevi.com.tr\/index.php\/wp-json\/wp\/v2\/types\/product"}],"wp:attachment":[{"href":"https:\/\/roveyayinevi.com.tr\/index.php\/wp-json\/wp\/v2\/media?parent=741399"}],"wp:term":[{"taxonomy":"product_brand","embeddable":true,"href":"https:\/\/roveyayinevi.com.tr\/index.php\/wp-json\/wp\/v2\/product_brand?post=741399"},{"taxonomy":"product_cat","embeddable":true,"href":"https:\/\/roveyayinevi.com.tr\/index.php\/wp-json\/wp\/v2\/product_cat?post=741399"},{"taxonomy":"product_tag","embeddable":true,"href":"https:\/\/roveyayinevi.com.tr\/index.php\/wp-json\/wp\/v2\/product_tag?post=741399"}],"curies":[{"name":"wp","href":"https:\/\/api.w.org\/{rel}","templated":true}]}}