{"id":741395,"date":"2025-08-28T00:48:47","date_gmt":"2025-08-27T21:48:47","guid":{"rendered":"https:\/\/roveyayinevi.com.tr\/index.php\/urun\/meraklisina-evrim\/"},"modified":"2026-04-16T02:52:39","modified_gmt":"2026-04-15T23:52:39","slug":"meraklisina-evrim","status":"publish","type":"product","link":"https:\/\/roveyayinevi.com.tr\/index.php\/urun\/meraklisina-evrim\/","title":{"rendered":"Merakl\u0131s\u0131na Evrim"},"content":{"rendered":"<p>Darwin \u00f6ncesinden, en son ara\u015ft\u0131rma ve tart\u0131\u015fmalara kadar\u2026Merakl\u0131s\u0131na Evrim, evrim teorisinin tarihine, geli\u015fimine ve bilimsel altyap\u0131s\u0131na ili\u015fkin ilgi \u00e7ekici bir ilk ad\u0131m. Darwin \u00f6ncesi d\u00f6nemden ba\u015flay\u0131p en yeni ara\u015ft\u0131rma ve tart\u0131\u015fmalarla sona eren bu eser, okurlar\u0131 evrim fikrinin temelleri, zaman i\u00e7inde geli\u015fip uyarlanma bi\u00e7imleri ve b\u00fct\u00fcn bunlar\u0131n alt\u0131nda yatan bilimle tan\u0131\u015ft\u0131r\u0131yor.Evrimle ilgili erken teoriler, Darwin\u2019in T\u00fcrlerin K\u00f6keni\u2019nin yaratt\u0131\u011f\u0131 etki, genetik biliminin ortaya \u00e7\u0131k\u0131\u015f\u0131, molek\u00fcler evrim ve DNA\u2019n\u0131n ke\u015ffedilmesi, ya\u015fam\u0131n yay\u0131lmas\u0131 ve hastal\u0131klar\u0131n diren\u00e7 kazanmas\u0131 gibi konular ele al\u0131n\u0131rken, evrimin g\u00fcncel tart\u0131\u015fmalardaki rol\u00fc inceleniyor ve bu alanda gelecekte ya\u015fanmas\u0131 muhtemel geli\u015fmelere de\u011finiliyor.Bu kitap, evrim teorisinin geni\u015f kapsaml\u0131 inceleme alan\u0131n\u0131 anlamay\u0131 ama\u00e7layan herkes i\u00e7in paha bi\u00e7ilmez bir metin.<\/p>\n","protected":false},"excerpt":{"rendered":"<p>Darwin \u00f6ncesinden, en son ara\u015ft\u0131rma ve tart\u0131\u015fmalara kadar\u2026Merakl\u0131s\u0131na Evrim, evrim teorisinin tarihine, geli\u015fimine ve bilimsel altyap\u0131s\u0131na ili\u015fkin ilgi \u00e7ekici bir ilk ad\u0131m. Darwin \u00f6ncesi d\u00f6nemden ba\u015flay\u0131p<span class=\"excerpt-hellip\"> [\u2026]<\/span><\/p>\n","protected":false},"featured_media":0,"template":"","meta":{"_monsterinsights_skip_tracking":false,"_monsterinsights_sitenote_active":false,"_monsterinsights_sitenote_note":"","_monsterinsights_sitenote_category":0},"product_brand":[],"product_cat":[13005,13006],"product_tag":[],"class_list":{"0":"post-741395","1":"product","2":"type-product","3":"status-publish","5":"product_cat-bilim-muhendislik","6":"product_cat-populer-bilim","7":"pa_cilt-ciltsiz","8":"pa_tur-kitap","9":"pa_yayinevi-nova-kitap","10":"pa_yazar-sherrie-lyons","12":"first","13":"instock","14":"sale","15":"shipping-taxable","16":"purchasable","17":"product-type-simple"},"_links":{"self":[{"href":"https:\/\/roveyayinevi.com.tr\/index.php\/wp-json\/wp\/v2\/product\/741395","targetHints":{"allow":["GET"]}}],"collection":[{"href":"https:\/\/roveyayinevi.com.tr\/index.php\/wp-json\/wp\/v2\/product"}],"about":[{"href":"https:\/\/roveyayinevi.com.tr\/index.php\/wp-json\/wp\/v2\/types\/product"}],"wp:attachment":[{"href":"https:\/\/roveyayinevi.com.tr\/index.php\/wp-json\/wp\/v2\/media?parent=741395"}],"wp:term":[{"taxonomy":"product_brand","embeddable":true,"href":"https:\/\/roveyayinevi.com.tr\/index.php\/wp-json\/wp\/v2\/product_brand?post=741395"},{"taxonomy":"product_cat","embeddable":true,"href":"https:\/\/roveyayinevi.com.tr\/index.php\/wp-json\/wp\/v2\/product_cat?post=741395"},{"taxonomy":"product_tag","embeddable":true,"href":"https:\/\/roveyayinevi.com.tr\/index.php\/wp-json\/wp\/v2\/product_tag?post=741395"}],"curies":[{"name":"wp","href":"https:\/\/api.w.org\/{rel}","templated":true}]}}