{"id":741394,"date":"2025-08-28T00:48:46","date_gmt":"2025-08-27T21:48:46","guid":{"rendered":"https:\/\/roveyayinevi.com.tr\/index.php\/urun\/meraklisina-psikoloji\/"},"modified":"2026-04-16T02:52:39","modified_gmt":"2026-04-15T23:52:39","slug":"meraklisina-psikoloji","status":"publish","type":"product","link":"https:\/\/roveyayinevi.com.tr\/index.php\/urun\/meraklisina-psikoloji\/","title":{"rendered":"Merakl\u0131s\u0131na Psikoloji"},"content":{"rendered":"<p>Davran\u0131\u015flar\u0131n g\u00fcndelik a\u00e7\u0131klamalar\u0131 psikolojik bir mercek alt\u0131nda\u2026Merakl\u0131s\u0131na Psikoloji, zihnin ve davran\u0131\u015f\u0131n hayranl\u0131k uyand\u0131r\u0131c\u0131 bilimi olan psikolojinin temel ilkeleri hakk\u0131nda ilgi \u00e7ekici bir ilk ad\u0131m.G\u00fcnl\u00fck hayatta, \u00f6zellikle kafa kar\u0131\u015ft\u0131r\u0131c\u0131 davran\u0131\u015flarla kar\u015f\u0131la\u015ft\u0131\u011f\u0131m\u0131zda veya bu tip davran\u0131\u015flar\u0131 duydu\u011fumuzda, insanlar\u0131n ni\u00e7in b\u00f6yle davrand\u0131klar\u0131n\u0131 sorgular\u0131z. Davran\u0131\u015flar\u0131n g\u00fcndelik a\u00e7\u0131klamalar\u0131n\u0131 psikolojik bir mercek alt\u0131na alan bu eser, davran\u0131\u015f\u0131n temel psikolojik ilkelerle nas\u0131l a\u00e7\u0131klanabilece\u011fini g\u00f6stererek bili\u015fsel, geli\u015fimsel ve sosyal psikolojinin temel alanlar\u0131n\u0131n yan\u0131 s\u0131ra davran\u0131\u015f\u00e7\u0131l\u0131\u011f\u0131, insan beynini, duygular\u0131m\u0131z\u0131, ki\u015fili\u011fimizi, bireysel farkl\u0131l\u0131klar\u0131m\u0131z\u0131 ele al\u0131yor ve ayn\u0131 zamanda psikolojik bozukluklara de\u011finiyor.Bu kitap, insan zihni ve davran\u0131\u015f\u0131na ilgi duyan herkes i\u00e7in anla\u015f\u0131lmas\u0131 kolay, kusursuz bir kaynak.<\/p>\n","protected":false},"excerpt":{"rendered":"<p>Davran\u0131\u015flar\u0131n g\u00fcndelik a\u00e7\u0131klamalar\u0131 psikolojik bir mercek alt\u0131nda\u2026Merakl\u0131s\u0131na Psikoloji, zihnin ve davran\u0131\u015f\u0131n hayranl\u0131k uyand\u0131r\u0131c\u0131 bilimi olan psikolojinin temel ilkeleri hakk\u0131nda ilgi \u00e7ekici bir ilk ad\u0131m.G\u00fcnl\u00fck hayatta, \u00f6zellikle<span class=\"excerpt-hellip\"> [\u2026]<\/span><\/p>\n","protected":false},"featured_media":0,"template":"","meta":{"_monsterinsights_skip_tracking":false,"_monsterinsights_sitenote_active":false,"_monsterinsights_sitenote_note":"","_monsterinsights_sitenote_category":0},"product_brand":[],"product_cat":[12358,12357],"product_tag":[],"class_list":{"0":"post-741394","1":"product","2":"type-product","3":"status-publish","5":"product_cat-genel-psikoloji","6":"product_cat-psikoloji","7":"pa_cilt-ciltsiz","8":"pa_tur-kitap","9":"pa_yayinevi-nova-kitap","10":"pa_yazar-rolf-reber","12":"first","13":"instock","14":"sale","15":"shipping-taxable","16":"purchasable","17":"product-type-simple"},"_links":{"self":[{"href":"https:\/\/roveyayinevi.com.tr\/index.php\/wp-json\/wp\/v2\/product\/741394","targetHints":{"allow":["GET"]}}],"collection":[{"href":"https:\/\/roveyayinevi.com.tr\/index.php\/wp-json\/wp\/v2\/product"}],"about":[{"href":"https:\/\/roveyayinevi.com.tr\/index.php\/wp-json\/wp\/v2\/types\/product"}],"wp:attachment":[{"href":"https:\/\/roveyayinevi.com.tr\/index.php\/wp-json\/wp\/v2\/media?parent=741394"}],"wp:term":[{"taxonomy":"product_brand","embeddable":true,"href":"https:\/\/roveyayinevi.com.tr\/index.php\/wp-json\/wp\/v2\/product_brand?post=741394"},{"taxonomy":"product_cat","embeddable":true,"href":"https:\/\/roveyayinevi.com.tr\/index.php\/wp-json\/wp\/v2\/product_cat?post=741394"},{"taxonomy":"product_tag","embeddable":true,"href":"https:\/\/roveyayinevi.com.tr\/index.php\/wp-json\/wp\/v2\/product_tag?post=741394"}],"curies":[{"name":"wp","href":"https:\/\/api.w.org\/{rel}","templated":true}]}}